{"id":12207,"date":"2021-04-26T01:00:00","date_gmt":"2021-04-26T05:00:00","guid":{"rendered":"https:\/\/www.goelette.ca\/produit\/arsene-lupin-laiguille-creuse-995\/"},"modified":"2023-03-23T14:19:12","modified_gmt":"2023-03-23T18:19:12","slug":"arsene-lupin-laiguille-creuse-995","status":"publish","type":"product","link":"https:\/\/goelette.ca\/en\/tous-les-livres\/arsene-lupin-laiguille-creuse-995\/","title":{"rendered":"Ars\u00e8ne Lupin &#8211; L&#8217;aiguille creuse"},"content":{"rendered":"<p>Sorties de leur sommeil par d\u2019\u00e9tranges bruits, Raymonde de<br \/>\nSaint-V\u00e9ran et sa cousine d\u00e9couvrent \u00e0 leur grande horreur le<br \/>\ncomte de Gesvre, sans connaissance. De sang-froid, Raymonde<br \/>\ns\u2019empare d\u2019un fusil et tire la silhouette au loin, qui s\u2019effondre<br \/>\nsous le coup. Pourtant, l\u2019individu reste introuvable et rien ne<br \/>\nsemble avoir \u00e9t\u00e9 vol\u00e9. L\u2019\u00e9v\u00e9nement a tout pour \u00e9veiller la<br \/>\ncuriosit\u00e9 d\u2019Isidore Beautrelet, lyc\u00e9en prodige, qui se promet<br \/>\nde d\u00e9lier l\u2019\u00e9nigme \u00e0 tout prix.<br \/>\nDans ce roman d\u2019enqu\u00eate m\u00ealant intrigues palpitantes et<br \/>\nmyst\u00e8res des rois de France, suivez les pas d\u2019Ars\u00e8ne Lupin,<br \/>\nma\u00eetre des d\u00e9guisements.<br \/>\nLE H\u00c9ROS AYANT INSPIR\u00c9 LA RETENTISSANTE<br \/>\nS\u00c9RIE NETFLIX DIFFUS\u00c9E EN 2021<br \/>\nMaurice Leblanc, n\u00e9 en 1864 et mort en 1941, est un romancier<br \/>\nfran\u00e7ais qui a fait sa renomm\u00e9e avec les aventures d\u2019Ars\u00e8ne<br \/>\nLupin. Regroupant plus de 17 romans et 39 nouvelles, cette<br \/>\noeuvre s\u2019est taill\u00e9 une place dans les classiques litt\u00e9raires au<br \/>\nfil du temps.<\/p>\n","protected":false},"excerpt":{"rendered":"<p>Sorties de leur sommeil par d\u2019\u00e9tranges bruits, Raymonde de Saint-V\u00e9ran et sa cousine d\u00e9couvrent \u00e0 leur grande horreur le comte de Gesvre, sans connaissance. De sang-froid, Raymonde s\u2019empare d\u2019un fusil et tire la silhouette au loin, qui s\u2019effondre sous le coup. Pourtant, l\u2019individu reste introuvable et rien ne semble avoir \u00e9t\u00e9 vol\u00e9. L\u2019\u00e9v\u00e9nement a tout [&hellip;]<\/p>\n","protected":false},"featured_media":12205,"template":"","meta":{"wds_primary_product_brand":0,"wds_primary_product_cat":0,"wds_primary_maison_dedition":0},"product_brand":[],"product_cat":[542],"product_tag":[],"maison_dedition":[628,541],"class_list":{"0":"post-12207","1":"product","2":"type-product","3":"status-publish","4":"has-post-thumbnail","6":"product_cat-roman","7":"pa_auteur-maurice-leblanc","8":"maison_dedition-arsene-lupin","9":"maison_dedition-les-editions-coup-doeil","11":"first","12":"instock","13":"taxable","14":"shipping-taxable","15":"purchasable","16":"product-type-variable"},"bundled_by":[],"bundle_stock_status":"instock","bundle_stock_quantity":null,"bundle_virtual":false,"bundle_layout":"","bundle_add_to_cart_form_location":"","bundle_editable_in_cart":false,"bundle_sold_individually_context":"","bundle_item_grouping":"","bundle_min_size":"","bundle_max_size":"","bundle_price":[],"bundled_items":[],"bundle_sell_ids":[],"acf":[],"_links":{"self":[{"href":"https:\/\/goelette.ca\/en\/wp-json\/wp\/v2\/product\/12207","targetHints":{"allow":["GET"]}}],"collection":[{"href":"https:\/\/goelette.ca\/en\/wp-json\/wp\/v2\/product"}],"about":[{"href":"https:\/\/goelette.ca\/en\/wp-json\/wp\/v2\/types\/product"}],"wp:featuredmedia":[{"embeddable":true,"href":"https:\/\/goelette.ca\/en\/wp-json\/wp\/v2\/media\/12205"}],"wp:attachment":[{"href":"https:\/\/goelette.ca\/en\/wp-json\/wp\/v2\/media?parent=12207"}],"wp:term":[{"taxonomy":"product_brand","embeddable":true,"href":"https:\/\/goelette.ca\/en\/wp-json\/wp\/v2\/product_brand?post=12207"},{"taxonomy":"product_cat","embeddable":true,"href":"https:\/\/goelette.ca\/en\/wp-json\/wp\/v2\/product_cat?post=12207"},{"taxonomy":"product_tag","embeddable":true,"href":"https:\/\/goelette.ca\/en\/wp-json\/wp\/v2\/product_tag?post=12207"},{"taxonomy":"maison_dedition","embeddable":true,"href":"https:\/\/goelette.ca\/en\/wp-json\/wp\/v2\/maison_dedition?post=12207"}],"curies":[{"name":"wp","href":"https:\/\/api.w.org\/{rel}","templated":true}]}}