{"id":12154,"date":"2021-08-13T01:00:00","date_gmt":"2021-10-04T19:06:05","guid":{"rendered":"https:\/\/www.goelette.ca\/produit\/mes-super-autocollants-a-faire-peur-2\/"},"modified":"2023-11-01T08:10:26","modified_gmt":"2023-11-01T12:10:26","slug":"mes-super-autocollants-a-faire-peur-2","status":"publish","type":"product","link":"https:\/\/goelette.ca\/en\/tous-les-livres\/mes-super-autocollants-a-faire-peur-2\/","title":{"rendered":"Mes super autocollants \u00e0 faire peur"},"content":{"rendered":"<p>Joue avec plus de 500 autocollants \u00e9tonnants pour compl\u00e9ter les activit\u00e9s \u00e0 donner des frissons!<\/p>\n","protected":false},"excerpt":{"rendered":"<p>Joue avec plus de 500 autocollants \u00e9tonnants pour compl\u00e9ter les activit\u00e9s \u00e0 donner des frissons!<\/p>\n","protected":false},"featured_media":12152,"template":"","meta":{"wds_primary_product_brand":0,"wds_primary_product_cat":0,"wds_primary_maison_dedition":0},"product_brand":[],"product_cat":[551,552,625,538],"product_tag":[],"maison_dedition":[541],"class_list":{"0":"post-12154","1":"product","2":"type-product","3":"status-publish","4":"has-post-thumbnail","6":"product_cat-activites","7":"product_cat-autocollants","8":"product_cat-halloween","9":"product_cat-jeunesse","10":"pa_auteur-collectif","11":"maison_dedition-les-editions-coup-doeil","13":"first","14":"instock","15":"taxable","16":"shipping-taxable","17":"purchasable","18":"product-type-variable"},"bundled_by":[],"bundle_stock_status":"instock","bundle_stock_quantity":null,"bundle_virtual":false,"bundle_layout":"","bundle_add_to_cart_form_location":"","bundle_editable_in_cart":false,"bundle_sold_individually_context":"","bundle_item_grouping":"","bundle_min_size":"","bundle_max_size":"","bundle_price":[],"bundled_items":[],"bundle_sell_ids":[],"acf":[],"_links":{"self":[{"href":"https:\/\/goelette.ca\/en\/wp-json\/wp\/v2\/product\/12154","targetHints":{"allow":["GET"]}}],"collection":[{"href":"https:\/\/goelette.ca\/en\/wp-json\/wp\/v2\/product"}],"about":[{"href":"https:\/\/goelette.ca\/en\/wp-json\/wp\/v2\/types\/product"}],"wp:featuredmedia":[{"embeddable":true,"href":"https:\/\/goelette.ca\/en\/wp-json\/wp\/v2\/media\/12152"}],"wp:attachment":[{"href":"https:\/\/goelette.ca\/en\/wp-json\/wp\/v2\/media?parent=12154"}],"wp:term":[{"taxonomy":"product_brand","embeddable":true,"href":"https:\/\/goelette.ca\/en\/wp-json\/wp\/v2\/product_brand?post=12154"},{"taxonomy":"product_cat","embeddable":true,"href":"https:\/\/goelette.ca\/en\/wp-json\/wp\/v2\/product_cat?post=12154"},{"taxonomy":"product_tag","embeddable":true,"href":"https:\/\/goelette.ca\/en\/wp-json\/wp\/v2\/product_tag?post=12154"},{"taxonomy":"maison_dedition","embeddable":true,"href":"https:\/\/goelette.ca\/en\/wp-json\/wp\/v2\/maison_dedition?post=12154"}],"curies":[{"name":"wp","href":"https:\/\/api.w.org\/{rel}","templated":true}]}}