{"id":12148,"date":"2021-07-16T01:00:00","date_gmt":"2021-07-15T23:00:00","guid":{"rendered":"https:\/\/www.goelette.ca\/produit\/lenfant-cigarier\/"},"modified":"2021-12-03T18:07:34","modified_gmt":"2021-12-03T17:07:34","slug":"lenfant-cigarier","status":"publish","type":"product","link":"https:\/\/goelette.ca\/en\/tous-les-livres\/lenfant-cigarier\/","title":{"rendered":"L&#8217;enfant cigarier"},"content":{"rendered":"<p>Sherbrooke, 1888. Jos, onze ans, fabrique des cigares \u00e0<br \/>la Queen Cigar Factory jusqu\u2019au jour o\u00f9 son p\u00e8re et lui prennent le train en direction de Montr\u00e9al. Ils comptent bien y poursuivre leur carri\u00e8re. Cependant, dans la grande ville, une Commission enqu\u00eate sur l\u2019exploitation ouvri\u00e8re des enfants. Fier de son m\u00e9tier, Jos devra alors user d\u2019ing\u00e9niosit\u00e9 pour continuer \u00e0 travailler.<br \/>Sautant dans un train pour New York, Jos se lancera dans une longue<br \/>aventure qui le m\u00e8nera \u00e0 l\u2019Exposition universelle de Chicago, puis<br \/>\u00e0 Tampa, en Floride. Sur sa route, il croisera plusieurs personnalit\u00e9s<br \/>importantes qui luttent pour les droits des travailleurs. Jos pourra-t-il<br \/>esp\u00e9rer obtenir de meilleures conditions pour les ouvriers d\u2019usine s\u2019il se<br \/>rallie \u00e0 leur cause ? Ensemble, parviendront-ils \u00e0 changer le monde ?<br \/>Dans cette plong\u00e9e au coeur de l\u2019Am\u00e9rique de la fin du XIXe si\u00e8cle,<\/p>\n<p>Marie-Paule Villeneuve d\u00e9peint avec humanit\u00e9 la mis\u00e8re, le travail acharn\u00e9 des ouvriers et les premiers balbutiements des unions syndicales, le tout \u00e0 travers les yeux d\u2019un enfant qui apprend \u00e0 rouler des cigares pour survivre.<br \/>N\u00e9e au Lac-Saint-Jean, Marie-Paule Villeneuve a fait des \u00e9tudes \u00e0<br \/>l\u2019Universit\u00e9 de Sherbrooke en histoire et en philosophie. Elle a \u00e9t\u00e9<br \/>journaliste et critique litt\u00e9raire pour plusieurs journaux, dont Le Droit,<br \/>La Presse et Le Devoir. L\u2019\u00e9crivaine est \u00e9galement pr\u00e9sidente de l\u2019agence<br \/>litt\u00e9raire Alin\u00e9a, fond\u00e9e en 2012. Publi\u00e9 en 1999, L\u2019enfant cigarier est son premier roman. Gr\u00e2ce \u00e0 lui, elle a remport\u00e9 le prix Abitibi-Consolidated du Salon du livre du Saguenay\u2013Lac\u2011Saint\u2011Jean.<\/p>\n","protected":false},"excerpt":{"rendered":"<p>Sherbrooke, 1888. Jos, onze ans, fabrique des cigares \u00e0la Queen Cigar Factory jusqu\u2019au jour o\u00f9 son p\u00e8re et lui prennent le train en direction de Montr\u00e9al. Ils comptent bien y poursuivre leur carri\u00e8re. Cependant, dans la grande ville, une Commission enqu\u00eate sur l\u2019exploitation ouvri\u00e8re des enfants. Fier de son m\u00e9tier, Jos devra alors user d\u2019ing\u00e9niosit\u00e9 [&hellip;]<\/p>\n","protected":false},"featured_media":12146,"template":"","meta":{"wds_primary_product_brand":0,"wds_primary_product_cat":0,"wds_primary_maison_dedition":0},"product_brand":[],"product_cat":[543,542],"product_tag":[],"maison_dedition":[541],"class_list":{"0":"post-12148","1":"product","2":"type-product","3":"status-publish","4":"has-post-thumbnail","6":"product_cat-historique","7":"product_cat-roman","8":"pa_auteur-marie-paule-villeneuve","9":"maison_dedition-les-editions-coup-doeil","11":"first","12":"instock","13":"taxable","14":"shipping-taxable","15":"product-type-variable"},"bundled_by":[],"bundle_stock_status":"instock","bundle_stock_quantity":null,"bundle_virtual":false,"bundle_layout":"","bundle_add_to_cart_form_location":"","bundle_editable_in_cart":false,"bundle_sold_individually_context":"","bundle_item_grouping":"","bundle_min_size":"","bundle_max_size":"","bundle_price":[],"bundled_items":[],"bundle_sell_ids":[],"acf":[],"_links":{"self":[{"href":"https:\/\/goelette.ca\/en\/wp-json\/wp\/v2\/product\/12148","targetHints":{"allow":["GET"]}}],"collection":[{"href":"https:\/\/goelette.ca\/en\/wp-json\/wp\/v2\/product"}],"about":[{"href":"https:\/\/goelette.ca\/en\/wp-json\/wp\/v2\/types\/product"}],"wp:featuredmedia":[{"embeddable":true,"href":"https:\/\/goelette.ca\/en\/wp-json\/wp\/v2\/media\/12146"}],"wp:attachment":[{"href":"https:\/\/goelette.ca\/en\/wp-json\/wp\/v2\/media?parent=12148"}],"wp:term":[{"taxonomy":"product_brand","embeddable":true,"href":"https:\/\/goelette.ca\/en\/wp-json\/wp\/v2\/product_brand?post=12148"},{"taxonomy":"product_cat","embeddable":true,"href":"https:\/\/goelette.ca\/en\/wp-json\/wp\/v2\/product_cat?post=12148"},{"taxonomy":"product_tag","embeddable":true,"href":"https:\/\/goelette.ca\/en\/wp-json\/wp\/v2\/product_tag?post=12148"},{"taxonomy":"maison_dedition","embeddable":true,"href":"https:\/\/goelette.ca\/en\/wp-json\/wp\/v2\/maison_dedition?post=12148"}],"curies":[{"name":"wp","href":"https:\/\/api.w.org\/{rel}","templated":true}]}}