{"id":12127,"date":"2020-11-17T01:00:00","date_gmt":"2020-11-17T06:00:00","guid":{"rendered":"https:\/\/www.goelette.ca\/produit\/imposteur-culinaire\/"},"modified":"2023-11-07T11:43:49","modified_gmt":"2023-11-07T16:43:49","slug":"imposteur-culinaire","status":"publish","type":"product","link":"https:\/\/goelette.ca\/en\/tous-les-livres\/imposteur-culinaire\/","title":{"rendered":"Imposteur culinaire &#8211; Tome 1"},"content":{"rendered":"<p>Chef autodidacte et entrepreneur, Matthieu Maurice lance officiellement son premier livre de recettes 100% keto aux \u00c9ditions Coup d\u2019oeil. L\u2019imposteur culinaire vous invite sans chou-fleur ni trompette \u00e0 entrer dans l\u2019univers unique et color\u00e9 de cet \u00e9picurien c\u00e9tog\u00e8ne qui s\u2019est lanc\u00e9 \u00e0 pieds joints dans la cr\u00e9ation d\u2019un livre de recettes pas comme les autres. Ses cr\u00e9ations all\u00e9chantes et tr\u00e8s faciles \u00e0 pr\u00e9parer donnent le go\u00fbt du keto.<\/p>\n","protected":false},"excerpt":{"rendered":"<p>Chef autodidacte et entrepreneur, Matthieu Maurice lance officiellement son premier livre de recettes 100% keto aux \u00c9ditions Coup d\u2019oeil. L\u2019imposteur culinaire vous invite sans chou-fleur ni trompette \u00e0 entrer dans l\u2019univers unique et color\u00e9 de cet \u00e9picurien c\u00e9tog\u00e8ne qui s\u2019est lanc\u00e9 \u00e0 pieds joints dans la cr\u00e9ation d\u2019un livre de recettes pas comme les autres. [&hellip;]<\/p>\n","protected":false},"featured_media":12125,"template":"","meta":{"wds_primary_product_brand":0,"wds_primary_product_cat":0,"wds_primary_maison_dedition":0},"product_brand":[],"product_cat":[550],"product_tag":[],"maison_dedition":[541],"class_list":{"0":"post-12127","1":"product","2":"type-product","3":"status-publish","4":"has-post-thumbnail","6":"product_cat-livres-de-cuisine","7":"pa_auteur-matthieu-maurice","8":"maison_dedition-les-editions-coup-doeil","10":"first","11":"instock","12":"taxable","13":"shipping-taxable","14":"purchasable","15":"product-type-variable"},"bundled_by":[],"bundle_stock_status":"instock","bundle_stock_quantity":null,"bundle_virtual":false,"bundle_layout":"","bundle_add_to_cart_form_location":"","bundle_editable_in_cart":false,"bundle_sold_individually_context":"","bundle_item_grouping":"","bundle_min_size":"","bundle_max_size":"","bundle_price":[],"bundled_items":[],"bundle_sell_ids":[],"acf":[],"_links":{"self":[{"href":"https:\/\/goelette.ca\/en\/wp-json\/wp\/v2\/product\/12127","targetHints":{"allow":["GET"]}}],"collection":[{"href":"https:\/\/goelette.ca\/en\/wp-json\/wp\/v2\/product"}],"about":[{"href":"https:\/\/goelette.ca\/en\/wp-json\/wp\/v2\/types\/product"}],"wp:featuredmedia":[{"embeddable":true,"href":"https:\/\/goelette.ca\/en\/wp-json\/wp\/v2\/media\/12125"}],"wp:attachment":[{"href":"https:\/\/goelette.ca\/en\/wp-json\/wp\/v2\/media?parent=12127"}],"wp:term":[{"taxonomy":"product_brand","embeddable":true,"href":"https:\/\/goelette.ca\/en\/wp-json\/wp\/v2\/product_brand?post=12127"},{"taxonomy":"product_cat","embeddable":true,"href":"https:\/\/goelette.ca\/en\/wp-json\/wp\/v2\/product_cat?post=12127"},{"taxonomy":"product_tag","embeddable":true,"href":"https:\/\/goelette.ca\/en\/wp-json\/wp\/v2\/product_tag?post=12127"},{"taxonomy":"maison_dedition","embeddable":true,"href":"https:\/\/goelette.ca\/en\/wp-json\/wp\/v2\/maison_dedition?post=12127"}],"curies":[{"name":"wp","href":"https:\/\/api.w.org\/{rel}","templated":true}]}}