{"id":12124,"date":"2021-03-01T01:00:00","date_gmt":"2021-10-04T19:05:38","guid":{"rendered":"https:\/\/www.goelette.ca\/produit\/duo-parfait-2e-annee\/"},"modified":"2021-12-03T18:07:32","modified_gmt":"2021-12-03T17:07:32","slug":"duo-parfait-2e-annee","status":"publish","type":"product","link":"https:\/\/goelette.ca\/en\/tous-les-livres\/duo-parfait-2e-annee\/","title":{"rendered":"Duo parfait 2e ann\u00e9e"},"content":{"rendered":"<p>Rempli d\u2019activit\u00e9s adapt\u00e9es pour la 2e ann\u00e9e<br \/>du primaire, ce cahier con\u00e7u par des<br \/>enseignants est conforme au Programme de<br \/>formation de l\u2019\u00e9cole qu\u00e9b\u00e9coise.<br \/>Avec ce cahier \u00e9ducatif, votre enfant aura<br \/>tout ce qu\u2019il faut pour maintenir ses acquis<br \/>de l\u2019\u00e9cole en fran\u00e7ais et en math\u00e9matiques<br \/>dans le confort de votre maison.<\/p>\n","protected":false},"excerpt":{"rendered":"<p>Rempli d\u2019activit\u00e9s adapt\u00e9es pour la 2e ann\u00e9edu primaire, ce cahier con\u00e7u par desenseignants est conforme au Programme deformation de l\u2019\u00e9cole qu\u00e9b\u00e9coise.Avec ce cahier \u00e9ducatif, votre enfant auratout ce qu\u2019il faut pour maintenir ses acquisde l\u2019\u00e9cole en fran\u00e7ais et en math\u00e9matiquesdans le confort de votre maison.<\/p>\n","protected":false},"featured_media":12122,"template":"","meta":{"wds_primary_product_brand":0,"wds_primary_product_cat":0,"wds_primary_maison_dedition":0},"product_brand":[],"product_cat":[555,538,597],"product_tag":[],"maison_dedition":[541],"class_list":{"0":"post-12124","1":"product","2":"type-product","3":"status-publish","4":"has-post-thumbnail","6":"product_cat-6-ans-et-plus","7":"product_cat-jeunesse","8":"product_cat-parascolaire","9":"pa_auteur-collectif","10":"maison_dedition-les-editions-coup-doeil","12":"first","13":"instock","14":"taxable","15":"shipping-taxable","16":"product-type-variable"},"bundled_by":[],"bundle_stock_status":"instock","bundle_stock_quantity":null,"bundle_virtual":false,"bundle_layout":"","bundle_add_to_cart_form_location":"","bundle_editable_in_cart":false,"bundle_sold_individually_context":"","bundle_item_grouping":"","bundle_min_size":"","bundle_max_size":"","bundle_price":[],"bundled_items":[],"bundle_sell_ids":[],"acf":[],"_links":{"self":[{"href":"https:\/\/goelette.ca\/en\/wp-json\/wp\/v2\/product\/12124","targetHints":{"allow":["GET"]}}],"collection":[{"href":"https:\/\/goelette.ca\/en\/wp-json\/wp\/v2\/product"}],"about":[{"href":"https:\/\/goelette.ca\/en\/wp-json\/wp\/v2\/types\/product"}],"wp:featuredmedia":[{"embeddable":true,"href":"https:\/\/goelette.ca\/en\/wp-json\/wp\/v2\/media\/12122"}],"wp:attachment":[{"href":"https:\/\/goelette.ca\/en\/wp-json\/wp\/v2\/media?parent=12124"}],"wp:term":[{"taxonomy":"product_brand","embeddable":true,"href":"https:\/\/goelette.ca\/en\/wp-json\/wp\/v2\/product_brand?post=12124"},{"taxonomy":"product_cat","embeddable":true,"href":"https:\/\/goelette.ca\/en\/wp-json\/wp\/v2\/product_cat?post=12124"},{"taxonomy":"product_tag","embeddable":true,"href":"https:\/\/goelette.ca\/en\/wp-json\/wp\/v2\/product_tag?post=12124"},{"taxonomy":"maison_dedition","embeddable":true,"href":"https:\/\/goelette.ca\/en\/wp-json\/wp\/v2\/maison_dedition?post=12124"}],"curies":[{"name":"wp","href":"https:\/\/api.w.org\/{rel}","templated":true}]}}