{"id":12118,"date":"2021-03-01T01:00:00","date_gmt":"2021-10-04T19:05:35","guid":{"rendered":"https:\/\/www.goelette.ca\/produit\/duo-parfait-maternelle\/"},"modified":"2021-12-03T18:07:32","modified_gmt":"2021-12-03T17:07:32","slug":"duo-parfait-maternelle","status":"publish","type":"product","link":"https:\/\/goelette.ca\/en\/tous-les-livres\/duo-parfait-maternelle\/","title":{"rendered":"Duo parfait Maternelle"},"content":{"rendered":"<p>Rempli d\u2019activit\u00e9s approuv\u00e9es par des<br \/>enseignants, ce cahier initiera votre enfant<br \/>aux notions de fran\u00e7ais et de math\u00e9matiques<br \/>propres \u00e0 la maternelle.<br \/>Avec ce cahier \u00e9ducatif, votre enfant aura<br \/>tout ce qu\u2019il faut pour maintenir ses acquis<br \/>de l\u2019\u00e9cole dans le confort de votre maison.<\/p>\n","protected":false},"excerpt":{"rendered":"<p>Rempli d\u2019activit\u00e9s approuv\u00e9es par desenseignants, ce cahier initiera votre enfantaux notions de fran\u00e7ais et de math\u00e9matiquespropres \u00e0 la maternelle.Avec ce cahier \u00e9ducatif, votre enfant auratout ce qu\u2019il faut pour maintenir ses acquisde l\u2019\u00e9cole dans le confort de votre maison.<\/p>\n","protected":false},"featured_media":12116,"template":"","meta":{"wds_primary_product_brand":0,"wds_primary_product_cat":0,"wds_primary_maison_dedition":0},"product_brand":[],"product_cat":[560,538,597],"product_tag":[],"maison_dedition":[541],"class_list":{"0":"post-12118","1":"product","2":"type-product","3":"status-publish","4":"has-post-thumbnail","6":"product_cat-3-5-ans","7":"product_cat-jeunesse","8":"product_cat-parascolaire","9":"pa_auteur-collectif","10":"maison_dedition-les-editions-coup-doeil","12":"first","13":"instock","14":"taxable","15":"shipping-taxable","16":"product-type-variable"},"bundled_by":[],"bundle_stock_status":"instock","bundle_stock_quantity":null,"bundle_virtual":false,"bundle_layout":"","bundle_add_to_cart_form_location":"","bundle_editable_in_cart":false,"bundle_sold_individually_context":"","bundle_item_grouping":"","bundle_min_size":"","bundle_max_size":"","bundle_price":[],"bundled_items":[],"bundle_sell_ids":[],"acf":[],"_links":{"self":[{"href":"https:\/\/goelette.ca\/en\/wp-json\/wp\/v2\/product\/12118","targetHints":{"allow":["GET"]}}],"collection":[{"href":"https:\/\/goelette.ca\/en\/wp-json\/wp\/v2\/product"}],"about":[{"href":"https:\/\/goelette.ca\/en\/wp-json\/wp\/v2\/types\/product"}],"wp:featuredmedia":[{"embeddable":true,"href":"https:\/\/goelette.ca\/en\/wp-json\/wp\/v2\/media\/12116"}],"wp:attachment":[{"href":"https:\/\/goelette.ca\/en\/wp-json\/wp\/v2\/media?parent=12118"}],"wp:term":[{"taxonomy":"product_brand","embeddable":true,"href":"https:\/\/goelette.ca\/en\/wp-json\/wp\/v2\/product_brand?post=12118"},{"taxonomy":"product_cat","embeddable":true,"href":"https:\/\/goelette.ca\/en\/wp-json\/wp\/v2\/product_cat?post=12118"},{"taxonomy":"product_tag","embeddable":true,"href":"https:\/\/goelette.ca\/en\/wp-json\/wp\/v2\/product_tag?post=12118"},{"taxonomy":"maison_dedition","embeddable":true,"href":"https:\/\/goelette.ca\/en\/wp-json\/wp\/v2\/maison_dedition?post=12118"}],"curies":[{"name":"wp","href":"https:\/\/api.w.org\/{rel}","templated":true}]}}