{"id":12106,"date":"2021-03-05T01:00:00","date_gmt":"2021-10-04T19:05:21","guid":{"rendered":"https:\/\/www.goelette.ca\/produit\/eternellement-givree\/"},"modified":"2023-02-03T14:14:36","modified_gmt":"2023-02-03T19:14:36","slug":"eternellement-givree","status":"publish","type":"product","link":"https:\/\/goelette.ca\/en\/tous-les-livres\/eternellement-givree\/","title":{"rendered":"\u00c9ternellement givr\u00e9e"},"content":{"rendered":"<p>Ah l\u2019amour ! C\u2019est toujours plus compliqu\u00e9 qu\u2019il n\u2019y para\u00eet.<br \/>\nParticuli\u00e8rement lorsque nous avons un petit c\u00f4t\u00e9 givr\u00e9\u2026<br \/>\nMaintenant de l\u2019autre c\u00f4t\u00e9 de l\u2019oc\u00e9an, notre h\u00e9ro\u00efne se cherche tout<br \/>\nautant. Toutefois, \u00e0 l\u2019aube de la trentaine, Isa se rend compte qu\u2019elle doit finir par savoir ce qu\u2019elle veut, et ce, autant professionnellement qu\u2019en amour.<br \/>\nForte du succ\u00e8s de son premier roman, elle tente de vivre de sa plume,<br \/>\nmais en attendant d\u2019y arriver, les petits boulots se succ\u00e8dent pour subsister.<br \/>\nCela lui laisse amplement le temps de se consacrer \u00e0 ses amours, dignes<br \/>\ndes plus grandes trag\u00e9dies. Il faut dire que la s\u00e9r\u00e9nit\u00e9 est loin d\u2019\u00eatre sa<br \/>\ntasse de th\u00e9. D\u2019ailleurs, est-elle vraiment \u00e0 sa port\u00e9e ? Si elle ne l\u2019\u00e9tait pas avec Samuel ni Maxim, la conna\u00eetra-t-elle avec Daniel ? Isa donne-t-elle une chance au bon ex ?<br \/>\nD\u2019un ton toujours aussi vif et dr\u00f4le, Audrey Parily boucle cette magnifique trilogie dans un tourbillon d\u2019\u00e9motions et de sc\u00e8nes loufoques, o\u00f9 la qu\u00eate d\u2019un bonheur durable est un travail \u00e0 temps plein.<\/p>\n","protected":false},"excerpt":{"rendered":"<p>Ah l\u2019amour ! C\u2019est toujours plus compliqu\u00e9 qu\u2019il n\u2019y para\u00eet. Particuli\u00e8rement lorsque nous avons un petit c\u00f4t\u00e9 givr\u00e9\u2026 Maintenant de l\u2019autre c\u00f4t\u00e9 de l\u2019oc\u00e9an, notre h\u00e9ro\u00efne se cherche tout autant. Toutefois, \u00e0 l\u2019aube de la trentaine, Isa se rend compte qu\u2019elle doit finir par savoir ce qu\u2019elle veut, et ce, autant professionnellement qu\u2019en amour. Forte [&hellip;]<\/p>\n","protected":false},"featured_media":12104,"template":"","meta":{"wds_primary_product_brand":0,"wds_primary_product_cat":0,"wds_primary_maison_dedition":0},"product_brand":[],"product_cat":[542,585],"product_tag":[],"maison_dedition":[541],"class_list":{"0":"post-12106","1":"product","2":"type-product","3":"status-publish","4":"has-post-thumbnail","6":"product_cat-roman","7":"product_cat-romance","8":"maison_dedition-les-editions-coup-doeil","10":"first","11":"instock","12":"taxable","13":"shipping-taxable","14":"purchasable","15":"product-type-variable"},"bundled_by":[],"bundle_stock_status":"instock","bundle_stock_quantity":null,"bundle_virtual":false,"bundle_layout":"","bundle_add_to_cart_form_location":"","bundle_editable_in_cart":false,"bundle_sold_individually_context":"","bundle_item_grouping":"","bundle_min_size":"","bundle_max_size":"","bundle_price":[],"bundled_items":[],"bundle_sell_ids":[],"acf":[],"_links":{"self":[{"href":"https:\/\/goelette.ca\/en\/wp-json\/wp\/v2\/product\/12106","targetHints":{"allow":["GET"]}}],"collection":[{"href":"https:\/\/goelette.ca\/en\/wp-json\/wp\/v2\/product"}],"about":[{"href":"https:\/\/goelette.ca\/en\/wp-json\/wp\/v2\/types\/product"}],"wp:featuredmedia":[{"embeddable":true,"href":"https:\/\/goelette.ca\/en\/wp-json\/wp\/v2\/media\/12104"}],"wp:attachment":[{"href":"https:\/\/goelette.ca\/en\/wp-json\/wp\/v2\/media?parent=12106"}],"wp:term":[{"taxonomy":"product_brand","embeddable":true,"href":"https:\/\/goelette.ca\/en\/wp-json\/wp\/v2\/product_brand?post=12106"},{"taxonomy":"product_cat","embeddable":true,"href":"https:\/\/goelette.ca\/en\/wp-json\/wp\/v2\/product_cat?post=12106"},{"taxonomy":"product_tag","embeddable":true,"href":"https:\/\/goelette.ca\/en\/wp-json\/wp\/v2\/product_tag?post=12106"},{"taxonomy":"maison_dedition","embeddable":true,"href":"https:\/\/goelette.ca\/en\/wp-json\/wp\/v2\/maison_dedition?post=12106"}],"curies":[{"name":"wp","href":"https:\/\/api.w.org\/{rel}","templated":true}]}}