{"id":12100,"date":"2021-02-23T01:00:00","date_gmt":"2021-10-04T19:05:17","guid":{"rendered":"https:\/\/www.goelette.ca\/produit\/passionnement-givree\/"},"modified":"2023-02-03T14:14:27","modified_gmt":"2023-02-03T19:14:27","slug":"passionnement-givree","status":"publish","type":"product","link":"https:\/\/goelette.ca\/en\/tous-les-livres\/passionnement-givree\/","title":{"rendered":"Passionn\u00e9ment givr\u00e9e"},"content":{"rendered":"<p>Ah l\u2019amour ! C\u2019est toujours plus compliqu\u00e9 qu\u2019il n\u2019y para\u00eet.<br \/>\nParticuli\u00e8rement lorsque nous avons un petit c\u00f4t\u00e9 givr\u00e9\u2026<br \/>\nPour Isa, jeune Fran\u00e7aise d\u00e9barqu\u00e9e au Qu\u00e9bec il y a un an, la situation<br \/>\nne fait pas exception. P\u00e9tillante, passionn\u00e9e et un brin maladroite, elle<br \/>\nveut tout de la vie, incluant un homme aupr\u00e8s d\u2019elle. Mais elle souhaite<br \/>\nplus qu\u2019une relation amicale avec b\u00e9n\u00e9fices\u2026<br \/>\nC\u2019est ainsi que se complique son histoire avec le beau Samuel, grand<br \/>\ns\u00e9ducteur, qui ne correspond peut-\u00eatre pas \u00e0 la d\u00e9finition du prince<br \/>\ncharmant. Les d\u00e9ceptions s\u2019accumulent, tout comme les vodkascanneberges et les discussions avec son colocataire. Cependant, Isabelle n\u2019a pas dit son dernier mot, et ne l\u2019a surtout pas r\u00e9dig\u00e9. Loin de sa control freak de maman, Isa se permet de se consacrer \u00e0 l\u2019\u00e9criture en r\u00eavant de vivre de sa plume. Mais est-ce suffisant pour \u00eatre heureuse ? Et si le bonheur amoureux convoit\u00e9 \u00e9tait juste sous ses yeux ?<br \/>\nAvec humour et l\u00e9g\u00e8ret\u00e9, Audrey Parily s\u2019attaque \u00e0 la fameuse question: comment trouver un amant qui n\u2019a pas peur de s\u2019engager ? Est-ce que les contes de f\u00e9es ne nous auraient pas tromp\u00e9s ?<\/p>\n","protected":false},"excerpt":{"rendered":"<p>Ah l\u2019amour ! C\u2019est toujours plus compliqu\u00e9 qu\u2019il n\u2019y para\u00eet. Particuli\u00e8rement lorsque nous avons un petit c\u00f4t\u00e9 givr\u00e9\u2026 Pour Isa, jeune Fran\u00e7aise d\u00e9barqu\u00e9e au Qu\u00e9bec il y a un an, la situation ne fait pas exception. P\u00e9tillante, passionn\u00e9e et un brin maladroite, elle veut tout de la vie, incluant un homme aupr\u00e8s d\u2019elle. Mais elle [&hellip;]<\/p>\n","protected":false},"featured_media":12098,"template":"","meta":{"wds_primary_product_brand":0,"wds_primary_product_cat":0,"wds_primary_maison_dedition":0},"product_brand":[],"product_cat":[542,585],"product_tag":[],"maison_dedition":[541],"class_list":{"0":"post-12100","1":"product","2":"type-product","3":"status-publish","4":"has-post-thumbnail","6":"product_cat-roman","7":"product_cat-romance","8":"maison_dedition-les-editions-coup-doeil","10":"first","11":"instock","12":"taxable","13":"shipping-taxable","14":"purchasable","15":"product-type-variable"},"bundled_by":[],"bundle_stock_status":"instock","bundle_stock_quantity":null,"bundle_virtual":false,"bundle_layout":"","bundle_add_to_cart_form_location":"","bundle_editable_in_cart":false,"bundle_sold_individually_context":"","bundle_item_grouping":"","bundle_min_size":"","bundle_max_size":"","bundle_price":[],"bundled_items":[],"bundle_sell_ids":[],"acf":[],"_links":{"self":[{"href":"https:\/\/goelette.ca\/en\/wp-json\/wp\/v2\/product\/12100","targetHints":{"allow":["GET"]}}],"collection":[{"href":"https:\/\/goelette.ca\/en\/wp-json\/wp\/v2\/product"}],"about":[{"href":"https:\/\/goelette.ca\/en\/wp-json\/wp\/v2\/types\/product"}],"wp:featuredmedia":[{"embeddable":true,"href":"https:\/\/goelette.ca\/en\/wp-json\/wp\/v2\/media\/12098"}],"wp:attachment":[{"href":"https:\/\/goelette.ca\/en\/wp-json\/wp\/v2\/media?parent=12100"}],"wp:term":[{"taxonomy":"product_brand","embeddable":true,"href":"https:\/\/goelette.ca\/en\/wp-json\/wp\/v2\/product_brand?post=12100"},{"taxonomy":"product_cat","embeddable":true,"href":"https:\/\/goelette.ca\/en\/wp-json\/wp\/v2\/product_cat?post=12100"},{"taxonomy":"product_tag","embeddable":true,"href":"https:\/\/goelette.ca\/en\/wp-json\/wp\/v2\/product_tag?post=12100"},{"taxonomy":"maison_dedition","embeddable":true,"href":"https:\/\/goelette.ca\/en\/wp-json\/wp\/v2\/maison_dedition?post=12100"}],"curies":[{"name":"wp","href":"https:\/\/api.w.org\/{rel}","templated":true}]}}