{"id":12097,"date":"2021-04-26T01:00:00","date_gmt":"2021-10-04T19:05:12","guid":{"rendered":"https:\/\/www.goelette.ca\/produit\/histoires-de-filles-au-chalet-995\/"},"modified":"2022-02-18T16:16:43","modified_gmt":"2022-02-18T21:16:43","slug":"histoires-de-filles-au-chalet-995","status":"publish","type":"product","link":"https:\/\/goelette.ca\/en\/tous-les-livres\/histoires-de-filles-au-chalet-995\/","title":{"rendered":"Histoires de filles au chalet 9,95$"},"content":{"rendered":"<p>C\u2019est \u00e7a qui compte \u2014 Nadia Lakhdari<\/p>\n<p>Trois couples, amis depuis toujours, louent chaque \u00e9t\u00e9 le m\u00eame chalet dans le<br \/>bois. Mais cette fois-ci, deux semaines avant le d\u00e9part, un des couples annonce sa s\u00e9paration. La terre tremble pour ce groupe tiss\u00e9 serr\u00e9, mais la tradition demeure. Rien de mieux que la nature pour faire le point ! Une histoire d\u2019amiti\u00e9 o\u00f9 la qu\u00eate de bonheur rev\u00eat diff\u00e9rentes formes, et o\u00f9 la douceur des vacances se porte comme un baume.<\/p>\n<p>Le shack \u2014 Catherine Girard-Audet<\/p>\n<p>Lorsque le vieux chalet familial est mis en vente, les Richer s\u2019y rassemblent pour une derni\u00e8re fois. Bien que Jasmine appr\u00e9hende cette rencontre avec ses fr\u00e8res et soeoeurs \u2014 Rosalie, la m\u00e8re Teresa de Terrebonne, Nicolas, l\u2019enfant prodigue, et Mathilde, le mouton noir \u2014, l\u2019occasion est id\u00e9ale pour faire la paix avec le pass\u00e9. Dans ce r\u00e9cit \u00e0 la fois dr\u00f4le et touchant, une r\u00e9flflexion sur la profondeur des liens<br \/>de sang et des marques qu\u2019ils laissent est dress\u00e9e.<\/p>\n<p>Le petit chaperon blanc \u2014 Jos\u00e9e Bournival<\/p>\n<p>Lors d\u2019un week-end en amoureux au chalet, B\u00e9atrice tr\u00e9pigne d\u2019impatience \u00e0 l\u2019id\u00e9e de se faire passer la bague au doigt par Samuel, avec qui elle a partag\u00e9 les dix derni\u00e8res ann\u00e9es. Mais comme dans les histoires pour enfants, la vie met parfois sur notre route de grands m\u00e9chants loups pour manger les pots de beurre et g\u00e2cher la balade en for\u00eat. Le mensonge, l\u2019ambition et l\u2019usure du quotidien sur la passion sont au coeoeur de cette histoire qui n\u2019a presque rien d\u2019un conte de f\u00e9es.<\/p>\n<p>Les auteures<\/p>\n<p>Avec leur plume l\u00e9g\u00e8re et teint\u00e9e d\u2019humour, Nadia Lakhdari, Catherine Girard-Audet et<br \/>Jos\u00e9e Bournival s\u2019unissent pour nous offrir chacune une sublime histoire de chalet. Dans<br \/>des d\u00e9cors bois\u00e9s, elles d\u00e9ploient une myriade d\u2019\u00e9motions o\u00f9 l\u2019amour, l\u2019amiti\u00e9 et la famille<br \/>tiennent les premiers r\u00f4les.<\/p>\n","protected":false},"excerpt":{"rendered":"<p>C\u2019est \u00e7a qui compte \u2014 Nadia Lakhdari Trois couples, amis depuis toujours, louent chaque \u00e9t\u00e9 le m\u00eame chalet dans lebois. Mais cette fois-ci, deux semaines avant le d\u00e9part, un des couples annonce sa s\u00e9paration. La terre tremble pour ce groupe tiss\u00e9 serr\u00e9, mais la tradition demeure. Rien de mieux que la nature pour faire le [&hellip;]<\/p>\n","protected":false},"featured_media":12095,"template":"","meta":{"wds_primary_product_brand":0,"wds_primary_product_cat":0,"wds_primary_maison_dedition":0},"product_brand":[],"product_cat":[548,564,542],"product_tag":[],"maison_dedition":[541],"class_list":{"0":"post-12097","1":"product","2":"type-product","3":"status-publish","4":"has-post-thumbnail","6":"product_cat-chick-lit","7":"product_cat-recueil-de-nouvelles","8":"product_cat-roman","9":"pa_auteur-catherine-girard-audet","10":"pa_auteur-josee-bournival","11":"pa_auteur-nadia-lakhdari","12":"maison_dedition-les-editions-coup-doeil","14":"first","15":"instock","16":"taxable","17":"shipping-taxable","18":"purchasable","19":"product-type-variable"},"bundled_by":[],"bundle_stock_status":"instock","bundle_stock_quantity":null,"bundle_virtual":false,"bundle_layout":"","bundle_add_to_cart_form_location":"","bundle_editable_in_cart":false,"bundle_sold_individually_context":"","bundle_item_grouping":"","bundle_min_size":"","bundle_max_size":"","bundle_price":[],"bundled_items":[],"bundle_sell_ids":[],"acf":[],"_links":{"self":[{"href":"https:\/\/goelette.ca\/en\/wp-json\/wp\/v2\/product\/12097","targetHints":{"allow":["GET"]}}],"collection":[{"href":"https:\/\/goelette.ca\/en\/wp-json\/wp\/v2\/product"}],"about":[{"href":"https:\/\/goelette.ca\/en\/wp-json\/wp\/v2\/types\/product"}],"wp:featuredmedia":[{"embeddable":true,"href":"https:\/\/goelette.ca\/en\/wp-json\/wp\/v2\/media\/12095"}],"wp:attachment":[{"href":"https:\/\/goelette.ca\/en\/wp-json\/wp\/v2\/media?parent=12097"}],"wp:term":[{"taxonomy":"product_brand","embeddable":true,"href":"https:\/\/goelette.ca\/en\/wp-json\/wp\/v2\/product_brand?post=12097"},{"taxonomy":"product_cat","embeddable":true,"href":"https:\/\/goelette.ca\/en\/wp-json\/wp\/v2\/product_cat?post=12097"},{"taxonomy":"product_tag","embeddable":true,"href":"https:\/\/goelette.ca\/en\/wp-json\/wp\/v2\/product_tag?post=12097"},{"taxonomy":"maison_dedition","embeddable":true,"href":"https:\/\/goelette.ca\/en\/wp-json\/wp\/v2\/maison_dedition?post=12097"}],"curies":[{"name":"wp","href":"https:\/\/api.w.org\/{rel}","templated":true}]}}