{"id":12091,"date":"2021-07-01T01:00:00","date_gmt":"2021-10-04T19:04:51","guid":{"rendered":"https:\/\/www.goelette.ca\/produit\/noyade\/"},"modified":"2024-08-09T10:40:00","modified_gmt":"2024-08-09T14:40:00","slug":"noyade","status":"publish","type":"product","link":"https:\/\/goelette.ca\/en\/tous-les-livres\/noyade\/","title":{"rendered":"Noyade"},"content":{"rendered":"<p>\u00c0 l\u2019aube des ann\u00e9es 2000, Marilou Forest, une adolescente que les<br \/>\n\u00e9preuves ont fait vieillir avant le temps, se voit oblig\u00e9e de suivre<br \/>\nsa m\u00e8re, r\u00e9cemment divorc\u00e9e, dans sa ville natale. Un retour<br \/>\naux sources qu\u2019elles esp\u00e8rent toutes les deux \u00eatre l\u2019occasion d\u2019un<br \/>\nnouveau d\u00e9part.<br \/>\nCependant, aussit\u00f4t engag\u00e9e au McDo\u2019s pour un emploi d\u2019\u00e9t\u00e9,<br \/>\nMarilou rencontre St\u00e9phanie \u00ab Toupette \u00bb Lavigne, dont<br \/>\nl\u2019exub\u00e9rance ne laisse pr\u00e9sager aucun r\u00e9pit. C\u2019est sans compter<br \/>\nSandra, Jonathan, Danny, J\u00e9r\u00f4me\u2026 La jeune fille devra d\u00e9cider si<br \/>\nelle fera entrer dans sa nouvelle vie cette bande de personnages<br \/>\nhauts en couleur, au risque de r\u00e9v\u00e9ler ses blessures et de d\u00e9couvrir<br \/>\ncelles des autres.<br \/>\nNoyade est une ode \u00e0 cette \u00e9tape charni\u00e8re qu\u2019est l\u2019adolescence,<br \/>\navec ses premiers amours et l\u2019intensit\u00e9 des \u00e9motions de cet \u00e2ge.<br \/>\nAndr\u00e9 Mathieu y d\u00e9peint avec justesse le quotidien parfois tragique<br \/>\net les aspirations sans bornes d\u2019une g\u00e9n\u00e9ration criante de vie.<\/p>\n","protected":false},"excerpt":{"rendered":"<p>\u00c0 l\u2019aube des ann\u00e9es 2000, Marilou Forest, une adolescente que les \u00e9preuves ont fait vieillir avant le temps, se voit oblig\u00e9e de suivre sa m\u00e8re, r\u00e9cemment divorc\u00e9e, dans sa ville natale. Un retour aux sources qu\u2019elles esp\u00e8rent toutes les deux \u00eatre l\u2019occasion d\u2019un nouveau d\u00e9part. Cependant, aussit\u00f4t engag\u00e9e au McDo\u2019s pour un emploi d\u2019\u00e9t\u00e9, Marilou [&hellip;]<\/p>\n","protected":false},"featured_media":12089,"template":"","meta":{"wds_primary_product_brand":0,"wds_primary_product_cat":0,"wds_primary_maison_dedition":0},"product_brand":[],"product_cat":[565,542],"product_tag":[],"maison_dedition":[541],"class_list":{"0":"post-12091","1":"product","2":"type-product","3":"status-publish","4":"has-post-thumbnail","6":"product_cat-drame","7":"product_cat-roman","8":"pa_auteur-andre-mathieu","9":"maison_dedition-les-editions-coup-doeil","11":"first","12":"instock","13":"taxable","14":"shipping-taxable","15":"purchasable","16":"product-type-variable"},"bundled_by":[],"bundle_stock_status":"instock","bundle_stock_quantity":null,"bundle_virtual":false,"bundle_layout":"","bundle_add_to_cart_form_location":"","bundle_editable_in_cart":false,"bundle_sold_individually_context":"","bundle_item_grouping":"","bundle_min_size":"","bundle_max_size":"","bundle_price":[],"bundled_items":[],"bundle_sell_ids":[],"acf":[],"_links":{"self":[{"href":"https:\/\/goelette.ca\/en\/wp-json\/wp\/v2\/product\/12091","targetHints":{"allow":["GET"]}}],"collection":[{"href":"https:\/\/goelette.ca\/en\/wp-json\/wp\/v2\/product"}],"about":[{"href":"https:\/\/goelette.ca\/en\/wp-json\/wp\/v2\/types\/product"}],"wp:featuredmedia":[{"embeddable":true,"href":"https:\/\/goelette.ca\/en\/wp-json\/wp\/v2\/media\/12089"}],"wp:attachment":[{"href":"https:\/\/goelette.ca\/en\/wp-json\/wp\/v2\/media?parent=12091"}],"wp:term":[{"taxonomy":"product_brand","embeddable":true,"href":"https:\/\/goelette.ca\/en\/wp-json\/wp\/v2\/product_brand?post=12091"},{"taxonomy":"product_cat","embeddable":true,"href":"https:\/\/goelette.ca\/en\/wp-json\/wp\/v2\/product_cat?post=12091"},{"taxonomy":"product_tag","embeddable":true,"href":"https:\/\/goelette.ca\/en\/wp-json\/wp\/v2\/product_tag?post=12091"},{"taxonomy":"maison_dedition","embeddable":true,"href":"https:\/\/goelette.ca\/en\/wp-json\/wp\/v2\/maison_dedition?post=12091"}],"curies":[{"name":"wp","href":"https:\/\/api.w.org\/{rel}","templated":true}]}}