{"id":12085,"date":"2021-03-01T01:00:00","date_gmt":"2021-10-04T19:04:44","guid":{"rendered":"https:\/\/www.goelette.ca\/produit\/comment-devenir-follement-riche-rapidement\/"},"modified":"2024-02-16T15:47:06","modified_gmt":"2024-02-16T20:47:06","slug":"comment-devenir-follement-riche-rapidement","status":"publish","type":"product","link":"https:\/\/goelette.ca\/en\/tous-les-livres\/comment-devenir-follement-riche-rapidement\/","title":{"rendered":"Comment devenir follement riche rapidement"},"content":{"rendered":"<p>Apprenez \u00e0 \u00eatre follement riche rapidement gr\u00e2ce \u00e0 ce best-seller international. D\u00e9couvrez le pouvoir de l\u2019attention dirig\u00e9e et de la visualisation positive afin d\u2019attirer \u00e0 vous tout l\u2019argent dont vous r\u00eavez.<br \/>\nL\u2019auteure partage les secrets sans \u00e2ge pour vous permettre d\u2019\u00e9veiller votre<br \/>\nconscience \u00e0 la prosp\u00e9rit\u00e9. En faisant le r\u00e9cit de sa propre exp\u00e9rience,<br \/>\nelle vous d\u00e9montre qu\u2019il est possible de devenir riche rapidement et vous<br \/>\nenseigne les \u00e9tapes pratiques pour y arriver \u00e0 travers les \u00ab actions follement riches \u00bb recommand\u00e9es.<\/p>\n<p>CHANGEZ VOTRE FA\u00c7ON DE PENSER \u00c0 LA RICHESSE ET AUGMENTEZ<br \/>\nLE FLOT D\u2019ARGENT QUI COULE DANS VOTRE VIE.<\/p>\n","protected":false},"excerpt":{"rendered":"<p>Apprenez \u00e0 \u00eatre follement riche rapidement gr\u00e2ce \u00e0 ce best-seller international. D\u00e9couvrez le pouvoir de l\u2019attention dirig\u00e9e et de la visualisation positive afin d\u2019attirer \u00e0 vous tout l\u2019argent dont vous r\u00eavez. L\u2019auteure partage les secrets sans \u00e2ge pour vous permettre d\u2019\u00e9veiller votre conscience \u00e0 la prosp\u00e9rit\u00e9. En faisant le r\u00e9cit de sa propre exp\u00e9rience, elle [&hellip;]<\/p>\n","protected":false},"featured_media":12083,"template":"","meta":{"wds_primary_product_brand":0,"wds_primary_product_cat":0,"wds_primary_maison_dedition":0},"product_brand":[],"product_cat":[592,557],"product_tag":[],"maison_dedition":[541],"class_list":{"0":"post-12085","1":"product","2":"type-product","3":"status-publish","4":"has-post-thumbnail","6":"product_cat-croissance-personnelle-pratique","7":"product_cat-pratique","8":"pa_auteur-sandy-forster","9":"maison_dedition-les-editions-coup-doeil","11":"first","12":"instock","13":"taxable","14":"shipping-taxable","15":"purchasable","16":"product-type-variable"},"bundled_by":[],"bundle_stock_status":"instock","bundle_stock_quantity":null,"bundle_virtual":false,"bundle_layout":"","bundle_add_to_cart_form_location":"","bundle_editable_in_cart":false,"bundle_sold_individually_context":"","bundle_item_grouping":"","bundle_min_size":"","bundle_max_size":"","bundle_price":[],"bundled_items":[],"bundle_sell_ids":[],"acf":[],"_links":{"self":[{"href":"https:\/\/goelette.ca\/en\/wp-json\/wp\/v2\/product\/12085","targetHints":{"allow":["GET"]}}],"collection":[{"href":"https:\/\/goelette.ca\/en\/wp-json\/wp\/v2\/product"}],"about":[{"href":"https:\/\/goelette.ca\/en\/wp-json\/wp\/v2\/types\/product"}],"wp:featuredmedia":[{"embeddable":true,"href":"https:\/\/goelette.ca\/en\/wp-json\/wp\/v2\/media\/12083"}],"wp:attachment":[{"href":"https:\/\/goelette.ca\/en\/wp-json\/wp\/v2\/media?parent=12085"}],"wp:term":[{"taxonomy":"product_brand","embeddable":true,"href":"https:\/\/goelette.ca\/en\/wp-json\/wp\/v2\/product_brand?post=12085"},{"taxonomy":"product_cat","embeddable":true,"href":"https:\/\/goelette.ca\/en\/wp-json\/wp\/v2\/product_cat?post=12085"},{"taxonomy":"product_tag","embeddable":true,"href":"https:\/\/goelette.ca\/en\/wp-json\/wp\/v2\/product_tag?post=12085"},{"taxonomy":"maison_dedition","embeddable":true,"href":"https:\/\/goelette.ca\/en\/wp-json\/wp\/v2\/maison_dedition?post=12085"}],"curies":[{"name":"wp","href":"https:\/\/api.w.org\/{rel}","templated":true}]}}