{"id":12082,"date":"2021-03-01T01:00:00","date_gmt":"2021-10-04T19:04:42","guid":{"rendered":"https:\/\/www.goelette.ca\/produit\/un-cours-sur-labondance\/"},"modified":"2024-02-16T15:48:22","modified_gmt":"2024-02-16T20:48:22","slug":"un-cours-sur-labondance","status":"publish","type":"product","link":"https:\/\/goelette.ca\/en\/tous-les-livres\/un-cours-sur-labondance\/","title":{"rendered":"Un cours sur l&#8217;abondance"},"content":{"rendered":"<p>Dans cette s\u00e9rie de 12 le\u00e7ons, Marc Allen partage les principes qui<br \/>\nlui ont permis d\u2019atteindre une vie d\u2019abondance et de s\u00e9r\u00e9nit\u00e9. Il vous<br \/>\npr\u00e9sente des cl\u00e9s, d\u00e9j\u00e0 pr\u00e9sentes autour de vous, afifin d\u2019acc\u00e9der \u00e0 la<br \/>\nplus grande des aventures : cette vie dont vous avez toujours r\u00eav\u00e9.<br \/>\nCes principes simples, inspir\u00e9s par les r\u00e9flflexions de ses mentors,<br \/>\nvous aideront \u00e0 poser un regard neuf sur votre existence et lui<br \/>\ninsufflfler une dimension spirituelle. Un enseignement que vous<br \/>\npourrez d\u00e9velopper \u00e0 votre fa\u00e7on et \u00e0 votre rythme pour vous<br \/>\nguider vers votre propre accomplissement. Un cours sur l\u2019abondance<br \/>\nvous d\u00e9voile la voie pour transformer votre existence.<\/p>\n<p>CR\u00c9EZ LA VIE DE VOS R\u00caVES AVEC FACILIT\u00c9 !<\/p>\n","protected":false},"excerpt":{"rendered":"<p>Dans cette s\u00e9rie de 12 le\u00e7ons, Marc Allen partage les principes qui lui ont permis d\u2019atteindre une vie d\u2019abondance et de s\u00e9r\u00e9nit\u00e9. Il vous pr\u00e9sente des cl\u00e9s, d\u00e9j\u00e0 pr\u00e9sentes autour de vous, afifin d\u2019acc\u00e9der \u00e0 la plus grande des aventures : cette vie dont vous avez toujours r\u00eav\u00e9. Ces principes simples, inspir\u00e9s par les r\u00e9flflexions [&hellip;]<\/p>\n","protected":false},"featured_media":12080,"template":"","meta":{"wds_primary_product_brand":0,"wds_primary_product_cat":0,"wds_primary_maison_dedition":0},"product_brand":[],"product_cat":[592,557],"product_tag":[],"maison_dedition":[541],"class_list":{"0":"post-12082","1":"product","2":"type-product","3":"status-publish","4":"has-post-thumbnail","6":"product_cat-croissance-personnelle-pratique","7":"product_cat-pratique","8":"pa_auteur-marc-allen","9":"maison_dedition-les-editions-coup-doeil","11":"first","12":"instock","13":"taxable","14":"shipping-taxable","15":"purchasable","16":"product-type-variable"},"bundled_by":[],"bundle_stock_status":"instock","bundle_stock_quantity":null,"bundle_virtual":false,"bundle_layout":"","bundle_add_to_cart_form_location":"","bundle_editable_in_cart":false,"bundle_sold_individually_context":"","bundle_item_grouping":"","bundle_min_size":"","bundle_max_size":"","bundle_price":[],"bundled_items":[],"bundle_sell_ids":[],"acf":[],"_links":{"self":[{"href":"https:\/\/goelette.ca\/en\/wp-json\/wp\/v2\/product\/12082","targetHints":{"allow":["GET"]}}],"collection":[{"href":"https:\/\/goelette.ca\/en\/wp-json\/wp\/v2\/product"}],"about":[{"href":"https:\/\/goelette.ca\/en\/wp-json\/wp\/v2\/types\/product"}],"wp:featuredmedia":[{"embeddable":true,"href":"https:\/\/goelette.ca\/en\/wp-json\/wp\/v2\/media\/12080"}],"wp:attachment":[{"href":"https:\/\/goelette.ca\/en\/wp-json\/wp\/v2\/media?parent=12082"}],"wp:term":[{"taxonomy":"product_brand","embeddable":true,"href":"https:\/\/goelette.ca\/en\/wp-json\/wp\/v2\/product_brand?post=12082"},{"taxonomy":"product_cat","embeddable":true,"href":"https:\/\/goelette.ca\/en\/wp-json\/wp\/v2\/product_cat?post=12082"},{"taxonomy":"product_tag","embeddable":true,"href":"https:\/\/goelette.ca\/en\/wp-json\/wp\/v2\/product_tag?post=12082"},{"taxonomy":"maison_dedition","embeddable":true,"href":"https:\/\/goelette.ca\/en\/wp-json\/wp\/v2\/maison_dedition?post=12082"}],"curies":[{"name":"wp","href":"https:\/\/api.w.org\/{rel}","templated":true}]}}