{"id":12079,"date":"2021-02-08T01:00:00","date_gmt":"2021-10-04T19:04:34","guid":{"rendered":"https:\/\/www.goelette.ca\/produit\/menage-a-quatre\/"},"modified":"2022-02-18T16:19:36","modified_gmt":"2022-02-18T21:19:36","slug":"menage-a-quatre","status":"publish","type":"product","link":"https:\/\/goelette.ca\/en\/tous-les-livres\/menage-a-quatre\/","title":{"rendered":"M\u00e9nage \u00e0 quatre"},"content":{"rendered":"<p>Albert Duras, 39 ans, \u00e9diteur de m\u00e9tier, en couple depuis trois ans, re\u00e7oit d&#8217;une voyante la curieuse pr\u00e9diction suivante: \u00abCet hiver, vous allez rencontrer le grand amour de votre vie dans un jardin de roses o\u00f9 il vente tout le temps, et o\u00f9 il y aura des oiseaux g\u00e9ants.\u00bb Lorsqu&#8217;\u00e0 l&#8217;a\u00e9roport, en partance pour Venise, il tombe sur Sophie Stein, bient\u00f4t quadrag\u00e9naire, psychiatre, mari\u00e9e depuis longtemps et m\u00e8re d&#8217;une fille de 16 ans, l&#8217;\u00e9moi ressenti lui rappelle les paroles de la diseuse de bonne aventure. <\/p>\n<p>Follement attir\u00e9s l&#8217;un par l&#8217;autre, Albert et Sphie deviennent amants le temps de leur voyage et conviennent de retourner \u00e0 leur famille par la suite. Mais leur aventure les hante. Ils se retrouvent et entrepennent de se revoir clandestinement, avec la passion et les soup\u00e7ons qui viennent avec ce genre de relation. Cependant, leur histoire n&#8217;est-elle que sexuelle? S&#8217;agit-il vraiment du grand amour pr\u00e9dit? <\/p>\n<p>Avec M\u00e9nage \u00e0 quatre, Marc Fisher dresse une fresque des hauts et des bas de l&#8217;adult\u00e8re. De main de ma\u00eetre, il nous entra\u00eene dans un tourbillon sensuel, tout en poussant la r\u00e9flexion sur les grandeurs et les mis\u00e8res d&#8217;une vie \u00e0 deux, plus deux. <\/p><\/p>\n","protected":false},"excerpt":{"rendered":"<p>Albert Duras, 39 ans, \u00e9diteur de m\u00e9tier, en couple depuis trois ans, re\u00e7oit d&#8217;une voyante la curieuse pr\u00e9diction suivante: \u00abCet hiver, vous allez rencontrer le grand amour de votre vie dans un jardin de roses o\u00f9 il vente tout le temps, et o\u00f9 il y aura des oiseaux g\u00e9ants.\u00bb Lorsqu&#8217;\u00e0 l&#8217;a\u00e9roport, en partance pour Venise, [&hellip;]<\/p>\n","protected":false},"featured_media":12077,"template":"","meta":{"wds_primary_product_brand":0,"wds_primary_product_cat":0,"wds_primary_maison_dedition":0},"product_brand":[],"product_cat":[542,585],"product_tag":[],"maison_dedition":[541],"class_list":{"0":"post-12079","1":"product","2":"type-product","3":"status-publish","4":"has-post-thumbnail","6":"product_cat-roman","7":"product_cat-romance","8":"pa_auteur-marc-fisher","9":"maison_dedition-les-editions-coup-doeil","11":"first","12":"instock","13":"taxable","14":"shipping-taxable","15":"purchasable","16":"product-type-variable"},"bundled_by":[],"bundle_stock_status":"instock","bundle_stock_quantity":null,"bundle_virtual":false,"bundle_layout":"","bundle_add_to_cart_form_location":"","bundle_editable_in_cart":false,"bundle_sold_individually_context":"","bundle_item_grouping":"","bundle_min_size":"","bundle_max_size":"","bundle_price":[],"bundled_items":[],"bundle_sell_ids":[],"acf":[],"_links":{"self":[{"href":"https:\/\/goelette.ca\/en\/wp-json\/wp\/v2\/product\/12079","targetHints":{"allow":["GET"]}}],"collection":[{"href":"https:\/\/goelette.ca\/en\/wp-json\/wp\/v2\/product"}],"about":[{"href":"https:\/\/goelette.ca\/en\/wp-json\/wp\/v2\/types\/product"}],"wp:featuredmedia":[{"embeddable":true,"href":"https:\/\/goelette.ca\/en\/wp-json\/wp\/v2\/media\/12077"}],"wp:attachment":[{"href":"https:\/\/goelette.ca\/en\/wp-json\/wp\/v2\/media?parent=12079"}],"wp:term":[{"taxonomy":"product_brand","embeddable":true,"href":"https:\/\/goelette.ca\/en\/wp-json\/wp\/v2\/product_brand?post=12079"},{"taxonomy":"product_cat","embeddable":true,"href":"https:\/\/goelette.ca\/en\/wp-json\/wp\/v2\/product_cat?post=12079"},{"taxonomy":"product_tag","embeddable":true,"href":"https:\/\/goelette.ca\/en\/wp-json\/wp\/v2\/product_tag?post=12079"},{"taxonomy":"maison_dedition","embeddable":true,"href":"https:\/\/goelette.ca\/en\/wp-json\/wp\/v2\/maison_dedition?post=12079"}],"curies":[{"name":"wp","href":"https:\/\/api.w.org\/{rel}","templated":true}]}}