{"id":12076,"date":"2021-02-08T01:00:00","date_gmt":"2021-10-04T19:04:27","guid":{"rendered":"https:\/\/www.goelette.ca\/produit\/mariage-a-hollywood\/"},"modified":"2022-02-18T16:19:34","modified_gmt":"2022-02-18T21:19:34","slug":"mariage-a-hollywood","status":"publish","type":"product","link":"https:\/\/goelette.ca\/en\/tous-les-livres\/mariage-a-hollywood\/","title":{"rendered":"Mariage \u00e0 Hollywood"},"content":{"rendered":"<p>Patricia Wood est une jeune femme s\u00e9duisante et ing\u00e9nieuse, qui aspire \u00e0 bien plus que ce que la vie daigne lui offrir: vivre de sa plume de romanci\u00e8re et bien s\u00fbr, conna\u00eetre l&#8217;amour v\u00e9ritable et passionnel. Ses r\u00eaves s&#8217;\u00e9croulent donc le jour o\u00f9 son amant lui annonce qu&#8217;il doit la quitter. Ses finances ne tenant qu&#8217;\u00e0 un fil dans un Los Angeles sans piti\u00e9, elle se r\u00e9signe alors \u00e0 occuper un poste de secr\u00e9taire \u00e0 la Blackwell Corporation. Elle ignore jusqu&#8217;alors tout de la puissance de cette compagnie qui bouleversera son existence. \u00c0 peine est-elle arriv\u00e9e que Rochard Stone, vice-pr\u00e9sident de la Blackwell &#8211; et c\u00e9libatiare le plus recherc\u00e9 en ville &#8211; s&#8217;\u00e9prend d&#8217;elle et lui demande sa main. Ce qui semble \u00eatre un conte de f\u00e9es se r\u00e9v\u00e9lera pourtant \u00eatre un cauchemar dont elle doit se d\u00e9faire \u00e0 tout prix. \u00c0 moins que ce soit simplement le fruit de son esprit d\u00e9faillant, de sa volatile imagination?<\/p>\n<p>Avec Mariage \u00e0 Hollywood, Marc Fisher signe un thriller psychologique enivrant. Il nous offre un suspense qui nous fait r\u00eaver et frissonner du d\u00e9but \u00e0 la fin, comme lui seul sait le faire. <\/p>\n","protected":false},"excerpt":{"rendered":"<p>Patricia Wood est une jeune femme s\u00e9duisante et ing\u00e9nieuse, qui aspire \u00e0 bien plus que ce que la vie daigne lui offrir: vivre de sa plume de romanci\u00e8re et bien s\u00fbr, conna\u00eetre l&#8217;amour v\u00e9ritable et passionnel. Ses r\u00eaves s&#8217;\u00e9croulent donc le jour o\u00f9 son amant lui annonce qu&#8217;il doit la quitter. Ses finances ne tenant [&hellip;]<\/p>\n","protected":false},"featured_media":12074,"template":"","meta":{"wds_primary_product_brand":0,"wds_primary_product_cat":0,"wds_primary_maison_dedition":0},"product_brand":[],"product_cat":[546,542],"product_tag":[],"maison_dedition":[541],"class_list":{"0":"post-12076","1":"product","2":"type-product","3":"status-publish","4":"has-post-thumbnail","6":"product_cat-policier-thriller","7":"product_cat-roman","8":"pa_auteur-marc-fisher","9":"maison_dedition-les-editions-coup-doeil","11":"first","12":"instock","13":"taxable","14":"shipping-taxable","15":"purchasable","16":"product-type-variable"},"bundled_by":[],"bundle_stock_status":"instock","bundle_stock_quantity":null,"bundle_virtual":false,"bundle_layout":"","bundle_add_to_cart_form_location":"","bundle_editable_in_cart":false,"bundle_sold_individually_context":"","bundle_item_grouping":"","bundle_min_size":"","bundle_max_size":"","bundle_price":[],"bundled_items":[],"bundle_sell_ids":[],"acf":[],"_links":{"self":[{"href":"https:\/\/goelette.ca\/en\/wp-json\/wp\/v2\/product\/12076","targetHints":{"allow":["GET"]}}],"collection":[{"href":"https:\/\/goelette.ca\/en\/wp-json\/wp\/v2\/product"}],"about":[{"href":"https:\/\/goelette.ca\/en\/wp-json\/wp\/v2\/types\/product"}],"wp:featuredmedia":[{"embeddable":true,"href":"https:\/\/goelette.ca\/en\/wp-json\/wp\/v2\/media\/12074"}],"wp:attachment":[{"href":"https:\/\/goelette.ca\/en\/wp-json\/wp\/v2\/media?parent=12076"}],"wp:term":[{"taxonomy":"product_brand","embeddable":true,"href":"https:\/\/goelette.ca\/en\/wp-json\/wp\/v2\/product_brand?post=12076"},{"taxonomy":"product_cat","embeddable":true,"href":"https:\/\/goelette.ca\/en\/wp-json\/wp\/v2\/product_cat?post=12076"},{"taxonomy":"product_tag","embeddable":true,"href":"https:\/\/goelette.ca\/en\/wp-json\/wp\/v2\/product_tag?post=12076"},{"taxonomy":"maison_dedition","embeddable":true,"href":"https:\/\/goelette.ca\/en\/wp-json\/wp\/v2\/maison_dedition?post=12076"}],"curies":[{"name":"wp","href":"https:\/\/api.w.org\/{rel}","templated":true}]}}