{"id":12073,"date":"2021-03-01T01:00:00","date_gmt":"2021-10-04T19:04:25","guid":{"rendered":"https:\/\/www.goelette.ca\/produit\/neurones-en-forme\/"},"modified":"2021-12-03T18:07:28","modified_gmt":"2021-12-03T17:07:28","slug":"neurones-en-forme","status":"publish","type":"product","link":"https:\/\/goelette.ca\/en\/tous-les-livres\/neurones-en-forme\/","title":{"rendered":"Neurones en forme !"},"content":{"rendered":"<p>Exercez vos neurones gr\u00e2ce \u00e0 plus<br \/>de 475 jeux de chiffres, de lettres,<br \/>de logique et de d\u00e9duction.<br \/>D\u00e9couvrez la meilleure fa\u00e7on de<br \/>garder votre cerveau actif !<\/p>\n","protected":false},"excerpt":{"rendered":"<p>Exercez vos neurones gr\u00e2ce \u00e0 plusde 475 jeux de chiffres, de lettres,de logique et de d\u00e9duction.D\u00e9couvrez la meilleure fa\u00e7on degarder votre cerveau actif !<\/p>\n","protected":false},"featured_media":12071,"template":"","meta":{"wds_primary_product_brand":0,"wds_primary_product_cat":0,"wds_primary_maison_dedition":0},"product_brand":[],"product_cat":[567,587,566],"product_tag":[],"maison_dedition":[541],"class_list":{"0":"post-12073","1":"product","2":"type-product","3":"status-publish","4":"has-post-thumbnail","6":"product_cat-adulte","7":"product_cat-jeux-melanges","8":"product_cat-livres-de-jeux","9":"pa_auteur-collectif","10":"maison_dedition-les-editions-coup-doeil","12":"first","13":"instock","14":"taxable","15":"shipping-taxable","16":"product-type-variable"},"bundled_by":[],"bundle_stock_status":"instock","bundle_stock_quantity":null,"bundle_virtual":false,"bundle_layout":"","bundle_add_to_cart_form_location":"","bundle_editable_in_cart":false,"bundle_sold_individually_context":"","bundle_item_grouping":"","bundle_min_size":"","bundle_max_size":"","bundle_price":[],"bundled_items":[],"bundle_sell_ids":[],"acf":[],"_links":{"self":[{"href":"https:\/\/goelette.ca\/en\/wp-json\/wp\/v2\/product\/12073","targetHints":{"allow":["GET"]}}],"collection":[{"href":"https:\/\/goelette.ca\/en\/wp-json\/wp\/v2\/product"}],"about":[{"href":"https:\/\/goelette.ca\/en\/wp-json\/wp\/v2\/types\/product"}],"wp:featuredmedia":[{"embeddable":true,"href":"https:\/\/goelette.ca\/en\/wp-json\/wp\/v2\/media\/12071"}],"wp:attachment":[{"href":"https:\/\/goelette.ca\/en\/wp-json\/wp\/v2\/media?parent=12073"}],"wp:term":[{"taxonomy":"product_brand","embeddable":true,"href":"https:\/\/goelette.ca\/en\/wp-json\/wp\/v2\/product_brand?post=12073"},{"taxonomy":"product_cat","embeddable":true,"href":"https:\/\/goelette.ca\/en\/wp-json\/wp\/v2\/product_cat?post=12073"},{"taxonomy":"product_tag","embeddable":true,"href":"https:\/\/goelette.ca\/en\/wp-json\/wp\/v2\/product_tag?post=12073"},{"taxonomy":"maison_dedition","embeddable":true,"href":"https:\/\/goelette.ca\/en\/wp-json\/wp\/v2\/maison_dedition?post=12073"}],"curies":[{"name":"wp","href":"https:\/\/api.w.org\/{rel}","templated":true}]}}