{"id":12064,"date":"2020-12-01T01:00:00","date_gmt":"2021-10-04T19:04:19","guid":{"rendered":"https:\/\/www.goelette.ca\/produit\/coloriages-par-numeros-2\/"},"modified":"2021-12-03T18:07:28","modified_gmt":"2021-12-03T17:07:28","slug":"coloriages-par-numeros-2","status":"publish","type":"product","link":"https:\/\/goelette.ca\/en\/tous-les-livres\/coloriages-par-numeros-2\/","title":{"rendered":"Coloriages par num\u00e9ros"},"content":{"rendered":"<p>Laissez-vous guider par les couleurs pour d\u00e9couvrir de superbes sc\u00e8nes. D\u00e9tendez-vous et r\u00e9v\u00e9lez l&#8217;artiste en vous !<\/p>\n","protected":false},"excerpt":{"rendered":"<p>Laissez-vous guider par les couleurs pour d\u00e9couvrir de superbes sc\u00e8nes. D\u00e9tendez-vous et r\u00e9v\u00e9lez l&#8217;artiste en vous !<\/p>\n","protected":false},"featured_media":12062,"template":"","meta":{"wds_primary_product_brand":0,"wds_primary_product_cat":0,"wds_primary_maison_dedition":0},"product_brand":[],"product_cat":[551,606,538],"product_tag":[],"maison_dedition":[541],"class_list":{"0":"post-12064","1":"product","2":"type-product","3":"status-publish","4":"has-post-thumbnail","6":"product_cat-activites","7":"product_cat-coloriage-par-numeros","8":"product_cat-jeunesse","9":"pa_auteur-collectif","10":"maison_dedition-les-editions-coup-doeil","12":"first","13":"instock","14":"taxable","15":"shipping-taxable","16":"product-type-variable"},"bundled_by":[],"bundle_stock_status":"instock","bundle_stock_quantity":null,"bundle_virtual":false,"bundle_layout":"","bundle_add_to_cart_form_location":"","bundle_editable_in_cart":false,"bundle_sold_individually_context":"","bundle_item_grouping":"","bundle_min_size":"","bundle_max_size":"","bundle_price":[],"bundled_items":[],"bundle_sell_ids":[],"acf":[],"_links":{"self":[{"href":"https:\/\/goelette.ca\/en\/wp-json\/wp\/v2\/product\/12064","targetHints":{"allow":["GET"]}}],"collection":[{"href":"https:\/\/goelette.ca\/en\/wp-json\/wp\/v2\/product"}],"about":[{"href":"https:\/\/goelette.ca\/en\/wp-json\/wp\/v2\/types\/product"}],"wp:featuredmedia":[{"embeddable":true,"href":"https:\/\/goelette.ca\/en\/wp-json\/wp\/v2\/media\/12062"}],"wp:attachment":[{"href":"https:\/\/goelette.ca\/en\/wp-json\/wp\/v2\/media?parent=12064"}],"wp:term":[{"taxonomy":"product_brand","embeddable":true,"href":"https:\/\/goelette.ca\/en\/wp-json\/wp\/v2\/product_brand?post=12064"},{"taxonomy":"product_cat","embeddable":true,"href":"https:\/\/goelette.ca\/en\/wp-json\/wp\/v2\/product_cat?post=12064"},{"taxonomy":"product_tag","embeddable":true,"href":"https:\/\/goelette.ca\/en\/wp-json\/wp\/v2\/product_tag?post=12064"},{"taxonomy":"maison_dedition","embeddable":true,"href":"https:\/\/goelette.ca\/en\/wp-json\/wp\/v2\/maison_dedition?post=12064"}],"curies":[{"name":"wp","href":"https:\/\/api.w.org\/{rel}","templated":true}]}}