{"id":12058,"date":"2020-12-01T01:00:00","date_gmt":"2021-10-04T19:04:15","guid":{"rendered":"https:\/\/www.goelette.ca\/produit\/la-cantatrice-2-le-triomphe-demma-albani\/"},"modified":"2022-02-18T16:16:37","modified_gmt":"2022-02-18T21:16:37","slug":"la-cantatrice-2-le-triomphe-demma-albani","status":"publish","type":"product","link":"https:\/\/goelette.ca\/en\/tous-les-livres\/la-cantatrice-2-le-triomphe-demma-albani\/","title":{"rendered":"La cantatrice 2. Le triomphe d&#8217;Emma Albani"},"content":{"rendered":"<p>Install\u00e9e \u00e0 Londres, Emma brille de mille feux au Covent Garden. Les grands r\u00f4les se succ\u00e8dent et les tourn\u00e9es mondiales se multiplient. Le succ\u00e8s de la soprano la conduit m\u00eame jusqu&#8217;\u00e0 chanter pour la reine Victoria en personne.<\/p>\n<p>Avec une agilit\u00e9 et une richesse de d\u00e9tails, Lise Antunes Simoes expose dans ce second tome le triomphe d&#8217;Emma Albani, figure de la Belle \u00c9poque. Gr\u00e2ce \u00e0 cette histoire passionnante, d\u00e9couvrez ce destin exceptionnel qu&#8217;est celui de la grande Albani.<\/p>\n","protected":false},"excerpt":{"rendered":"<p>Install\u00e9e \u00e0 Londres, Emma brille de mille feux au Covent Garden. Les grands r\u00f4les se succ\u00e8dent et les tourn\u00e9es mondiales se multiplient. Le succ\u00e8s de la soprano la conduit m\u00eame jusqu&#8217;\u00e0 chanter pour la reine Victoria en personne. Avec une agilit\u00e9 et une richesse de d\u00e9tails, Lise Antunes Simoes expose dans ce second tome le [&hellip;]<\/p>\n","protected":false},"featured_media":12056,"template":"","meta":{"wds_primary_product_brand":0,"wds_primary_product_cat":0,"wds_primary_maison_dedition":0},"product_brand":[],"product_cat":[543,542],"product_tag":[],"maison_dedition":[541],"class_list":{"0":"post-12058","1":"product","2":"type-product","3":"status-publish","4":"has-post-thumbnail","6":"product_cat-historique","7":"product_cat-roman","8":"pa_auteur-lise-antunes-simoes","9":"maison_dedition-les-editions-coup-doeil","11":"first","12":"instock","13":"taxable","14":"shipping-taxable","15":"purchasable","16":"product-type-variable"},"bundled_by":[],"bundle_stock_status":"instock","bundle_stock_quantity":null,"bundle_virtual":false,"bundle_layout":"","bundle_add_to_cart_form_location":"","bundle_editable_in_cart":false,"bundle_sold_individually_context":"","bundle_item_grouping":"","bundle_min_size":"","bundle_max_size":"","bundle_price":[],"bundled_items":[],"bundle_sell_ids":[],"acf":[],"_links":{"self":[{"href":"https:\/\/goelette.ca\/en\/wp-json\/wp\/v2\/product\/12058","targetHints":{"allow":["GET"]}}],"collection":[{"href":"https:\/\/goelette.ca\/en\/wp-json\/wp\/v2\/product"}],"about":[{"href":"https:\/\/goelette.ca\/en\/wp-json\/wp\/v2\/types\/product"}],"wp:featuredmedia":[{"embeddable":true,"href":"https:\/\/goelette.ca\/en\/wp-json\/wp\/v2\/media\/12056"}],"wp:attachment":[{"href":"https:\/\/goelette.ca\/en\/wp-json\/wp\/v2\/media?parent=12058"}],"wp:term":[{"taxonomy":"product_brand","embeddable":true,"href":"https:\/\/goelette.ca\/en\/wp-json\/wp\/v2\/product_brand?post=12058"},{"taxonomy":"product_cat","embeddable":true,"href":"https:\/\/goelette.ca\/en\/wp-json\/wp\/v2\/product_cat?post=12058"},{"taxonomy":"product_tag","embeddable":true,"href":"https:\/\/goelette.ca\/en\/wp-json\/wp\/v2\/product_tag?post=12058"},{"taxonomy":"maison_dedition","embeddable":true,"href":"https:\/\/goelette.ca\/en\/wp-json\/wp\/v2\/maison_dedition?post=12058"}],"curies":[{"name":"wp","href":"https:\/\/api.w.org\/{rel}","templated":true}]}}