{"id":12055,"date":"2020-12-01T01:00:00","date_gmt":"2021-10-04T19:04:07","guid":{"rendered":"https:\/\/www.goelette.ca\/produit\/la-cantatrice-1-la-jeunesse-demma-albani\/"},"modified":"2022-02-18T16:16:35","modified_gmt":"2022-02-18T21:16:35","slug":"la-cantatrice-1-la-jeunesse-demma-albani","status":"publish","type":"product","link":"https:\/\/goelette.ca\/en\/tous-les-livres\/la-cantatrice-1-la-jeunesse-demma-albani\/","title":{"rendered":"La cantatrice 1. La jeunesse d&#8217;Emma Albani"},"content":{"rendered":"<p>Emma Lajeunesse, prodige \u00e0 la voix d&#8217;or, poss\u00e8de un talent rare que son p\u00e8re, enseignant de musique, d\u00e9c\u00e8le \u00e0 un tr\u00e8s jeune \u00e2ge. Ce dernier veille \u00e0 l&#8217;\u00e9ducation musicale de sa fille, convaincu qu&#8217;elle pourra chanter professionnellement et devenir une grande cantatrice. mais le chemin pour l&#8217;envoyer en Europe, l\u00e0 o\u00f9 se trouve la cr\u00e8me des professeurs d&#8217;op\u00e9ra ne s&#8217;annonce pas de tout repos.<\/p>\n<p>Dans ce roman, d\u00e9couvrez la jeunesse et l&#8217;ascension d&#8217;Emma Albani, la premi\u00e8re diva canadienne reconnue et c\u00e9l\u00e9br\u00e9e internationalement. Avec sa plume passionn\u00e9e de l&#8217;\u00e9poque victorienne, Lise Antunes Simoes livre avec brio ce destin enflamm\u00e9 et cette vie de d\u00e9vouement \u00e0 l&#8217;art lyrique.<\/p>\n","protected":false},"excerpt":{"rendered":"<p>Emma Lajeunesse, prodige \u00e0 la voix d&#8217;or, poss\u00e8de un talent rare que son p\u00e8re, enseignant de musique, d\u00e9c\u00e8le \u00e0 un tr\u00e8s jeune \u00e2ge. Ce dernier veille \u00e0 l&#8217;\u00e9ducation musicale de sa fille, convaincu qu&#8217;elle pourra chanter professionnellement et devenir une grande cantatrice. mais le chemin pour l&#8217;envoyer en Europe, l\u00e0 o\u00f9 se trouve la cr\u00e8me [&hellip;]<\/p>\n","protected":false},"featured_media":12053,"template":"","meta":{"wds_primary_product_brand":0,"wds_primary_product_cat":0,"wds_primary_maison_dedition":0},"product_brand":[],"product_cat":[543,542],"product_tag":[],"maison_dedition":[541],"class_list":{"0":"post-12055","1":"product","2":"type-product","3":"status-publish","4":"has-post-thumbnail","6":"product_cat-historique","7":"product_cat-roman","8":"pa_auteur-lise-antunes-simoes","9":"maison_dedition-les-editions-coup-doeil","11":"first","12":"instock","13":"taxable","14":"shipping-taxable","15":"purchasable","16":"product-type-variable"},"bundled_by":[],"bundle_stock_status":"instock","bundle_stock_quantity":null,"bundle_virtual":false,"bundle_layout":"","bundle_add_to_cart_form_location":"","bundle_editable_in_cart":false,"bundle_sold_individually_context":"","bundle_item_grouping":"","bundle_min_size":"","bundle_max_size":"","bundle_price":[],"bundled_items":[],"bundle_sell_ids":[],"acf":[],"_links":{"self":[{"href":"https:\/\/goelette.ca\/en\/wp-json\/wp\/v2\/product\/12055","targetHints":{"allow":["GET"]}}],"collection":[{"href":"https:\/\/goelette.ca\/en\/wp-json\/wp\/v2\/product"}],"about":[{"href":"https:\/\/goelette.ca\/en\/wp-json\/wp\/v2\/types\/product"}],"wp:featuredmedia":[{"embeddable":true,"href":"https:\/\/goelette.ca\/en\/wp-json\/wp\/v2\/media\/12053"}],"wp:attachment":[{"href":"https:\/\/goelette.ca\/en\/wp-json\/wp\/v2\/media?parent=12055"}],"wp:term":[{"taxonomy":"product_brand","embeddable":true,"href":"https:\/\/goelette.ca\/en\/wp-json\/wp\/v2\/product_brand?post=12055"},{"taxonomy":"product_cat","embeddable":true,"href":"https:\/\/goelette.ca\/en\/wp-json\/wp\/v2\/product_cat?post=12055"},{"taxonomy":"product_tag","embeddable":true,"href":"https:\/\/goelette.ca\/en\/wp-json\/wp\/v2\/product_tag?post=12055"},{"taxonomy":"maison_dedition","embeddable":true,"href":"https:\/\/goelette.ca\/en\/wp-json\/wp\/v2\/maison_dedition?post=12055"}],"curies":[{"name":"wp","href":"https:\/\/api.w.org\/{rel}","templated":true}]}}