{"id":12052,"date":"2020-08-19T01:00:00","date_gmt":"2021-10-04T19:04:02","guid":{"rendered":"https:\/\/www.goelette.ca\/produit\/decouvre-les-animaux-2\/"},"modified":"2021-12-03T18:07:28","modified_gmt":"2021-12-03T17:07:28","slug":"decouvre-les-animaux-2","status":"publish","type":"product","link":"https:\/\/goelette.ca\/en\/tous-les-livres\/decouvre-les-animaux-2\/","title":{"rendered":"D\u00e9couvre les animaux"},"content":{"rendered":"<p>Pour tout savoir sur tes animaux favoris, d\u00e9couvre plein d&#8217;informations d\u00e9taill\u00e9es, dr\u00f4le et surprenantes avec de belles photos et des dessins rigolos.<\/p>\n","protected":false},"excerpt":{"rendered":"<p>Pour tout savoir sur tes animaux favoris, d\u00e9couvre plein d&#8217;informations d\u00e9taill\u00e9es, dr\u00f4le et surprenantes avec de belles photos et des dessins rigolos.<\/p>\n","protected":false},"featured_media":12050,"template":"","meta":{"wds_primary_product_brand":0,"wds_primary_product_cat":0,"wds_primary_maison_dedition":0},"product_brand":[],"product_cat":[555,553,538,554],"product_tag":[],"maison_dedition":[541],"class_list":{"0":"post-12052","1":"product","2":"type-product","3":"status-publish","4":"has-post-thumbnail","6":"product_cat-6-ans-et-plus","7":"product_cat-documentaire","8":"product_cat-jeunesse","9":"product_cat-zoologie","10":"pa_auteur-collectif","11":"maison_dedition-les-editions-coup-doeil","13":"first","14":"instock","15":"taxable","16":"shipping-taxable","17":"product-type-variable"},"bundled_by":[],"bundle_stock_status":"instock","bundle_stock_quantity":null,"bundle_virtual":false,"bundle_layout":"","bundle_add_to_cart_form_location":"","bundle_editable_in_cart":false,"bundle_sold_individually_context":"","bundle_item_grouping":"","bundle_min_size":"","bundle_max_size":"","bundle_price":[],"bundled_items":[],"bundle_sell_ids":[],"acf":[],"_links":{"self":[{"href":"https:\/\/goelette.ca\/en\/wp-json\/wp\/v2\/product\/12052","targetHints":{"allow":["GET"]}}],"collection":[{"href":"https:\/\/goelette.ca\/en\/wp-json\/wp\/v2\/product"}],"about":[{"href":"https:\/\/goelette.ca\/en\/wp-json\/wp\/v2\/types\/product"}],"wp:featuredmedia":[{"embeddable":true,"href":"https:\/\/goelette.ca\/en\/wp-json\/wp\/v2\/media\/12050"}],"wp:attachment":[{"href":"https:\/\/goelette.ca\/en\/wp-json\/wp\/v2\/media?parent=12052"}],"wp:term":[{"taxonomy":"product_brand","embeddable":true,"href":"https:\/\/goelette.ca\/en\/wp-json\/wp\/v2\/product_brand?post=12052"},{"taxonomy":"product_cat","embeddable":true,"href":"https:\/\/goelette.ca\/en\/wp-json\/wp\/v2\/product_cat?post=12052"},{"taxonomy":"product_tag","embeddable":true,"href":"https:\/\/goelette.ca\/en\/wp-json\/wp\/v2\/product_tag?post=12052"},{"taxonomy":"maison_dedition","embeddable":true,"href":"https:\/\/goelette.ca\/en\/wp-json\/wp\/v2\/maison_dedition?post=12052"}],"curies":[{"name":"wp","href":"https:\/\/api.w.org\/{rel}","templated":true}]}}