{"id":12043,"date":"2020-12-01T01:00:00","date_gmt":"2021-10-04T19:03:51","guid":{"rendered":"https:\/\/www.goelette.ca\/produit\/les-denys-de-saint-simon-2-entre-doutes-et-incertitudes\/"},"modified":"2025-01-29T13:07:50","modified_gmt":"2025-01-29T18:07:50","slug":"les-denys-de-saint-simon-2-entre-doutes-et-incertitudes","status":"publish","type":"product","link":"https:\/\/goelette.ca\/en\/tous-les-livres\/les-denys-de-saint-simon-2-entre-doutes-et-incertitudes\/","title":{"rendered":"Les Denys de Saint-Simon 2. Entre doutes et incertitudes"},"content":{"rendered":"<p>C\u2019est la consternation chez les Canadiens! Les Anglais ont remport\u00e9 la guerre et ils ignorent ce que l\u2019avenir leur r\u00e9serve. L\u2019imp\u00e9tueuse Victoire Denys de Saint-Simon, accompagn\u00e9e de sa prog\u00e9niture, revient vivre chez sa tante Marie-Anne. Cette derni\u00e8re sera dans l\u2019obligation d\u2019h\u00e9berger un officier \u00e9cossais, au grand d\u00e9sespoir de Victoire. Elle est en col\u00e8re et se pla\u00eet \u00e0 le clamer haut et fort.<\/p>\n<p>Or, la vieille dame s\u2019est prise d\u2019affection pour le militaire et souhaite secr\u00e8tement qu\u2019il \u00e9pouse Victoire dont il est visiblement \u00e9pris. Mais le c\u0153ur de la belle appartient toujours au p\u00e8re de sa fille ill\u00e9gitime, militaire \u00e0 qui on a command\u00e9 de rentrer au bercail il y a quelques ann\u00e9es. Au printemps 1761, son fr\u00e8re Antoine devra lui aussi suivre s\u2019exiler selon les ordres du roi, Louis XV, qui tarde \u00e0 prendre des d\u00e9cisions importantes. Le trait\u00e9 de paix sera-t-il enfin sign\u00e9 entre la France et l\u2019Angleterre? Qu\u2019adviendra-t-il des soldats fran\u00e7ais? De la colonie et de ses habitants?<\/p>\n<p>C\u2019est avec simplicit\u00e9, sensibilit\u00e9 et justesse que l\u2019auteure relate les hauts et les bas de la vie des Denys de Saint-Simon en cette p\u00e9riode de doutes et d\u2019incertitudes qu\u2019ont travers\u00e9e les Canadiens.<\/p>\n","protected":false},"excerpt":{"rendered":"<p>C\u2019est la consternation chez les Canadiens! Les Anglais ont remport\u00e9 la guerre et ils ignorent ce que l\u2019avenir leur r\u00e9serve. L\u2019imp\u00e9tueuse Victoire Denys de Saint-Simon, accompagn\u00e9e de sa prog\u00e9niture, revient vivre chez sa tante Marie-Anne. Cette derni\u00e8re sera dans l\u2019obligation d\u2019h\u00e9berger un officier \u00e9cossais, au grand d\u00e9sespoir de Victoire. Elle est en col\u00e8re et se [&hellip;]<\/p>\n","protected":false},"featured_media":12041,"template":"","meta":{"wds_primary_product_brand":0,"wds_primary_product_cat":0,"wds_primary_maison_dedition":0},"product_brand":[],"product_cat":[543,542],"product_tag":[],"maison_dedition":[541],"class_list":{"0":"post-12043","1":"product","2":"type-product","3":"status-publish","4":"has-post-thumbnail","6":"product_cat-historique","7":"product_cat-roman","8":"pa_auteur-sylvie-gobeil","9":"maison_dedition-les-editions-coup-doeil","11":"first","12":"instock","13":"taxable","14":"shipping-taxable","15":"purchasable","16":"product-type-variable"},"bundled_by":[],"bundle_stock_status":"instock","bundle_stock_quantity":null,"bundle_virtual":false,"bundle_layout":"","bundle_add_to_cart_form_location":"","bundle_editable_in_cart":false,"bundle_sold_individually_context":"","bundle_item_grouping":"","bundle_min_size":"","bundle_max_size":"","bundle_price":[],"bundled_items":[],"bundle_sell_ids":[],"acf":[],"_links":{"self":[{"href":"https:\/\/goelette.ca\/en\/wp-json\/wp\/v2\/product\/12043","targetHints":{"allow":["GET"]}}],"collection":[{"href":"https:\/\/goelette.ca\/en\/wp-json\/wp\/v2\/product"}],"about":[{"href":"https:\/\/goelette.ca\/en\/wp-json\/wp\/v2\/types\/product"}],"wp:featuredmedia":[{"embeddable":true,"href":"https:\/\/goelette.ca\/en\/wp-json\/wp\/v2\/media\/12041"}],"wp:attachment":[{"href":"https:\/\/goelette.ca\/en\/wp-json\/wp\/v2\/media?parent=12043"}],"wp:term":[{"taxonomy":"product_brand","embeddable":true,"href":"https:\/\/goelette.ca\/en\/wp-json\/wp\/v2\/product_brand?post=12043"},{"taxonomy":"product_cat","embeddable":true,"href":"https:\/\/goelette.ca\/en\/wp-json\/wp\/v2\/product_cat?post=12043"},{"taxonomy":"product_tag","embeddable":true,"href":"https:\/\/goelette.ca\/en\/wp-json\/wp\/v2\/product_tag?post=12043"},{"taxonomy":"maison_dedition","embeddable":true,"href":"https:\/\/goelette.ca\/en\/wp-json\/wp\/v2\/maison_dedition?post=12043"}],"curies":[{"name":"wp","href":"https:\/\/api.w.org\/{rel}","templated":true}]}}