{"id":12040,"date":"2020-12-01T01:00:00","date_gmt":"2021-10-04T19:03:47","guid":{"rendered":"https:\/\/www.goelette.ca\/produit\/les-denys-de-saint-simon-1-une-question-dhonneur\/"},"modified":"2022-02-18T16:16:29","modified_gmt":"2022-02-18T21:16:29","slug":"les-denys-de-saint-simon-1-une-question-dhonneur","status":"publish","type":"product","link":"https:\/\/goelette.ca\/en\/tous-les-livres\/les-denys-de-saint-simon-1-une-question-dhonneur\/","title":{"rendered":"Les Denys de Saint-Simon 1. Une question d&#8217;honneur"},"content":{"rendered":"<p>Le 17 octobre 1713, Marie-Jos\u00e8phe Prat, fille de l&#8217;aubergiste et armateur Joseph Prat, acc\u00e8de \u00e0 la noblesse gr\u00e2ce \u00e0 son mariage \u00e0 Charles-Paul Denys de Saint-Simon. Or, la jeune \u00e9pouse a h\u00e9rit\u00e9 du temp\u00e9rament fougueux de sa m\u00e8re et trouve parfois difficile de s&#8217;adapter \u00e0 la rigidit\u00e9 des conventions de son statut social. Heureusement, leur d\u00e9vou\u00e9e et chaleureuse domestique, Charlotte, devient une confidente et une alli\u00e9e de taille.<\/p>\n<p>Amour et d\u00e9sespoir sont entrem\u00eal\u00e9s avec brio par l&#8217;auteure dans cette oeuvre prenante mettant en sc\u00e8ne nos anc\u00eatres. Sous nos yeux revivent leurs petits bonheurs, mais surtout la mis\u00e8re dans laquelle cette \u00e9poque charni\u00e8re de l&#8217;histoire du Qu\u00e9bec les a plong\u00e9s.<\/p>\n","protected":false},"excerpt":{"rendered":"<p>Le 17 octobre 1713, Marie-Jos\u00e8phe Prat, fille de l&#8217;aubergiste et armateur Joseph Prat, acc\u00e8de \u00e0 la noblesse gr\u00e2ce \u00e0 son mariage \u00e0 Charles-Paul Denys de Saint-Simon. Or, la jeune \u00e9pouse a h\u00e9rit\u00e9 du temp\u00e9rament fougueux de sa m\u00e8re et trouve parfois difficile de s&#8217;adapter \u00e0 la rigidit\u00e9 des conventions de son statut social. Heureusement, leur [&hellip;]<\/p>\n","protected":false},"featured_media":12038,"template":"","meta":{"wds_primary_product_brand":0,"wds_primary_product_cat":0,"wds_primary_maison_dedition":0},"product_brand":[],"product_cat":[543,542],"product_tag":[],"maison_dedition":[541],"class_list":{"0":"post-12040","1":"product","2":"type-product","3":"status-publish","4":"has-post-thumbnail","6":"product_cat-historique","7":"product_cat-roman","8":"pa_auteur-sylvie-gobeil","9":"maison_dedition-les-editions-coup-doeil","11":"first","12":"instock","13":"taxable","14":"shipping-taxable","15":"purchasable","16":"product-type-variable"},"bundled_by":[],"bundle_stock_status":"instock","bundle_stock_quantity":null,"bundle_virtual":false,"bundle_layout":"","bundle_add_to_cart_form_location":"","bundle_editable_in_cart":false,"bundle_sold_individually_context":"","bundle_item_grouping":"","bundle_min_size":"","bundle_max_size":"","bundle_price":[],"bundled_items":[],"bundle_sell_ids":[],"acf":[],"_links":{"self":[{"href":"https:\/\/goelette.ca\/en\/wp-json\/wp\/v2\/product\/12040","targetHints":{"allow":["GET"]}}],"collection":[{"href":"https:\/\/goelette.ca\/en\/wp-json\/wp\/v2\/product"}],"about":[{"href":"https:\/\/goelette.ca\/en\/wp-json\/wp\/v2\/types\/product"}],"wp:featuredmedia":[{"embeddable":true,"href":"https:\/\/goelette.ca\/en\/wp-json\/wp\/v2\/media\/12038"}],"wp:attachment":[{"href":"https:\/\/goelette.ca\/en\/wp-json\/wp\/v2\/media?parent=12040"}],"wp:term":[{"taxonomy":"product_brand","embeddable":true,"href":"https:\/\/goelette.ca\/en\/wp-json\/wp\/v2\/product_brand?post=12040"},{"taxonomy":"product_cat","embeddable":true,"href":"https:\/\/goelette.ca\/en\/wp-json\/wp\/v2\/product_cat?post=12040"},{"taxonomy":"product_tag","embeddable":true,"href":"https:\/\/goelette.ca\/en\/wp-json\/wp\/v2\/product_tag?post=12040"},{"taxonomy":"maison_dedition","embeddable":true,"href":"https:\/\/goelette.ca\/en\/wp-json\/wp\/v2\/maison_dedition?post=12040"}],"curies":[{"name":"wp","href":"https:\/\/api.w.org\/{rel}","templated":true}]}}