{"id":12013,"date":"2020-03-17T01:00:00","date_gmt":"2021-10-04T19:02:33","guid":{"rendered":"https:\/\/www.goelette.ca\/produit\/les-filles-de-joie-tome-3\/"},"modified":"2024-06-14T15:19:41","modified_gmt":"2024-06-14T19:19:41","slug":"les-filles-de-joie-tome-3","status":"publish","type":"product","link":"https:\/\/goelette.ca\/en\/tous-les-livres\/les-filles-de-joie-tome-3\/","title":{"rendered":"Les filles de joie &#8211; Tome 3"},"content":{"rendered":"<p class=\"p1\" style=\"text-align: justify;\">Maintenant officiellement la favorite de la maison, Victoire s\u2019est install\u00e9e dans une routine bien rod\u00e9e. C\u2019est dor\u00e9navant elle qui m\u00e8ne le jeu au Magnolia. Elle a su profiter des opportunit\u00e9s qui s\u2019offraient et est appr\u00e9ci\u00e9e des clients comme de ses camarades. Mais elle doit faire preuve de vigilance pour maintenir son bateau \u00e0 flot. Heureusement, elle ne manque pas d\u2019amis ni de contacts. C\u2019est c\u00f4t\u00e9 coeur que les choses se compliquent\u2026<\/p>\n<p class=\"p1\" style=\"text-align: justify;\">La jeune femme aimerait bien b\u00e2tir un foyer avec \u00c9mile, le seul qui ne lui r\u00e9clame rien, mais ce r\u00eave lui semble hors de port\u00e9e, surtout lorsque les dettes grimpent. Alors que ce dernier se d\u00e9robe devant les questions importantes, Laurent, lui, cherche de plus en plus \u00e0 s\u2019imposer aupr\u00e8s d\u2019elle. Et il y a le petit F\u00e9lix, qui vient tout bouleverser. Victoire, plus d\u00e9termin\u00e9e que jamais \u00e0 r\u00e9aliser ses r\u00eaves d\u2019une vie normale loin de Madame Ang\u00e8le et des hommes qui passent chaque soir, veut de l\u2019argent, beaucoup d\u2019argent. Elle est pr\u00eate \u00e0 tout, mais rien n\u2019est encore gagn\u00e9 et le temps joue contre elle\u2026<\/p>\n<p class=\"p1\" style=\"text-align: justify;\">Voyez comment la mis\u00e8re des uns fait le bonheur des autres dans la conclusion enlevante de cette trilogie se d\u00e9roulant dans le Montr\u00e9al de la fin du XIX<span class=\"s1\">e <\/span>si\u00e8cle. D\u00e9couvrez l\u2019envers du d\u00e9cor d\u2019une existence hors norme o\u00f9 l\u2019instinct de survie cherche \u00e0 percer les portes closes.<\/p>\n<p class=\"p2\" style=\"text-align: justify;\">Lise Antunes Simoes transforme sa passion pour l\u2019Histoire avec un grand H en magnifiques r\u00e9cits. Amoureuse du XIX<span class=\"s2\">e <\/span>si\u00e8cle, elle fait en sorte que tous ses romans s\u2019y d\u00e9roulent. Elle est \u00e9galement l\u2019autrice d\u2019un blogue o\u00f9 elle partage de nombreuses d\u00e9couvertes et r\u00e9flexions sur cette p\u00e9riode qui la fascine. N\u00e9e en France, mais vivant aujourd\u2019hui au Qu\u00e9bec, elle a commenc\u00e9 par \u00e9crire plusieurs <em>fanfictions<\/em>, avant de se lancer en litt\u00e9rature pour notre plus grand plaisir.<\/p>\n","protected":false},"excerpt":{"rendered":"<p>Maintenant officiellement la favorite de la maison, Victoire s\u2019est install\u00e9e dans une routine bien rod\u00e9e. C\u2019est dor\u00e9navant elle qui m\u00e8ne le jeu au Magnolia. Elle a su profiter des opportunit\u00e9s qui s\u2019offraient et est appr\u00e9ci\u00e9e des clients comme de ses camarades. Mais elle doit faire preuve de vigilance pour maintenir son bateau \u00e0 flot. Heureusement, [&hellip;]<\/p>\n","protected":false},"featured_media":12011,"template":"","meta":{"wds_primary_product_brand":0,"wds_primary_product_cat":0,"wds_primary_maison_dedition":0},"product_brand":[],"product_cat":[543,542],"product_tag":[],"maison_dedition":[541],"class_list":{"0":"post-12013","1":"product","2":"type-product","3":"status-publish","4":"has-post-thumbnail","6":"product_cat-historique","7":"product_cat-roman","8":"pa_auteur-lise-antunes-simoes","9":"maison_dedition-les-editions-coup-doeil","11":"first","12":"instock","13":"taxable","14":"shipping-taxable","15":"purchasable","16":"product-type-variable"},"bundled_by":[],"bundle_stock_status":"instock","bundle_stock_quantity":null,"bundle_virtual":false,"bundle_layout":"","bundle_add_to_cart_form_location":"","bundle_editable_in_cart":false,"bundle_sold_individually_context":"","bundle_item_grouping":"","bundle_min_size":"","bundle_max_size":"","bundle_price":[],"bundled_items":[],"bundle_sell_ids":[],"acf":[],"_links":{"self":[{"href":"https:\/\/goelette.ca\/en\/wp-json\/wp\/v2\/product\/12013","targetHints":{"allow":["GET"]}}],"collection":[{"href":"https:\/\/goelette.ca\/en\/wp-json\/wp\/v2\/product"}],"about":[{"href":"https:\/\/goelette.ca\/en\/wp-json\/wp\/v2\/types\/product"}],"wp:featuredmedia":[{"embeddable":true,"href":"https:\/\/goelette.ca\/en\/wp-json\/wp\/v2\/media\/12011"}],"wp:attachment":[{"href":"https:\/\/goelette.ca\/en\/wp-json\/wp\/v2\/media?parent=12013"}],"wp:term":[{"taxonomy":"product_brand","embeddable":true,"href":"https:\/\/goelette.ca\/en\/wp-json\/wp\/v2\/product_brand?post=12013"},{"taxonomy":"product_cat","embeddable":true,"href":"https:\/\/goelette.ca\/en\/wp-json\/wp\/v2\/product_cat?post=12013"},{"taxonomy":"product_tag","embeddable":true,"href":"https:\/\/goelette.ca\/en\/wp-json\/wp\/v2\/product_tag?post=12013"},{"taxonomy":"maison_dedition","embeddable":true,"href":"https:\/\/goelette.ca\/en\/wp-json\/wp\/v2\/maison_dedition?post=12013"}],"curies":[{"name":"wp","href":"https:\/\/api.w.org\/{rel}","templated":true}]}}