{"id":12010,"date":"2020-03-17T01:00:00","date_gmt":"2021-10-04T19:02:29","guid":{"rendered":"https:\/\/www.goelette.ca\/produit\/les-filles-de-joie-tome-2\/"},"modified":"2024-08-12T15:45:49","modified_gmt":"2024-08-12T19:45:49","slug":"les-filles-de-joie-tome-2","status":"publish","type":"product","link":"https:\/\/goelette.ca\/en\/tous-les-livres\/les-filles-de-joie-tome-2\/","title":{"rendered":"Les filles de joie &#8211; Tome 2"},"content":{"rendered":"<p style=\"text-align: justify;\">Au Magnolia, Victoire s\u2019habitue \u00e0 sa nouvelle vie malgr\u00e9 tous les al\u00e9as qu\u2019elle comporte. Que ce soit le fils de la matrone qui utilise les filles de la maison quand bon lui chante, les menaces continuelles de grossesse ou de maladies, ou encore les fantasmes \u00e9tranges de certains clients ; il est parfois difficile d\u2019attendre patiemment que sa dette diminue, surtout selon les calculs douteux de Madame Ang\u00e8le.<\/p>\n<p>Toutefois, Victoire se taille une place plus qu\u2019enviable aupr\u00e8s des hommes qu\u2019elle rencontre soir apr\u00e8s soir. Parmi eux, il y a Laurent qui l\u2019invite \u00e0 des soir\u00e9es priv\u00e9es, \u00c9mile, un artiste sans le sou avec lequel elle se sent en confiance, et le juge \u00c9douard qui semble en savoir long sur la jeunesse de la tenanci\u00e8re&#8230; La popularit\u00e9 de Victoire ne l\u2019emp\u00eache pourtant pas de faire partie de la grande famille du Magnolia. Ensemble, les filles se serrent les coudes, toutes conscientes qu\u2019une maison de bonne r\u00e9putation assure de bonnes conditions. Mais, avec le temps qui passe, la jeunesse et la beaut\u00e9 s\u2019\u00e9tiolent. Victoire sera-t-elle un jour libre de ses pas et ma\u00eetre chez elle ?<\/p>\n<p>Dans ce deuxi\u00e8me tome des <em>Filles de joie<\/em>, l\u2019autrice nous d\u00e9voile le quotidien de cette vie d\u2019artifices en maison close. Complicit\u00e9, trahison et manipulation sont au coeur des relations de ces personnages qui cherchent \u00e0 sortir leur \u00e9pingle du jeu co\u00fbte que co\u00fbte.<\/p>\n<p>Lise Antunes Simoes transforme sa passion pour l\u2019Histoire avec un grand H en magnifiques r\u00e9cits. Amoureuse du XIXe si\u00e8cle, elle fait en sorte que tous ses romans s\u2019y d\u00e9roulent. Elle est \u00e9galement l\u2019autrice d\u2019un blogue o\u00f9 elle partage de nombreuses d\u00e9couvertes et r\u00e9flexions sur cette p\u00e9riode qui la fascine. N\u00e9e en France, mais vivant aujourd\u2019hui au Qu\u00e9bec, elle a commenc\u00e9 par \u00e9crire plusieurs <em>fanfictions<\/em>, avant de se lancer en litt\u00e9rature pour notre plus grand plaisir.<\/p>\n","protected":false},"excerpt":{"rendered":"<p>Au Magnolia, Victoire s\u2019habitue \u00e0 sa nouvelle vie malgr\u00e9 tous les al\u00e9as qu\u2019elle comporte. Que ce soit le fils de la matrone qui utilise les filles de la maison quand bon lui chante, les menaces continuelles de grossesse ou de maladies, ou encore les fantasmes \u00e9tranges de certains clients ; il est parfois difficile d\u2019attendre [&hellip;]<\/p>\n","protected":false},"featured_media":12008,"template":"","meta":{"wds_primary_product_brand":0,"wds_primary_product_cat":0,"wds_primary_maison_dedition":0},"product_brand":[],"product_cat":[543,542],"product_tag":[],"maison_dedition":[541],"class_list":{"0":"post-12010","1":"product","2":"type-product","3":"status-publish","4":"has-post-thumbnail","6":"product_cat-historique","7":"product_cat-roman","8":"pa_auteur-lise-antunes-simoes","9":"maison_dedition-les-editions-coup-doeil","11":"first","12":"instock","13":"taxable","14":"shipping-taxable","15":"purchasable","16":"product-type-variable"},"bundled_by":[],"bundle_stock_status":"instock","bundle_stock_quantity":null,"bundle_virtual":false,"bundle_layout":"","bundle_add_to_cart_form_location":"","bundle_editable_in_cart":false,"bundle_sold_individually_context":"","bundle_item_grouping":"","bundle_min_size":"","bundle_max_size":"","bundle_price":[],"bundled_items":[],"bundle_sell_ids":[],"acf":[],"_links":{"self":[{"href":"https:\/\/goelette.ca\/en\/wp-json\/wp\/v2\/product\/12010","targetHints":{"allow":["GET"]}}],"collection":[{"href":"https:\/\/goelette.ca\/en\/wp-json\/wp\/v2\/product"}],"about":[{"href":"https:\/\/goelette.ca\/en\/wp-json\/wp\/v2\/types\/product"}],"wp:featuredmedia":[{"embeddable":true,"href":"https:\/\/goelette.ca\/en\/wp-json\/wp\/v2\/media\/12008"}],"wp:attachment":[{"href":"https:\/\/goelette.ca\/en\/wp-json\/wp\/v2\/media?parent=12010"}],"wp:term":[{"taxonomy":"product_brand","embeddable":true,"href":"https:\/\/goelette.ca\/en\/wp-json\/wp\/v2\/product_brand?post=12010"},{"taxonomy":"product_cat","embeddable":true,"href":"https:\/\/goelette.ca\/en\/wp-json\/wp\/v2\/product_cat?post=12010"},{"taxonomy":"product_tag","embeddable":true,"href":"https:\/\/goelette.ca\/en\/wp-json\/wp\/v2\/product_tag?post=12010"},{"taxonomy":"maison_dedition","embeddable":true,"href":"https:\/\/goelette.ca\/en\/wp-json\/wp\/v2\/maison_dedition?post=12010"}],"curies":[{"name":"wp","href":"https:\/\/api.w.org\/{rel}","templated":true}]}}