{"id":12007,"date":"2020-03-17T01:00:00","date_gmt":"2021-10-04T19:02:20","guid":{"rendered":"https:\/\/www.goelette.ca\/produit\/les-filles-de-joie-tome-1\/"},"modified":"2022-02-18T16:16:05","modified_gmt":"2022-02-18T21:16:05","slug":"les-filles-de-joie-tome-1","status":"publish","type":"product","link":"https:\/\/goelette.ca\/en\/tous-les-livres\/les-filles-de-joie-tome-1\/","title":{"rendered":"Les filles de joie &#8211; Tome 1"},"content":{"rendered":"<table class=\"fvTableFS Bordered\" border=\"0\" cellspacing=\"0\" cellpadding=\"0\">\n<tbody>\n<tr>\n<td class=\"ValueItem\">\n<p><em>Dans le Boucherville de la fin du XIXe si\u00e8cle, un luthier de grande r\u00e9putation <\/em><em>jette sa fille \u00e0 la rue, car elle est tomb\u00e9e enceinte sans fr\u00e9quentation officielle. <\/em><em>Ad\u00e9mar refuse que Victoire souille le nom respectable des Boivin, qu\u2019il a b\u00e2ti <\/em><em>un violon \u00e0 la fois. Sous le choc, mais r\u00eavant d\u2019aventure et de libert\u00e9, Victoire <\/em><em>atterrit donc \u00e0 Montr\u00e9al, o\u00f9 elle lutte pour survivre. Voyant ses dettes gonfler et <\/em><em>la faim la tenailler en permanence, Victoire accepte la proposition de Madame <\/em><em>Ang\u00e8le, qui est toujours \u00e0 la recherche de belles filles bien \u00e9duqu\u00e9es pour animer <\/em><em>les soir\u00e9es dans ses salons.<\/em><br \/><em>Au Magnolia, \u00e9tablissement jouissant d\u2019une grande renomm\u00e9e, Victoire apprend <\/em><em>alors les bases du plus vieux m\u00e9tier du monde sous les conseils avis\u00e9s de ses <\/em><em>consoeurs. Sa beaut\u00e9 et son raffinement lui conf\u00e8rent d\u2019ailleurs une popularit\u00e9 <\/em><em>des plus lucratives. Mais Victoire, encore \u00e9prise de libert\u00e9, est-elle pr\u00eate \u00e0 passer <\/em><em>le reste de ses jours enferm\u00e9e dans une cage, si dor\u00e9e soit-elle ?<\/em><\/p>\n<p>Dans le premier tome de cette trilogie, d\u00e9couvrez des personnages forts, pr\u00eats \u00e0 tout pour se sortir du carcan des classes sociales. \u00c9crit par une plume vive et sensible, ce roman riche en \u00e9motions aborde le Montr\u00e9al de la fin du XIXe si\u00e8cle sous un angle original, rarement trait\u00e9 dans la litt\u00e9rature d\u2019\u00e9poque.<\/p>\n<\/td>\n<\/tr>\n<\/tbody>\n<\/table>\n","protected":false},"excerpt":{"rendered":"<p>Dans le Boucherville de la fin du XIXe si\u00e8cle, un luthier de grande r\u00e9putation jette sa fille \u00e0 la rue, car elle est tomb\u00e9e enceinte sans fr\u00e9quentation officielle. Ad\u00e9mar refuse que Victoire souille le nom respectable des Boivin, qu\u2019il a b\u00e2ti un violon \u00e0 la fois. Sous le choc, mais r\u00eavant d\u2019aventure et de libert\u00e9, [&hellip;]<\/p>\n","protected":false},"featured_media":12005,"template":"","meta":{"wds_primary_product_brand":0,"wds_primary_product_cat":0,"wds_primary_maison_dedition":0},"product_brand":[],"product_cat":[543,542],"product_tag":[],"maison_dedition":[541],"class_list":{"0":"post-12007","1":"product","2":"type-product","3":"status-publish","4":"has-post-thumbnail","6":"product_cat-historique","7":"product_cat-roman","8":"pa_auteur-lise-antunes-simoes","9":"maison_dedition-les-editions-coup-doeil","11":"first","12":"instock","13":"taxable","14":"shipping-taxable","15":"purchasable","16":"product-type-variable"},"bundled_by":[],"bundle_stock_status":"instock","bundle_stock_quantity":null,"bundle_virtual":false,"bundle_layout":"","bundle_add_to_cart_form_location":"","bundle_editable_in_cart":false,"bundle_sold_individually_context":"","bundle_item_grouping":"","bundle_min_size":"","bundle_max_size":"","bundle_price":[],"bundled_items":[],"bundle_sell_ids":[],"acf":[],"_links":{"self":[{"href":"https:\/\/goelette.ca\/en\/wp-json\/wp\/v2\/product\/12007","targetHints":{"allow":["GET"]}}],"collection":[{"href":"https:\/\/goelette.ca\/en\/wp-json\/wp\/v2\/product"}],"about":[{"href":"https:\/\/goelette.ca\/en\/wp-json\/wp\/v2\/types\/product"}],"wp:featuredmedia":[{"embeddable":true,"href":"https:\/\/goelette.ca\/en\/wp-json\/wp\/v2\/media\/12005"}],"wp:attachment":[{"href":"https:\/\/goelette.ca\/en\/wp-json\/wp\/v2\/media?parent=12007"}],"wp:term":[{"taxonomy":"product_brand","embeddable":true,"href":"https:\/\/goelette.ca\/en\/wp-json\/wp\/v2\/product_brand?post=12007"},{"taxonomy":"product_cat","embeddable":true,"href":"https:\/\/goelette.ca\/en\/wp-json\/wp\/v2\/product_cat?post=12007"},{"taxonomy":"product_tag","embeddable":true,"href":"https:\/\/goelette.ca\/en\/wp-json\/wp\/v2\/product_tag?post=12007"},{"taxonomy":"maison_dedition","embeddable":true,"href":"https:\/\/goelette.ca\/en\/wp-json\/wp\/v2\/maison_dedition?post=12007"}],"curies":[{"name":"wp","href":"https:\/\/api.w.org\/{rel}","templated":true}]}}