{"id":12001,"date":"2020-08-01T01:00:00","date_gmt":"2021-10-04T19:02:14","guid":{"rendered":"https:\/\/www.goelette.ca\/produit\/les-maisons-a-assembler\/"},"modified":"2021-12-03T18:07:25","modified_gmt":"2021-12-03T17:07:25","slug":"les-maisons-a-assembler","status":"publish","type":"product","link":"https:\/\/goelette.ca\/en\/tous-les-livres\/les-maisons-a-assembler\/","title":{"rendered":"Les maisons \u00e0 assembler"},"content":{"rendered":"<p>Quelques pliages, un peu de colle et hop ! Voici un nouveau quartier de 6 maisons \u00e0 d\u00e9couvrir !<\/p>\n<p>Prolonge ensuite le plaisir avec 12 pages d&#8217;activit\u00e9s.<\/p>\n<p>Autres titres disponibles:<span style=\"color: #ff0000;\"> Les v\u00e9hicules<\/span>, <span style=\"color: #ff0000;\">Les dinosaures<\/span>, <span style=\"color: #ff0000;\">Les animaux<\/span>.<\/p>\n","protected":false},"excerpt":{"rendered":"<p>Quelques pliages, un peu de colle et hop ! Voici un nouveau quartier de 6 maisons \u00e0 d\u00e9couvrir ! Prolonge ensuite le plaisir avec 12 pages d&#8217;activit\u00e9s. Autres titres disponibles: Les v\u00e9hicules, Les dinosaures, Les animaux.<\/p>\n","protected":false},"featured_media":11999,"template":"","meta":{"wds_primary_product_brand":0,"wds_primary_product_cat":0,"wds_primary_maison_dedition":0},"product_brand":[],"product_cat":[560,551,616,538],"product_tag":[],"maison_dedition":[541],"class_list":{"0":"post-12001","1":"product","2":"type-product","3":"status-publish","4":"has-post-thumbnail","6":"product_cat-3-5-ans","7":"product_cat-activites","8":"product_cat-coloriages","9":"product_cat-jeunesse","10":"pa_auteur-collectif","11":"maison_dedition-les-editions-coup-doeil","13":"first","14":"instock","15":"taxable","16":"shipping-taxable","17":"product-type-variable"},"bundled_by":[],"bundle_stock_status":"instock","bundle_stock_quantity":null,"bundle_virtual":false,"bundle_layout":"","bundle_add_to_cart_form_location":"","bundle_editable_in_cart":false,"bundle_sold_individually_context":"","bundle_item_grouping":"","bundle_min_size":"","bundle_max_size":"","bundle_price":[],"bundled_items":[],"bundle_sell_ids":[],"acf":[],"_links":{"self":[{"href":"https:\/\/goelette.ca\/en\/wp-json\/wp\/v2\/product\/12001","targetHints":{"allow":["GET"]}}],"collection":[{"href":"https:\/\/goelette.ca\/en\/wp-json\/wp\/v2\/product"}],"about":[{"href":"https:\/\/goelette.ca\/en\/wp-json\/wp\/v2\/types\/product"}],"wp:featuredmedia":[{"embeddable":true,"href":"https:\/\/goelette.ca\/en\/wp-json\/wp\/v2\/media\/11999"}],"wp:attachment":[{"href":"https:\/\/goelette.ca\/en\/wp-json\/wp\/v2\/media?parent=12001"}],"wp:term":[{"taxonomy":"product_brand","embeddable":true,"href":"https:\/\/goelette.ca\/en\/wp-json\/wp\/v2\/product_brand?post=12001"},{"taxonomy":"product_cat","embeddable":true,"href":"https:\/\/goelette.ca\/en\/wp-json\/wp\/v2\/product_cat?post=12001"},{"taxonomy":"product_tag","embeddable":true,"href":"https:\/\/goelette.ca\/en\/wp-json\/wp\/v2\/product_tag?post=12001"},{"taxonomy":"maison_dedition","embeddable":true,"href":"https:\/\/goelette.ca\/en\/wp-json\/wp\/v2\/maison_dedition?post=12001"}],"curies":[{"name":"wp","href":"https:\/\/api.w.org\/{rel}","templated":true}]}}