{"id":11989,"date":"2020-05-25T01:00:00","date_gmt":"2021-10-04T19:01:59","guid":{"rendered":"https:\/\/www.goelette.ca\/produit\/si-tu-tappelles-melancolie\/"},"modified":"2023-02-03T14:27:51","modified_gmt":"2023-02-03T19:27:51","slug":"si-tu-tappelles-melancolie","status":"publish","type":"product","link":"https:\/\/goelette.ca\/en\/tous-les-livres\/si-tu-tappelles-melancolie\/","title":{"rendered":"Si tu t&#8217;appelles M\u00e9lancolie"},"content":{"rendered":"<p>M\u00e9lancolie Belhumeur a tout pour \u00eatre heureuse. Elle a une vie sociale bien remplie, une meilleure amie en or et m\u00eame un chat adorable. Mais M\u00e9lancolie se sent m.lancolique ! C&#8217;est que sa vie lui semble d\u00e9sormais terne. Son travail en t\u00e9l\u00e9 ? Redondant. Sa vie amoureuse on n&#8217;en parle m\u00eame pas ! Au secours: crise de la trentaine \u00e0 l&#8217;horizon !<\/p>\n","protected":false},"excerpt":{"rendered":"<p>M\u00e9lancolie Belhumeur a tout pour \u00eatre heureuse. Elle a une vie sociale bien remplie, une meilleure amie en or et m\u00eame un chat adorable. Mais M\u00e9lancolie se sent m.lancolique ! C&#8217;est que sa vie lui semble d\u00e9sormais terne. Son travail en t\u00e9l\u00e9 ? Redondant. Sa vie amoureuse on n&#8217;en parle m\u00eame pas ! Au secours: [&hellip;]<\/p>\n","protected":false},"featured_media":11987,"template":"","meta":{"wds_primary_product_brand":0,"wds_primary_product_cat":0,"wds_primary_maison_dedition":0},"product_brand":[],"product_cat":[548,542],"product_tag":[],"maison_dedition":[541],"class_list":{"0":"post-11989","1":"product","2":"type-product","3":"status-publish","4":"has-post-thumbnail","6":"product_cat-chick-lit","7":"product_cat-roman","8":"pa_auteur-melanie-leblanc","9":"maison_dedition-les-editions-coup-doeil","11":"first","12":"instock","13":"taxable","14":"shipping-taxable","15":"purchasable","16":"product-type-variable"},"bundled_by":[],"bundle_stock_status":"instock","bundle_stock_quantity":null,"bundle_virtual":false,"bundle_layout":"","bundle_add_to_cart_form_location":"","bundle_editable_in_cart":false,"bundle_sold_individually_context":"","bundle_item_grouping":"","bundle_min_size":"","bundle_max_size":"","bundle_price":[],"bundled_items":[],"bundle_sell_ids":[],"acf":[],"_links":{"self":[{"href":"https:\/\/goelette.ca\/en\/wp-json\/wp\/v2\/product\/11989","targetHints":{"allow":["GET"]}}],"collection":[{"href":"https:\/\/goelette.ca\/en\/wp-json\/wp\/v2\/product"}],"about":[{"href":"https:\/\/goelette.ca\/en\/wp-json\/wp\/v2\/types\/product"}],"wp:featuredmedia":[{"embeddable":true,"href":"https:\/\/goelette.ca\/en\/wp-json\/wp\/v2\/media\/11987"}],"wp:attachment":[{"href":"https:\/\/goelette.ca\/en\/wp-json\/wp\/v2\/media?parent=11989"}],"wp:term":[{"taxonomy":"product_brand","embeddable":true,"href":"https:\/\/goelette.ca\/en\/wp-json\/wp\/v2\/product_brand?post=11989"},{"taxonomy":"product_cat","embeddable":true,"href":"https:\/\/goelette.ca\/en\/wp-json\/wp\/v2\/product_cat?post=11989"},{"taxonomy":"product_tag","embeddable":true,"href":"https:\/\/goelette.ca\/en\/wp-json\/wp\/v2\/product_tag?post=11989"},{"taxonomy":"maison_dedition","embeddable":true,"href":"https:\/\/goelette.ca\/en\/wp-json\/wp\/v2\/maison_dedition?post=11989"}],"curies":[{"name":"wp","href":"https:\/\/api.w.org\/{rel}","templated":true}]}}