{"id":11926,"date":"2020-07-01T01:00:00","date_gmt":"2021-10-04T19:00:41","guid":{"rendered":"https:\/\/www.goelette.ca\/produit\/peinture-a-leau-dans-la-mer\/"},"modified":"2022-07-12T08:49:35","modified_gmt":"2022-07-12T12:49:35","slug":"peinture-a-leau-dans-la-mer","status":"publish","type":"product","link":"https:\/\/goelette.ca\/en\/tous-les-livres\/peinture-a-leau-dans-la-mer\/","title":{"rendered":"Peinture \u00e0 l&#8217;eau (Dans la mer)"},"content":{"rendered":"<p>Trempe ton pinceau dans un peu d&#8217;eau et plonge dans le monde marin !<\/p>\n<p>Donne vie \u00e0 d&#8217;incroyables animaux et affiche fi\u00e8rement tes oeuvres de peinture \u00e0 l&#8217;eau.<\/p>\n<p>Autres titres disponibles: <em>Dans la for\u00eat<\/em>, <em>Dans la jungle<\/em>,<em> \u00c0 la ferme<\/em>.<\/p>\n","protected":false},"excerpt":{"rendered":"<p>Trempe ton pinceau dans un peu d&#8217;eau et plonge dans le monde marin ! Donne vie \u00e0 d&#8217;incroyables animaux et affiche fi\u00e8rement tes oeuvres de peinture \u00e0 l&#8217;eau. Autres titres disponibles: Dans la for\u00eat, Dans la jungle, \u00c0 la ferme.<\/p>\n","protected":false},"featured_media":11924,"template":"","meta":{"wds_primary_product_brand":0,"wds_primary_product_cat":0,"wds_primary_maison_dedition":0},"product_brand":[],"product_cat":[551,538,611],"product_tag":[],"maison_dedition":[541],"class_list":{"0":"post-11926","1":"product","2":"type-product","3":"status-publish","4":"has-post-thumbnail","6":"product_cat-activites","7":"product_cat-jeunesse","8":"product_cat-peinture-a-leau","9":"pa_auteur-collectif","10":"maison_dedition-les-editions-coup-doeil","12":"first","13":"instock","14":"taxable","15":"shipping-taxable","16":"purchasable","17":"product-type-variable"},"bundled_by":[],"bundle_stock_status":"instock","bundle_stock_quantity":null,"bundle_virtual":false,"bundle_layout":"","bundle_add_to_cart_form_location":"","bundle_editable_in_cart":false,"bundle_sold_individually_context":"","bundle_item_grouping":"","bundle_min_size":"","bundle_max_size":"","bundle_price":[],"bundled_items":[],"bundle_sell_ids":[],"acf":[],"_links":{"self":[{"href":"https:\/\/goelette.ca\/en\/wp-json\/wp\/v2\/product\/11926","targetHints":{"allow":["GET"]}}],"collection":[{"href":"https:\/\/goelette.ca\/en\/wp-json\/wp\/v2\/product"}],"about":[{"href":"https:\/\/goelette.ca\/en\/wp-json\/wp\/v2\/types\/product"}],"wp:featuredmedia":[{"embeddable":true,"href":"https:\/\/goelette.ca\/en\/wp-json\/wp\/v2\/media\/11924"}],"wp:attachment":[{"href":"https:\/\/goelette.ca\/en\/wp-json\/wp\/v2\/media?parent=11926"}],"wp:term":[{"taxonomy":"product_brand","embeddable":true,"href":"https:\/\/goelette.ca\/en\/wp-json\/wp\/v2\/product_brand?post=11926"},{"taxonomy":"product_cat","embeddable":true,"href":"https:\/\/goelette.ca\/en\/wp-json\/wp\/v2\/product_cat?post=11926"},{"taxonomy":"product_tag","embeddable":true,"href":"https:\/\/goelette.ca\/en\/wp-json\/wp\/v2\/product_tag?post=11926"},{"taxonomy":"maison_dedition","embeddable":true,"href":"https:\/\/goelette.ca\/en\/wp-json\/wp\/v2\/maison_dedition?post=11926"}],"curies":[{"name":"wp","href":"https:\/\/api.w.org\/{rel}","templated":true}]}}