{"id":11884,"date":"2020-03-13T01:00:00","date_gmt":"2021-10-04T18:59:37","guid":{"rendered":"https:\/\/www.goelette.ca\/produit\/barbecue\/"},"modified":"2021-12-03T18:07:18","modified_gmt":"2021-12-03T17:07:18","slug":"barbecue","status":"publish","type":"product","link":"https:\/\/goelette.ca\/en\/tous-les-livres\/barbecue\/","title":{"rendered":"Barbecue"},"content":{"rendered":"<p>Viandes et poissons, fruits et l\u00e9gumes, marinades et burgers sont au rendez-vous !<\/p>\n<p>Red\u00e9couvrez et r\u00e9inventez les classiques du barbecue avec ces 50 recettes simples et d\u00e9licieuses.<\/p>\n<p>Laissez-vous tenter par leurs saveurs exquises et surprenantes !<\/p>\n<p> <span style=\"color: #ff0000; font-size: 16px;\">Bon app\u00e9tit !<\/span><\/p>\n","protected":false},"excerpt":{"rendered":"<p>Viandes et poissons, fruits et l\u00e9gumes, marinades et burgers sont au rendez-vous ! Red\u00e9couvrez et r\u00e9inventez les classiques du barbecue avec ces 50 recettes simples et d\u00e9licieuses. Laissez-vous tenter par leurs saveurs exquises et surprenantes ! Bon app\u00e9tit !<\/p>\n","protected":false},"featured_media":11882,"template":"","meta":{"wds_primary_product_brand":0,"wds_primary_product_cat":0,"wds_primary_maison_dedition":0},"product_brand":[],"product_cat":[550],"product_tag":[],"maison_dedition":[541],"class_list":{"0":"post-11884","1":"product","2":"type-product","3":"status-publish","4":"has-post-thumbnail","6":"product_cat-livres-de-cuisine","7":"pa_auteur-collectif","8":"maison_dedition-les-editions-coup-doeil","10":"first","11":"instock","12":"taxable","13":"shipping-taxable","14":"product-type-variable"},"bundled_by":[],"bundle_stock_status":"instock","bundle_stock_quantity":null,"bundle_virtual":false,"bundle_layout":"","bundle_add_to_cart_form_location":"","bundle_editable_in_cart":false,"bundle_sold_individually_context":"","bundle_item_grouping":"","bundle_min_size":"","bundle_max_size":"","bundle_price":[],"bundled_items":[],"bundle_sell_ids":[],"acf":[],"_links":{"self":[{"href":"https:\/\/goelette.ca\/en\/wp-json\/wp\/v2\/product\/11884","targetHints":{"allow":["GET"]}}],"collection":[{"href":"https:\/\/goelette.ca\/en\/wp-json\/wp\/v2\/product"}],"about":[{"href":"https:\/\/goelette.ca\/en\/wp-json\/wp\/v2\/types\/product"}],"wp:featuredmedia":[{"embeddable":true,"href":"https:\/\/goelette.ca\/en\/wp-json\/wp\/v2\/media\/11882"}],"wp:attachment":[{"href":"https:\/\/goelette.ca\/en\/wp-json\/wp\/v2\/media?parent=11884"}],"wp:term":[{"taxonomy":"product_brand","embeddable":true,"href":"https:\/\/goelette.ca\/en\/wp-json\/wp\/v2\/product_brand?post=11884"},{"taxonomy":"product_cat","embeddable":true,"href":"https:\/\/goelette.ca\/en\/wp-json\/wp\/v2\/product_cat?post=11884"},{"taxonomy":"product_tag","embeddable":true,"href":"https:\/\/goelette.ca\/en\/wp-json\/wp\/v2\/product_tag?post=11884"},{"taxonomy":"maison_dedition","embeddable":true,"href":"https:\/\/goelette.ca\/en\/wp-json\/wp\/v2\/maison_dedition?post=11884"}],"curies":[{"name":"wp","href":"https:\/\/api.w.org\/{rel}","templated":true}]}}