{"id":11878,"date":"2020-03-11T01:00:00","date_gmt":"2021-10-04T18:59:30","guid":{"rendered":"https:\/\/www.goelette.ca\/produit\/japprends-a-compter-livre-ardoise\/"},"modified":"2021-12-03T18:07:18","modified_gmt":"2021-12-03T17:07:18","slug":"japprends-a-compter-livre-ardoise","status":"publish","type":"product","link":"https:\/\/goelette.ca\/en\/tous-les-livres\/japprends-a-compter-livre-ardoise\/","title":{"rendered":"J&#8217;apprends \u00e0 compter (Livre-ardoise)"},"content":{"rendered":"<p>\u00c0 l&#8217;aide des images color\u00e9es et des diff\u00e9rentes consignes, amuse-toi \u00e0 faire des additions et des soustractions. Efface et recommence autant de fois que tu veux !<\/p>\n<p>Un outil id\u00e9al pour d\u00e9velopper la et <span style=\"color: #ff0000;\">dext\u00e9rit\u00e9<\/span> la <span style=\"color: #0000ff;\">motricit\u00e9 fine<\/span>.<\/p>\n","protected":false},"excerpt":{"rendered":"<p>\u00c0 l&#8217;aide des images color\u00e9es et des diff\u00e9rentes consignes, amuse-toi \u00e0 faire des additions et des soustractions. Efface et recommence autant de fois que tu veux ! Un outil id\u00e9al pour d\u00e9velopper la et dext\u00e9rit\u00e9 la motricit\u00e9 fine.<\/p>\n","protected":false},"featured_media":11876,"template":"","meta":{"wds_primary_product_brand":0,"wds_primary_product_cat":0,"wds_primary_maison_dedition":0},"product_brand":[],"product_cat":[560,538,620,597],"product_tag":[],"maison_dedition":[541],"class_list":{"0":"post-11878","1":"product","2":"type-product","3":"status-publish","4":"has-post-thumbnail","6":"product_cat-3-5-ans","7":"product_cat-jeunesse","8":"product_cat-livres-ardoise","9":"product_cat-parascolaire","10":"pa_auteur-collectif","11":"maison_dedition-les-editions-coup-doeil","13":"first","14":"instock","15":"taxable","16":"shipping-taxable","17":"product-type-variable"},"bundled_by":[],"bundle_stock_status":"instock","bundle_stock_quantity":null,"bundle_virtual":false,"bundle_layout":"","bundle_add_to_cart_form_location":"","bundle_editable_in_cart":false,"bundle_sold_individually_context":"","bundle_item_grouping":"","bundle_min_size":"","bundle_max_size":"","bundle_price":[],"bundled_items":[],"bundle_sell_ids":[],"acf":[],"_links":{"self":[{"href":"https:\/\/goelette.ca\/en\/wp-json\/wp\/v2\/product\/11878","targetHints":{"allow":["GET"]}}],"collection":[{"href":"https:\/\/goelette.ca\/en\/wp-json\/wp\/v2\/product"}],"about":[{"href":"https:\/\/goelette.ca\/en\/wp-json\/wp\/v2\/types\/product"}],"wp:featuredmedia":[{"embeddable":true,"href":"https:\/\/goelette.ca\/en\/wp-json\/wp\/v2\/media\/11876"}],"wp:attachment":[{"href":"https:\/\/goelette.ca\/en\/wp-json\/wp\/v2\/media?parent=11878"}],"wp:term":[{"taxonomy":"product_brand","embeddable":true,"href":"https:\/\/goelette.ca\/en\/wp-json\/wp\/v2\/product_brand?post=11878"},{"taxonomy":"product_cat","embeddable":true,"href":"https:\/\/goelette.ca\/en\/wp-json\/wp\/v2\/product_cat?post=11878"},{"taxonomy":"product_tag","embeddable":true,"href":"https:\/\/goelette.ca\/en\/wp-json\/wp\/v2\/product_tag?post=11878"},{"taxonomy":"maison_dedition","embeddable":true,"href":"https:\/\/goelette.ca\/en\/wp-json\/wp\/v2\/maison_dedition?post=11878"}],"curies":[{"name":"wp","href":"https:\/\/api.w.org\/{rel}","templated":true}]}}