{"id":11872,"date":"2020-03-11T01:00:00","date_gmt":"2020-03-11T05:00:00","guid":{"rendered":"https:\/\/www.goelette.ca\/produit\/je-trace-les-lettres-livre-ardoise\/"},"modified":"2023-08-07T14:57:37","modified_gmt":"2023-08-07T18:57:37","slug":"je-trace-les-lettres-mini-tablette-avec-crayon-2","status":"publish","type":"product","link":"https:\/\/goelette.ca\/en\/tous-les-livres\/je-trace-les-lettres-mini-tablette-avec-crayon-2\/","title":{"rendered":"Je trace les lettres &#8211; Mini tablette avec crayon"},"content":{"rendered":"<p>D\u00e9couvre des personnages color\u00e9s et amuse-toi \u00e0 tracer les lettres. Efface et recommence autant de fois que tu veux !<\/p>\n<p>Un outil id\u00e9al pour d\u00e9velopper la <span style=\"color: #ff0000;\">dext\u00e9rit\u00e9<\/span> et la <span style=\"color: #0000ff;\">motricit\u00e9 fine<\/span>.<\/p>\n","protected":false},"excerpt":{"rendered":"<p>D\u00e9couvre des personnages color\u00e9s et amuse-toi \u00e0 tracer les lettres. Efface et recommence autant de fois que tu veux ! Un outil id\u00e9al pour d\u00e9velopper la dext\u00e9rit\u00e9 et la motricit\u00e9 fine.<\/p>\n","protected":false},"featured_media":11870,"template":"","meta":{"wds_primary_product_brand":0,"wds_primary_product_cat":0,"wds_primary_maison_dedition":0},"product_brand":[],"product_cat":[560,551,538],"product_tag":[],"maison_dedition":[541],"class_list":{"0":"post-11872","1":"product","2":"type-product","3":"status-publish","4":"has-post-thumbnail","6":"product_cat-3-5-ans","7":"product_cat-activites","8":"product_cat-jeunesse","9":"pa_auteur-collectif","10":"maison_dedition-les-editions-coup-doeil","12":"first","13":"instock","14":"taxable","15":"shipping-taxable","16":"product-type-variable"},"bundled_by":[],"bundle_stock_status":"instock","bundle_stock_quantity":null,"bundle_virtual":false,"bundle_layout":"","bundle_add_to_cart_form_location":"","bundle_editable_in_cart":false,"bundle_sold_individually_context":"","bundle_item_grouping":"","bundle_min_size":"","bundle_max_size":"","bundle_price":[],"bundled_items":[],"bundle_sell_ids":[],"acf":[],"_links":{"self":[{"href":"https:\/\/goelette.ca\/en\/wp-json\/wp\/v2\/product\/11872","targetHints":{"allow":["GET"]}}],"collection":[{"href":"https:\/\/goelette.ca\/en\/wp-json\/wp\/v2\/product"}],"about":[{"href":"https:\/\/goelette.ca\/en\/wp-json\/wp\/v2\/types\/product"}],"wp:featuredmedia":[{"embeddable":true,"href":"https:\/\/goelette.ca\/en\/wp-json\/wp\/v2\/media\/11870"}],"wp:attachment":[{"href":"https:\/\/goelette.ca\/en\/wp-json\/wp\/v2\/media?parent=11872"}],"wp:term":[{"taxonomy":"product_brand","embeddable":true,"href":"https:\/\/goelette.ca\/en\/wp-json\/wp\/v2\/product_brand?post=11872"},{"taxonomy":"product_cat","embeddable":true,"href":"https:\/\/goelette.ca\/en\/wp-json\/wp\/v2\/product_cat?post=11872"},{"taxonomy":"product_tag","embeddable":true,"href":"https:\/\/goelette.ca\/en\/wp-json\/wp\/v2\/product_tag?post=11872"},{"taxonomy":"maison_dedition","embeddable":true,"href":"https:\/\/goelette.ca\/en\/wp-json\/wp\/v2\/maison_dedition?post=11872"}],"curies":[{"name":"wp","href":"https:\/\/api.w.org\/{rel}","templated":true}]}}