{"id":118645,"date":"2024-06-05T13:21:58","date_gmt":"2024-06-05T17:21:58","guid":{"rendered":"https:\/\/goelette.ca\/?post_type=product&#038;p=118645"},"modified":"2026-02-09T16:30:57","modified_gmt":"2026-02-09T21:30:57","slug":"coloriages-a-leau-princesses","status":"publish","type":"product","link":"https:\/\/goelette.ca\/en\/tous-les-livres\/coloriages-a-leau-princesses\/","title":{"rendered":"Coloriages \u00e0 l&#8217;eau &#8211; Princesses"},"content":{"rendered":"<p style=\"text-align: left;\">Livre de coloriages et activit\u00e9s r\u00e9utilisable<\/p>\n<p style=\"text-align: left;\">Les couleurs apparaissent comme par magie !<\/p>\n<p style=\"text-align: left;\"><b>Colorie l&#8217;image, puis laisse la s\u00e9cher. Les couleurs vont dispara\u00eetre. Recommence !<\/b><\/p>\n<p style=\"text-align: left;\">Instructions :<\/p>\n<ol style=\"text-align: left;\">\n<li>D\u00e9visse le bouchon du crayon.<\/li>\n<li>Remplis-le avec de l&#8217;eau.<\/li>\n<li>Revisse-le bien.<\/li>\n<li>Colorie les zones blanches.<\/li>\n<li>Laisse s\u00e9cher apr\u00e8s l&#8217;usage.<\/li>\n<\/ol>\n<p style=\"text-align: left;\">Dans la m\u00eame collection :<\/p>\n<ul>\n<li style=\"text-align: left;\">Animaux<\/li>\n<li style=\"text-align: left;\">Dinosaures<\/li>\n<li style=\"text-align: left;\">Amis magiques<\/li>\n<\/ul>\n","protected":false},"excerpt":{"rendered":"<p>Livre de coloriages et activit\u00e9s r\u00e9utilisable Les couleurs apparaissent comme par magie ! Colorie l&#8217;image, puis laisse la s\u00e9cher. Les couleurs vont dispara\u00eetre. Recommence ! Instructions : D\u00e9visse le bouchon du crayon. Remplis-le avec de l&#8217;eau. Revisse-le bien. Colorie les zones blanches. Laisse s\u00e9cher apr\u00e8s l&#8217;usage. Dans la m\u00eame collection : Animaux Dinosaures Amis magiques<\/p>\n","protected":false},"featured_media":118647,"template":"","meta":{"wds_primary_product_brand":0,"wds_primary_product_cat":0,"wds_primary_maison_dedition":0},"product_brand":[],"product_cat":[551,616,538,611],"product_tag":[],"maison_dedition":[541],"class_list":{"0":"post-118645","1":"product","2":"type-product","3":"status-publish","4":"has-post-thumbnail","6":"product_cat-activites","7":"product_cat-coloriages","8":"product_cat-jeunesse","9":"product_cat-peinture-a-leau","10":"pa_auteur-collectif","11":"maison_dedition-les-editions-coup-doeil","13":"first","14":"instock","15":"taxable","16":"shipping-taxable","17":"purchasable","18":"product-type-variable"},"bundled_by":[],"bundle_stock_status":"instock","bundle_stock_quantity":null,"bundle_virtual":false,"bundle_layout":"","bundle_add_to_cart_form_location":"","bundle_editable_in_cart":false,"bundle_sold_individually_context":"","bundle_item_grouping":"","bundle_min_size":"","bundle_max_size":"","bundle_price":[],"bundled_items":[],"bundle_sell_ids":[],"acf":[],"_links":{"self":[{"href":"https:\/\/goelette.ca\/en\/wp-json\/wp\/v2\/product\/118645","targetHints":{"allow":["GET"]}}],"collection":[{"href":"https:\/\/goelette.ca\/en\/wp-json\/wp\/v2\/product"}],"about":[{"href":"https:\/\/goelette.ca\/en\/wp-json\/wp\/v2\/types\/product"}],"wp:featuredmedia":[{"embeddable":true,"href":"https:\/\/goelette.ca\/en\/wp-json\/wp\/v2\/media\/118647"}],"wp:attachment":[{"href":"https:\/\/goelette.ca\/en\/wp-json\/wp\/v2\/media?parent=118645"}],"wp:term":[{"taxonomy":"product_brand","embeddable":true,"href":"https:\/\/goelette.ca\/en\/wp-json\/wp\/v2\/product_brand?post=118645"},{"taxonomy":"product_cat","embeddable":true,"href":"https:\/\/goelette.ca\/en\/wp-json\/wp\/v2\/product_cat?post=118645"},{"taxonomy":"product_tag","embeddable":true,"href":"https:\/\/goelette.ca\/en\/wp-json\/wp\/v2\/product_tag?post=118645"},{"taxonomy":"maison_dedition","embeddable":true,"href":"https:\/\/goelette.ca\/en\/wp-json\/wp\/v2\/maison_dedition?post=118645"}],"curies":[{"name":"wp","href":"https:\/\/api.w.org\/{rel}","templated":true}]}}