{"id":118631,"date":"2024-06-05T13:09:01","date_gmt":"2024-06-05T17:09:01","guid":{"rendered":"https:\/\/goelette.ca\/?post_type=product&#038;p=118631"},"modified":"2024-06-05T13:12:01","modified_gmt":"2024-06-05T17:12:01","slug":"autocollants-par-numeros-licornes-magiques","status":"publish","type":"product","link":"https:\/\/goelette.ca\/en\/tous-les-livres\/autocollants-par-numeros-licornes-magiques\/","title":{"rendered":"Autocollants par num\u00e9ros &#8211; Licornes magiques"},"content":{"rendered":"<p><strong>6 images et 3 pages d&#8217;autocollants<\/strong><\/p>\n<p>Pour chaque image, colle les autocollants en suivant les num\u00e9ros.<\/p>\n<p>Tu verras de magnifiques oeuvres prendre vie sous tes yeux !<\/p>\n<p>&nbsp;<\/p>\n<p>Dans la m\u00eame collection :<\/p>\n<ul>\n<li>Dinos de l&#8217;espace<\/li>\n<li>Sous l&#8217;oc\u00e9an<\/li>\n<li>Fabuleux insectes<\/li>\n<\/ul>\n","protected":false},"excerpt":{"rendered":"<p>6 images et 3 pages d&#8217;autocollants Pour chaque image, colle les autocollants en suivant les num\u00e9ros. Tu verras de magnifiques oeuvres prendre vie sous tes yeux ! &nbsp; Dans la m\u00eame collection : Dinos de l&#8217;espace Sous l&#8217;oc\u00e9an Fabuleux insectes<\/p>\n","protected":false},"featured_media":118634,"template":"","meta":{"wds_primary_product_brand":0,"wds_primary_product_cat":0,"wds_primary_maison_dedition":0},"product_brand":[],"product_cat":[551,552,538],"product_tag":[],"maison_dedition":[541],"class_list":{"0":"post-118631","1":"product","2":"type-product","3":"status-publish","4":"has-post-thumbnail","6":"product_cat-activites","7":"product_cat-autocollants","8":"product_cat-jeunesse","9":"pa_auteur-collectif","10":"maison_dedition-les-editions-coup-doeil","12":"first","13":"instock","14":"taxable","15":"shipping-taxable","16":"purchasable","17":"product-type-variable"},"bundled_by":[],"bundle_stock_status":"instock","bundle_stock_quantity":null,"bundle_virtual":false,"bundle_layout":"","bundle_add_to_cart_form_location":"","bundle_editable_in_cart":false,"bundle_sold_individually_context":"","bundle_item_grouping":"","bundle_min_size":"","bundle_max_size":"","bundle_price":[],"bundled_items":[],"bundle_sell_ids":[],"acf":[],"_links":{"self":[{"href":"https:\/\/goelette.ca\/en\/wp-json\/wp\/v2\/product\/118631","targetHints":{"allow":["GET"]}}],"collection":[{"href":"https:\/\/goelette.ca\/en\/wp-json\/wp\/v2\/product"}],"about":[{"href":"https:\/\/goelette.ca\/en\/wp-json\/wp\/v2\/types\/product"}],"wp:featuredmedia":[{"embeddable":true,"href":"https:\/\/goelette.ca\/en\/wp-json\/wp\/v2\/media\/118634"}],"wp:attachment":[{"href":"https:\/\/goelette.ca\/en\/wp-json\/wp\/v2\/media?parent=118631"}],"wp:term":[{"taxonomy":"product_brand","embeddable":true,"href":"https:\/\/goelette.ca\/en\/wp-json\/wp\/v2\/product_brand?post=118631"},{"taxonomy":"product_cat","embeddable":true,"href":"https:\/\/goelette.ca\/en\/wp-json\/wp\/v2\/product_cat?post=118631"},{"taxonomy":"product_tag","embeddable":true,"href":"https:\/\/goelette.ca\/en\/wp-json\/wp\/v2\/product_tag?post=118631"},{"taxonomy":"maison_dedition","embeddable":true,"href":"https:\/\/goelette.ca\/en\/wp-json\/wp\/v2\/maison_dedition?post=118631"}],"curies":[{"name":"wp","href":"https:\/\/api.w.org\/{rel}","templated":true}]}}