{"id":11854,"date":"2025-01-27T01:00:00","date_gmt":"2025-01-27T06:00:00","guid":{"rendered":"https:\/\/www.goelette.ca\/produit\/ou-allons-nous-regarde-sous-le-volet\/"},"modified":"2025-01-27T11:52:29","modified_gmt":"2025-01-27T16:52:29","slug":"ou-allons-nous-regarde-sous-le-volet","status":"publish","type":"product","link":"https:\/\/goelette.ca\/en\/tous-les-livres\/ou-allons-nous-regarde-sous-le-volet\/","title":{"rendered":"O\u00f9 allons-nous ? (Regarde sous le volet)"},"content":{"rendered":"<p>Un bruit attire les animaux \u00e0 leur fen\u00eatre. Que se passe-t-il ?<\/p>\n<p>Soul\u00e8ve le volet pour d\u00e9couvrir ce qui produit le son !<\/p>\n","protected":false},"excerpt":{"rendered":"<p>Un bruit attire les animaux \u00e0 leur fen\u00eatre. Que se passe-t-il ? Soul\u00e8ve le volet pour d\u00e9couvrir ce qui produit le son !<\/p>\n","protected":false},"featured_media":212798,"template":"","meta":{"wds_primary_product_brand":0,"wds_primary_product_cat":0,"wds_primary_maison_dedition":0},"product_brand":[],"product_cat":[540,538,579],"product_tag":[],"maison_dedition":[541],"class_list":{"0":"post-11854","1":"product","2":"type-product","3":"status-publish","4":"has-post-thumbnail","6":"product_cat-0-2-ans","7":"product_cat-jeunesse","8":"product_cat-souleve-les-volets","9":"pa_auteur-collectif","10":"maison_dedition-les-editions-coup-doeil","12":"first","13":"instock","14":"taxable","15":"shipping-taxable","16":"purchasable","17":"product-type-variable"},"bundled_by":[],"bundle_stock_status":"instock","bundle_stock_quantity":null,"bundle_virtual":false,"bundle_layout":"","bundle_add_to_cart_form_location":"","bundle_editable_in_cart":false,"bundle_sold_individually_context":"","bundle_item_grouping":"","bundle_min_size":"","bundle_max_size":"","bundle_price":[],"bundled_items":[],"bundle_sell_ids":[],"acf":[],"_links":{"self":[{"href":"https:\/\/goelette.ca\/en\/wp-json\/wp\/v2\/product\/11854","targetHints":{"allow":["GET"]}}],"collection":[{"href":"https:\/\/goelette.ca\/en\/wp-json\/wp\/v2\/product"}],"about":[{"href":"https:\/\/goelette.ca\/en\/wp-json\/wp\/v2\/types\/product"}],"wp:featuredmedia":[{"embeddable":true,"href":"https:\/\/goelette.ca\/en\/wp-json\/wp\/v2\/media\/212798"}],"wp:attachment":[{"href":"https:\/\/goelette.ca\/en\/wp-json\/wp\/v2\/media?parent=11854"}],"wp:term":[{"taxonomy":"product_brand","embeddable":true,"href":"https:\/\/goelette.ca\/en\/wp-json\/wp\/v2\/product_brand?post=11854"},{"taxonomy":"product_cat","embeddable":true,"href":"https:\/\/goelette.ca\/en\/wp-json\/wp\/v2\/product_cat?post=11854"},{"taxonomy":"product_tag","embeddable":true,"href":"https:\/\/goelette.ca\/en\/wp-json\/wp\/v2\/product_tag?post=11854"},{"taxonomy":"maison_dedition","embeddable":true,"href":"https:\/\/goelette.ca\/en\/wp-json\/wp\/v2\/maison_dedition?post=11854"}],"curies":[{"name":"wp","href":"https:\/\/api.w.org\/{rel}","templated":true}]}}