{"id":11851,"date":"2025-01-27T01:00:00","date_gmt":"2025-01-27T06:00:00","guid":{"rendered":"https:\/\/www.goelette.ca\/produit\/mon-premier-cherche-et-trouve-regarde-sous-le-volet\/"},"modified":"2025-01-27T11:56:04","modified_gmt":"2025-01-27T16:56:04","slug":"mon-premier-cherche-et-trouve-regarde-sous-le-volet","status":"publish","type":"product","link":"https:\/\/goelette.ca\/en\/tous-les-livres\/mon-premier-cherche-et-trouve-regarde-sous-le-volet\/","title":{"rendered":"Mon premier cherche et trouve (Regarde sous le volet)"},"content":{"rendered":"<p>D\u00e9couvre 4 univers dans lesquels se cache un jeu de cherche et trouve.<\/p>\n<p>Soul\u00e8ve le volet pour rep\u00e9rer les objets que cherchent d&#8217;attachants personnages !<\/p>\n","protected":false},"excerpt":{"rendered":"<p>D\u00e9couvre 4 univers dans lesquels se cache un jeu de cherche et trouve. Soul\u00e8ve le volet pour rep\u00e9rer les objets que cherchent d&#8217;attachants personnages !<\/p>\n","protected":false},"featured_media":212805,"template":"","meta":{"wds_primary_product_brand":0,"wds_primary_product_cat":0,"wds_primary_maison_dedition":0},"product_brand":[],"product_cat":[540,589,538,579],"product_tag":[],"maison_dedition":[541],"class_list":{"0":"post-11851","1":"product","2":"type-product","3":"status-publish","4":"has-post-thumbnail","6":"product_cat-0-2-ans","7":"product_cat-cherche-et-trouve","8":"product_cat-jeunesse","9":"product_cat-souleve-les-volets","10":"pa_auteur-collectif","11":"maison_dedition-les-editions-coup-doeil","13":"first","14":"instock","15":"taxable","16":"shipping-taxable","17":"purchasable","18":"product-type-variable"},"bundled_by":[],"bundle_stock_status":"instock","bundle_stock_quantity":null,"bundle_virtual":false,"bundle_layout":"","bundle_add_to_cart_form_location":"","bundle_editable_in_cart":false,"bundle_sold_individually_context":"","bundle_item_grouping":"","bundle_min_size":"","bundle_max_size":"","bundle_price":[],"bundled_items":[],"bundle_sell_ids":[],"acf":[],"_links":{"self":[{"href":"https:\/\/goelette.ca\/en\/wp-json\/wp\/v2\/product\/11851","targetHints":{"allow":["GET"]}}],"collection":[{"href":"https:\/\/goelette.ca\/en\/wp-json\/wp\/v2\/product"}],"about":[{"href":"https:\/\/goelette.ca\/en\/wp-json\/wp\/v2\/types\/product"}],"wp:featuredmedia":[{"embeddable":true,"href":"https:\/\/goelette.ca\/en\/wp-json\/wp\/v2\/media\/212805"}],"wp:attachment":[{"href":"https:\/\/goelette.ca\/en\/wp-json\/wp\/v2\/media?parent=11851"}],"wp:term":[{"taxonomy":"product_brand","embeddable":true,"href":"https:\/\/goelette.ca\/en\/wp-json\/wp\/v2\/product_brand?post=11851"},{"taxonomy":"product_cat","embeddable":true,"href":"https:\/\/goelette.ca\/en\/wp-json\/wp\/v2\/product_cat?post=11851"},{"taxonomy":"product_tag","embeddable":true,"href":"https:\/\/goelette.ca\/en\/wp-json\/wp\/v2\/product_tag?post=11851"},{"taxonomy":"maison_dedition","embeddable":true,"href":"https:\/\/goelette.ca\/en\/wp-json\/wp\/v2\/maison_dedition?post=11851"}],"curies":[{"name":"wp","href":"https:\/\/api.w.org\/{rel}","templated":true}]}}