{"id":118274,"date":"2024-06-04T15:21:25","date_gmt":"2024-06-04T19:21:25","guid":{"rendered":"https:\/\/goelette.ca\/?post_type=product&#038;p=118274"},"modified":"2024-06-20T13:04:00","modified_gmt":"2024-06-20T17:04:00","slug":"livre-dactivites-effacable-vehicules","status":"publish","type":"product","link":"https:\/\/goelette.ca\/en\/tous-les-livres\/livre-dactivites-effacable-vehicules\/","title":{"rendered":"Livre d&#8217;activit\u00e9s effa\u00e7able &#8211; V\u00e9hicules"},"content":{"rendered":"<p>D\u00e9couvre d\u2019incroyables moyens de transport gr\u00e2ce \u00e0 ce livre d\u2019activit\u00e9s effa\u00e7able, parfait pour d\u00e9velopper la motricit\u00e9 fine tout en s\u2019amusant.<\/p>\n<p>Compl\u00e8te les activit\u00e9s avec le feutre effa\u00e7able, efface tes r\u00e9ponses et recommence !<\/p>\n","protected":false},"excerpt":{"rendered":"<p>D\u00e9couvre d\u2019incroyables moyens de transport gr\u00e2ce \u00e0 ce livre d\u2019activit\u00e9s effa\u00e7able, parfait pour d\u00e9velopper la motricit\u00e9 fine tout en s\u2019amusant. Compl\u00e8te les activit\u00e9s avec le feutre effa\u00e7able, efface tes r\u00e9ponses et recommence !<\/p>\n","protected":false},"featured_media":118276,"template":"","meta":{"wds_primary_product_brand":0,"wds_primary_product_cat":0,"wds_primary_maison_dedition":0},"product_brand":[],"product_cat":[560,555,551,538],"product_tag":[],"maison_dedition":[541],"class_list":{"0":"post-118274","1":"product","2":"type-product","3":"status-publish","4":"has-post-thumbnail","6":"product_cat-3-5-ans","7":"product_cat-6-ans-et-plus","8":"product_cat-activites","9":"product_cat-jeunesse","10":"pa_auteur-collectif","11":"maison_dedition-les-editions-coup-doeil","13":"first","14":"instock","15":"taxable","16":"shipping-taxable","17":"purchasable","18":"product-type-variable"},"bundled_by":[],"bundle_stock_status":"instock","bundle_stock_quantity":null,"bundle_virtual":false,"bundle_layout":"","bundle_add_to_cart_form_location":"","bundle_editable_in_cart":false,"bundle_sold_individually_context":"","bundle_item_grouping":"","bundle_min_size":"","bundle_max_size":"","bundle_price":[],"bundled_items":[],"bundle_sell_ids":[],"acf":[],"_links":{"self":[{"href":"https:\/\/goelette.ca\/en\/wp-json\/wp\/v2\/product\/118274","targetHints":{"allow":["GET"]}}],"collection":[{"href":"https:\/\/goelette.ca\/en\/wp-json\/wp\/v2\/product"}],"about":[{"href":"https:\/\/goelette.ca\/en\/wp-json\/wp\/v2\/types\/product"}],"wp:featuredmedia":[{"embeddable":true,"href":"https:\/\/goelette.ca\/en\/wp-json\/wp\/v2\/media\/118276"}],"wp:attachment":[{"href":"https:\/\/goelette.ca\/en\/wp-json\/wp\/v2\/media?parent=118274"}],"wp:term":[{"taxonomy":"product_brand","embeddable":true,"href":"https:\/\/goelette.ca\/en\/wp-json\/wp\/v2\/product_brand?post=118274"},{"taxonomy":"product_cat","embeddable":true,"href":"https:\/\/goelette.ca\/en\/wp-json\/wp\/v2\/product_cat?post=118274"},{"taxonomy":"product_tag","embeddable":true,"href":"https:\/\/goelette.ca\/en\/wp-json\/wp\/v2\/product_tag?post=118274"},{"taxonomy":"maison_dedition","embeddable":true,"href":"https:\/\/goelette.ca\/en\/wp-json\/wp\/v2\/maison_dedition?post=118274"}],"curies":[{"name":"wp","href":"https:\/\/api.w.org\/{rel}","templated":true}]}}