{"id":118252,"date":"2024-06-04T14:14:56","date_gmt":"2024-06-04T18:14:56","guid":{"rendered":"https:\/\/goelette.ca\/?post_type=product&#038;p=118252"},"modified":"2024-06-04T14:17:28","modified_gmt":"2024-06-04T18:17:28","slug":"deco-de-fenetre-halloween","status":"publish","type":"product","link":"https:\/\/goelette.ca\/en\/tous-les-livres\/deco-de-fenetre-halloween\/","title":{"rendered":"D\u00e9co de fen\u00eatre &#8211; Halloween"},"content":{"rendered":"<p>Viens t&#8217;amuser avec les zombies et les vampires !<\/p>\n<p>Des heures de plaisir t&#8217;attendent dans la maison hant\u00e9e, le labyrinthe et le champ de citrouilles de ce livre d&#8217;activit\u00e9s !<\/p>\n<p>D\u00e9core ta maison avec des autocollants en gel et des images \u00e0 d\u00e9tacher !<\/p>\n","protected":false},"excerpt":{"rendered":"<p>Viens t&#8217;amuser avec les zombies et les vampires ! Des heures de plaisir t&#8217;attendent dans la maison hant\u00e9e, le labyrinthe et le champ de citrouilles de ce livre d&#8217;activit\u00e9s ! D\u00e9core ta maison avec des autocollants en gel et des images \u00e0 d\u00e9tacher !<\/p>\n","protected":false},"featured_media":118254,"template":"","meta":{"wds_primary_product_brand":0,"wds_primary_product_cat":0,"wds_primary_maison_dedition":0},"product_brand":[],"product_cat":[551,552,538],"product_tag":[],"maison_dedition":[],"class_list":{"0":"post-118252","1":"product","2":"type-product","3":"status-publish","4":"has-post-thumbnail","6":"product_cat-activites","7":"product_cat-autocollants","8":"product_cat-jeunesse","9":"pa_auteur-collectif","11":"first","12":"instock","13":"taxable","14":"shipping-taxable","15":"purchasable","16":"product-type-variable"},"bundled_by":[],"bundle_stock_status":"instock","bundle_stock_quantity":null,"bundle_virtual":false,"bundle_layout":"","bundle_add_to_cart_form_location":"","bundle_editable_in_cart":false,"bundle_sold_individually_context":"","bundle_item_grouping":"","bundle_min_size":"","bundle_max_size":"","bundle_price":[],"bundled_items":[],"bundle_sell_ids":[],"acf":[],"_links":{"self":[{"href":"https:\/\/goelette.ca\/en\/wp-json\/wp\/v2\/product\/118252","targetHints":{"allow":["GET"]}}],"collection":[{"href":"https:\/\/goelette.ca\/en\/wp-json\/wp\/v2\/product"}],"about":[{"href":"https:\/\/goelette.ca\/en\/wp-json\/wp\/v2\/types\/product"}],"wp:featuredmedia":[{"embeddable":true,"href":"https:\/\/goelette.ca\/en\/wp-json\/wp\/v2\/media\/118254"}],"wp:attachment":[{"href":"https:\/\/goelette.ca\/en\/wp-json\/wp\/v2\/media?parent=118252"}],"wp:term":[{"taxonomy":"product_brand","embeddable":true,"href":"https:\/\/goelette.ca\/en\/wp-json\/wp\/v2\/product_brand?post=118252"},{"taxonomy":"product_cat","embeddable":true,"href":"https:\/\/goelette.ca\/en\/wp-json\/wp\/v2\/product_cat?post=118252"},{"taxonomy":"product_tag","embeddable":true,"href":"https:\/\/goelette.ca\/en\/wp-json\/wp\/v2\/product_tag?post=118252"},{"taxonomy":"maison_dedition","embeddable":true,"href":"https:\/\/goelette.ca\/en\/wp-json\/wp\/v2\/maison_dedition?post=118252"}],"curies":[{"name":"wp","href":"https:\/\/api.w.org\/{rel}","templated":true}]}}