{"id":118213,"date":"2024-06-04T12:37:43","date_gmt":"2024-06-04T16:37:43","guid":{"rendered":"https:\/\/goelette.ca\/?post_type=product&#038;p=118213"},"modified":"2024-06-20T13:03:48","modified_gmt":"2024-06-20T17:03:48","slug":"royaume-arc-en-ciel-jeux-et-autocollants-avec-yeux-mobiles","status":"publish","type":"product","link":"https:\/\/goelette.ca\/en\/tous-les-livres\/royaume-arc-en-ciel-jeux-et-autocollants-avec-yeux-mobiles\/","title":{"rendered":"Royaume arc-en-ciel &#8211; Jeux et autocollants avec yeux mobiles"},"content":{"rendered":"<p>Viens t&#8217;amuser dans un monde multicolore rempli d&#8217;animaux adorables !<\/p>\n<p>Joue sous l&#8217;arc-en-ciel gr\u00e2ce \u00e0 ce livre d&#8217;activit\u00e9s originales, de casse-t\u00eates, de jeux et de coloriages.<\/p>\n<p>Des heures de plaisir t&#8217;attendent avec des autocollants aux yeux mobiles et des jolies images \u00e0 d\u00e9tacher !<\/p>\n","protected":false},"excerpt":{"rendered":"<p>Viens t&#8217;amuser dans un monde multicolore rempli d&#8217;animaux adorables ! Joue sous l&#8217;arc-en-ciel gr\u00e2ce \u00e0 ce livre d&#8217;activit\u00e9s originales, de casse-t\u00eates, de jeux et de coloriages. Des heures de plaisir t&#8217;attendent avec des autocollants aux yeux mobiles et des jolies images \u00e0 d\u00e9tacher !<\/p>\n","protected":false},"featured_media":118215,"template":"","meta":{"wds_primary_product_brand":0,"wds_primary_product_cat":0,"wds_primary_maison_dedition":0},"product_brand":[],"product_cat":[551,552,538],"product_tag":[],"maison_dedition":[541],"class_list":{"0":"post-118213","1":"product","2":"type-product","3":"status-publish","4":"has-post-thumbnail","6":"product_cat-activites","7":"product_cat-autocollants","8":"product_cat-jeunesse","9":"pa_auteur-collectif","10":"maison_dedition-les-editions-coup-doeil","12":"first","13":"instock","14":"taxable","15":"shipping-taxable","16":"purchasable","17":"product-type-variable"},"bundled_by":[],"bundle_stock_status":"instock","bundle_stock_quantity":null,"bundle_virtual":false,"bundle_layout":"","bundle_add_to_cart_form_location":"","bundle_editable_in_cart":false,"bundle_sold_individually_context":"","bundle_item_grouping":"","bundle_min_size":"","bundle_max_size":"","bundle_price":[],"bundled_items":[],"bundle_sell_ids":[],"acf":[],"_links":{"self":[{"href":"https:\/\/goelette.ca\/en\/wp-json\/wp\/v2\/product\/118213","targetHints":{"allow":["GET"]}}],"collection":[{"href":"https:\/\/goelette.ca\/en\/wp-json\/wp\/v2\/product"}],"about":[{"href":"https:\/\/goelette.ca\/en\/wp-json\/wp\/v2\/types\/product"}],"wp:featuredmedia":[{"embeddable":true,"href":"https:\/\/goelette.ca\/en\/wp-json\/wp\/v2\/media\/118215"}],"wp:attachment":[{"href":"https:\/\/goelette.ca\/en\/wp-json\/wp\/v2\/media?parent=118213"}],"wp:term":[{"taxonomy":"product_brand","embeddable":true,"href":"https:\/\/goelette.ca\/en\/wp-json\/wp\/v2\/product_brand?post=118213"},{"taxonomy":"product_cat","embeddable":true,"href":"https:\/\/goelette.ca\/en\/wp-json\/wp\/v2\/product_cat?post=118213"},{"taxonomy":"product_tag","embeddable":true,"href":"https:\/\/goelette.ca\/en\/wp-json\/wp\/v2\/product_tag?post=118213"},{"taxonomy":"maison_dedition","embeddable":true,"href":"https:\/\/goelette.ca\/en\/wp-json\/wp\/v2\/maison_dedition?post=118213"}],"curies":[{"name":"wp","href":"https:\/\/api.w.org\/{rel}","templated":true}]}}