{"id":118198,"date":"2024-06-04T12:05:44","date_gmt":"2024-06-04T16:05:44","guid":{"rendered":"https:\/\/goelette.ca\/?post_type=product&#038;p=118198"},"modified":"2024-06-20T13:03:50","modified_gmt":"2024-06-20T17:03:50","slug":"je-brille-dans-le-noir-lespace-jeux-et-autocollants-3d","status":"publish","type":"product","link":"https:\/\/goelette.ca\/en\/tous-les-livres\/je-brille-dans-le-noir-lespace-jeux-et-autocollants-3d\/","title":{"rendered":"Je brille dans le noir ! L&#8217;espace &#8211; Jeux et autocollants 3D"},"content":{"rendered":"<p>Viens t&#8217;amuser dans l&#8217;espace avec les extraterrestres et les astronautes !<\/p>\n<p>Joue parmi les plan\u00e8tes et les \u00e9toiles gr\u00e2ce \u00e0 ce livre d&#8217;activit\u00e9s originales, de casse-t\u00eates, de jeux et de coloriages.<\/p>\n<p>Des heures de plaisir t&#8217;attendent avec des autocollants 3D qui brillent dans le noir et des images \u00e0 d\u00e9tacher !<\/p>\n","protected":false},"excerpt":{"rendered":"<p>Viens t&#8217;amuser dans l&#8217;espace avec les extraterrestres et les astronautes ! Joue parmi les plan\u00e8tes et les \u00e9toiles gr\u00e2ce \u00e0 ce livre d&#8217;activit\u00e9s originales, de casse-t\u00eates, de jeux et de coloriages. Des heures de plaisir t&#8217;attendent avec des autocollants 3D qui brillent dans le noir et des images \u00e0 d\u00e9tacher !<\/p>\n","protected":false},"featured_media":118201,"template":"","meta":{"wds_primary_product_brand":0,"wds_primary_product_cat":0,"wds_primary_maison_dedition":0},"product_brand":[],"product_cat":[551,552,538],"product_tag":[],"maison_dedition":[541],"class_list":{"0":"post-118198","1":"product","2":"type-product","3":"status-publish","4":"has-post-thumbnail","6":"product_cat-activites","7":"product_cat-autocollants","8":"product_cat-jeunesse","9":"pa_auteur-collectif","10":"maison_dedition-les-editions-coup-doeil","12":"first","13":"instock","14":"taxable","15":"shipping-taxable","16":"purchasable","17":"product-type-variable"},"bundled_by":[],"bundle_stock_status":"instock","bundle_stock_quantity":null,"bundle_virtual":false,"bundle_layout":"","bundle_add_to_cart_form_location":"","bundle_editable_in_cart":false,"bundle_sold_individually_context":"","bundle_item_grouping":"","bundle_min_size":"","bundle_max_size":"","bundle_price":[],"bundled_items":[],"bundle_sell_ids":[],"acf":[],"_links":{"self":[{"href":"https:\/\/goelette.ca\/en\/wp-json\/wp\/v2\/product\/118198","targetHints":{"allow":["GET"]}}],"collection":[{"href":"https:\/\/goelette.ca\/en\/wp-json\/wp\/v2\/product"}],"about":[{"href":"https:\/\/goelette.ca\/en\/wp-json\/wp\/v2\/types\/product"}],"wp:featuredmedia":[{"embeddable":true,"href":"https:\/\/goelette.ca\/en\/wp-json\/wp\/v2\/media\/118201"}],"wp:attachment":[{"href":"https:\/\/goelette.ca\/en\/wp-json\/wp\/v2\/media?parent=118198"}],"wp:term":[{"taxonomy":"product_brand","embeddable":true,"href":"https:\/\/goelette.ca\/en\/wp-json\/wp\/v2\/product_brand?post=118198"},{"taxonomy":"product_cat","embeddable":true,"href":"https:\/\/goelette.ca\/en\/wp-json\/wp\/v2\/product_cat?post=118198"},{"taxonomy":"product_tag","embeddable":true,"href":"https:\/\/goelette.ca\/en\/wp-json\/wp\/v2\/product_tag?post=118198"},{"taxonomy":"maison_dedition","embeddable":true,"href":"https:\/\/goelette.ca\/en\/wp-json\/wp\/v2\/maison_dedition?post=118198"}],"curies":[{"name":"wp","href":"https:\/\/api.w.org\/{rel}","templated":true}]}}