{"id":118191,"date":"2024-06-04T12:01:24","date_gmt":"2024-06-04T16:01:24","guid":{"rendered":"https:\/\/goelette.ca\/?post_type=product&#038;p=118191"},"modified":"2024-06-20T13:03:51","modified_gmt":"2024-06-20T17:03:51","slug":"jaime-les-licornes-jeux-et-autocollants-3d","status":"publish","type":"product","link":"https:\/\/goelette.ca\/en\/tous-les-livres\/jaime-les-licornes-jeux-et-autocollants-3d\/","title":{"rendered":"J&#8217;aime les licornes &#8211; Jeux et autocollants 3D"},"content":{"rendered":"<p>Viens t&#8217;amuser dans un monde aux couleurs pastel rempli de mignonnes licornes!<\/p>\n<p>Joue dans les nuages gr\u00e2ce \u00e0 ce livre d&#8217;activit\u00e9s originales, de casse-t\u00eates, de jeux et de coloriages.<\/p>\n<p>Des heures de plaisir t&#8217;attendent avec des autocollants 3D et de jolie images \u00e0 d\u00e9tacher!<\/p>\n","protected":false},"excerpt":{"rendered":"<p>Viens t&#8217;amuser dans un monde aux couleurs pastel rempli de mignonnes licornes! Joue dans les nuages gr\u00e2ce \u00e0 ce livre d&#8217;activit\u00e9s originales, de casse-t\u00eates, de jeux et de coloriages. Des heures de plaisir t&#8217;attendent avec des autocollants 3D et de jolie images \u00e0 d\u00e9tacher!<\/p>\n","protected":false},"featured_media":118194,"template":"","meta":{"wds_primary_product_brand":0,"wds_primary_product_cat":0,"wds_primary_maison_dedition":0},"product_brand":[],"product_cat":[551,552,538],"product_tag":[],"maison_dedition":[541],"class_list":{"0":"post-118191","1":"product","2":"type-product","3":"status-publish","4":"has-post-thumbnail","6":"product_cat-activites","7":"product_cat-autocollants","8":"product_cat-jeunesse","9":"pa_auteur-collectif","10":"maison_dedition-les-editions-coup-doeil","12":"first","13":"instock","14":"taxable","15":"shipping-taxable","16":"purchasable","17":"product-type-variable"},"bundled_by":[],"bundle_stock_status":"instock","bundle_stock_quantity":null,"bundle_virtual":false,"bundle_layout":"","bundle_add_to_cart_form_location":"","bundle_editable_in_cart":false,"bundle_sold_individually_context":"","bundle_item_grouping":"","bundle_min_size":"","bundle_max_size":"","bundle_price":[],"bundled_items":[],"bundle_sell_ids":[],"acf":[],"_links":{"self":[{"href":"https:\/\/goelette.ca\/en\/wp-json\/wp\/v2\/product\/118191","targetHints":{"allow":["GET"]}}],"collection":[{"href":"https:\/\/goelette.ca\/en\/wp-json\/wp\/v2\/product"}],"about":[{"href":"https:\/\/goelette.ca\/en\/wp-json\/wp\/v2\/types\/product"}],"wp:featuredmedia":[{"embeddable":true,"href":"https:\/\/goelette.ca\/en\/wp-json\/wp\/v2\/media\/118194"}],"wp:attachment":[{"href":"https:\/\/goelette.ca\/en\/wp-json\/wp\/v2\/media?parent=118191"}],"wp:term":[{"taxonomy":"product_brand","embeddable":true,"href":"https:\/\/goelette.ca\/en\/wp-json\/wp\/v2\/product_brand?post=118191"},{"taxonomy":"product_cat","embeddable":true,"href":"https:\/\/goelette.ca\/en\/wp-json\/wp\/v2\/product_cat?post=118191"},{"taxonomy":"product_tag","embeddable":true,"href":"https:\/\/goelette.ca\/en\/wp-json\/wp\/v2\/product_tag?post=118191"},{"taxonomy":"maison_dedition","embeddable":true,"href":"https:\/\/goelette.ca\/en\/wp-json\/wp\/v2\/maison_dedition?post=118191"}],"curies":[{"name":"wp","href":"https:\/\/api.w.org\/{rel}","templated":true}]}}