{"id":11797,"date":"2023-03-09T00:00:00","date_gmt":"2023-03-09T05:00:00","guid":{"rendered":"https:\/\/www.goelette.ca\/produit\/adam-va-sur-le-pot-2\/"},"modified":"2023-12-19T12:10:14","modified_gmt":"2023-12-19T17:10:14","slug":"adam-va-sur-le-pot-2","status":"publish","type":"product","link":"https:\/\/goelette.ca\/en\/tous-les-livres\/adam-va-sur-le-pot-2\/","title":{"rendered":"Adam va sur le pot"},"content":{"rendered":"<p>Apprends \u00e0 faire tes besoins comme les grands gr\u00e2ce \u00e0 Adam, le lion.<\/p>\n<p>Aller sur le pot, c&#8217;est amusant !<\/p>\n","protected":false},"excerpt":{"rendered":"<p>Apprends \u00e0 faire tes besoins comme les grands gr\u00e2ce \u00e0 Adam, le lion. Aller sur le pot, c&#8217;est amusant !<\/p>\n","protected":false},"featured_media":11795,"template":"","meta":{"wds_primary_product_brand":0,"wds_primary_product_cat":0,"wds_primary_maison_dedition":0},"product_brand":[],"product_cat":[540,578,538],"product_tag":[],"maison_dedition":[619],"class_list":{"0":"post-11797","1":"product","2":"type-product","3":"status-publish","4":"has-post-thumbnail","6":"product_cat-0-2-ans","7":"product_cat-albums-illustres","8":"product_cat-jeunesse","9":"pa_auteur-maude-iris-hamelin-ouellette","10":"pa_illustrateur-sandrine-lamour","11":"maison_dedition-tout-carton","13":"first","14":"instock","15":"taxable","16":"shipping-taxable","17":"purchasable","18":"product-type-variable"},"bundled_by":[],"bundle_stock_status":"instock","bundle_stock_quantity":null,"bundle_virtual":false,"bundle_layout":"","bundle_add_to_cart_form_location":"","bundle_editable_in_cart":false,"bundle_sold_individually_context":"","bundle_item_grouping":"","bundle_min_size":"","bundle_max_size":"","bundle_price":[],"bundled_items":[],"bundle_sell_ids":[],"acf":[],"_links":{"self":[{"href":"https:\/\/goelette.ca\/en\/wp-json\/wp\/v2\/product\/11797","targetHints":{"allow":["GET"]}}],"collection":[{"href":"https:\/\/goelette.ca\/en\/wp-json\/wp\/v2\/product"}],"about":[{"href":"https:\/\/goelette.ca\/en\/wp-json\/wp\/v2\/types\/product"}],"wp:featuredmedia":[{"embeddable":true,"href":"https:\/\/goelette.ca\/en\/wp-json\/wp\/v2\/media\/11795"}],"wp:attachment":[{"href":"https:\/\/goelette.ca\/en\/wp-json\/wp\/v2\/media?parent=11797"}],"wp:term":[{"taxonomy":"product_brand","embeddable":true,"href":"https:\/\/goelette.ca\/en\/wp-json\/wp\/v2\/product_brand?post=11797"},{"taxonomy":"product_cat","embeddable":true,"href":"https:\/\/goelette.ca\/en\/wp-json\/wp\/v2\/product_cat?post=11797"},{"taxonomy":"product_tag","embeddable":true,"href":"https:\/\/goelette.ca\/en\/wp-json\/wp\/v2\/product_tag?post=11797"},{"taxonomy":"maison_dedition","embeddable":true,"href":"https:\/\/goelette.ca\/en\/wp-json\/wp\/v2\/maison_dedition?post=11797"}],"curies":[{"name":"wp","href":"https:\/\/api.w.org\/{rel}","templated":true}]}}