{"id":11791,"date":"2020-03-04T01:00:00","date_gmt":"2021-10-04T18:58:18","guid":{"rendered":"https:\/\/www.goelette.ca\/produit\/les-oiseaux-du-quebec\/"},"modified":"2023-03-09T09:46:29","modified_gmt":"2023-03-09T14:46:29","slug":"les-oiseaux-du-quebec","status":"publish","type":"product","link":"https:\/\/goelette.ca\/en\/tous-les-livres\/les-oiseaux-du-quebec\/","title":{"rendered":"Les oiseaux du Qu\u00e9bec"},"content":{"rendered":"<p>Au gr\u00e9 des saisons, en ville comme \u00e0 la campagne, d\u00e9couvrez plus de 60 esp\u00e8ces d&#8217;oiseaux du Qu\u00e9bec. Gr\u00e2ce \u00e0 des photos magnifiques et \u00e0 des informations pr\u00e9cises, vous apprendrez les caract\u00e9ristiques de chaque oiseau y compris de nombreux faits cocasses.<\/p>\n<p>Amateurs d&#8217;ornithologie, vous n&#8217;aurez qu&#8217;\u00e0 ouvrir l&#8217;oeil &#8230; et ce guide !<\/p>\n","protected":false},"excerpt":{"rendered":"<p>Au gr\u00e9 des saisons, en ville comme \u00e0 la campagne, d\u00e9couvrez plus de 60 esp\u00e8ces d&#8217;oiseaux du Qu\u00e9bec. Gr\u00e2ce \u00e0 des photos magnifiques et \u00e0 des informations pr\u00e9cises, vous apprendrez les caract\u00e9ristiques de chaque oiseau y compris de nombreux faits cocasses. Amateurs d&#8217;ornithologie, vous n&#8217;aurez qu&#8217;\u00e0 ouvrir l&#8217;oeil &#8230; et ce guide !<\/p>\n","protected":false},"featured_media":53290,"template":"","meta":{"wds_primary_product_brand":0,"wds_primary_product_cat":0,"wds_primary_maison_dedition":0},"product_brand":[],"product_cat":[557,558,618],"product_tag":[],"maison_dedition":[541],"class_list":{"0":"post-11791","1":"product","2":"type-product","3":"status-publish","4":"has-post-thumbnail","6":"product_cat-pratique","7":"product_cat-sports-et-loisirs","8":"product_cat-zoologie-pratique","9":"pa_auteur-yvon-pageau","10":"maison_dedition-les-editions-coup-doeil","12":"first","13":"instock","14":"taxable","15":"shipping-taxable","16":"purchasable","17":"product-type-variable","18":"has-default-attributes"},"bundled_by":["50002"],"bundle_stock_status":"instock","bundle_stock_quantity":null,"bundle_virtual":false,"bundle_layout":"","bundle_add_to_cart_form_location":"","bundle_editable_in_cart":false,"bundle_sold_individually_context":"","bundle_item_grouping":"","bundle_min_size":"","bundle_max_size":"","bundle_price":[],"bundled_items":[],"bundle_sell_ids":[],"acf":[],"_links":{"self":[{"href":"https:\/\/goelette.ca\/en\/wp-json\/wp\/v2\/product\/11791","targetHints":{"allow":["GET"]}}],"collection":[{"href":"https:\/\/goelette.ca\/en\/wp-json\/wp\/v2\/product"}],"about":[{"href":"https:\/\/goelette.ca\/en\/wp-json\/wp\/v2\/types\/product"}],"wp:featuredmedia":[{"embeddable":true,"href":"https:\/\/goelette.ca\/en\/wp-json\/wp\/v2\/media\/53290"}],"wp:attachment":[{"href":"https:\/\/goelette.ca\/en\/wp-json\/wp\/v2\/media?parent=11791"}],"wp:term":[{"taxonomy":"product_brand","embeddable":true,"href":"https:\/\/goelette.ca\/en\/wp-json\/wp\/v2\/product_brand?post=11791"},{"taxonomy":"product_cat","embeddable":true,"href":"https:\/\/goelette.ca\/en\/wp-json\/wp\/v2\/product_cat?post=11791"},{"taxonomy":"product_tag","embeddable":true,"href":"https:\/\/goelette.ca\/en\/wp-json\/wp\/v2\/product_tag?post=11791"},{"taxonomy":"maison_dedition","embeddable":true,"href":"https:\/\/goelette.ca\/en\/wp-json\/wp\/v2\/maison_dedition?post=11791"}],"curies":[{"name":"wp","href":"https:\/\/api.w.org\/{rel}","templated":true}]}}