{"id":11785,"date":"2020-08-01T01:00:00","date_gmt":"2021-10-04T18:58:16","guid":{"rendered":"https:\/\/www.goelette.ca\/produit\/aiguisez-votre-memoire-vol-2\/"},"modified":"2021-12-03T18:07:13","modified_gmt":"2021-12-03T17:07:13","slug":"aiguisez-votre-memoire-vol-2","status":"publish","type":"product","link":"https:\/\/goelette.ca\/en\/tous-les-livres\/aiguisez-votre-memoire-vol-2\/","title":{"rendered":"Aiguisez votre m\u00e9moire vol. 2"},"content":{"rendered":"<p>Mots crois\u00e9s, mots cach\u00e9s, sudokus et encore plus !<\/p>\n<p><span style=\"color: #ff0000;\">Stimulez<\/span> vos neurones, <span style=\"color: #008000;\">entra\u00eenez<\/span> votre logique et <span style=\"color: #0000ff;\">approfondissez<\/span> vos connaissances g\u00e9n\u00e9rales gr\u00e2ce \u00e0 plus de 450 jeux de chiffres, de lettres et de d\u00e9duction qui garderont votre m\u00e9moire en forme !<\/p>\n","protected":false},"excerpt":{"rendered":"<p>Mots crois\u00e9s, mots cach\u00e9s, sudokus et encore plus ! Stimulez vos neurones, entra\u00eenez votre logique et approfondissez vos connaissances g\u00e9n\u00e9rales gr\u00e2ce \u00e0 plus de 450 jeux de chiffres, de lettres et de d\u00e9duction qui garderont votre m\u00e9moire en forme !<\/p>\n","protected":false},"featured_media":11783,"template":"","meta":{"wds_primary_product_brand":0,"wds_primary_product_cat":0,"wds_primary_maison_dedition":0},"product_brand":[],"product_cat":[567,587,566],"product_tag":[],"maison_dedition":[541],"class_list":{"0":"post-11785","1":"product","2":"type-product","3":"status-publish","4":"has-post-thumbnail","6":"product_cat-adulte","7":"product_cat-jeux-melanges","8":"product_cat-livres-de-jeux","9":"pa_auteur-collectif","10":"maison_dedition-les-editions-coup-doeil","12":"first","13":"instock","14":"taxable","15":"shipping-taxable","16":"product-type-variable"},"bundled_by":[],"bundle_stock_status":"instock","bundle_stock_quantity":null,"bundle_virtual":false,"bundle_layout":"","bundle_add_to_cart_form_location":"","bundle_editable_in_cart":false,"bundle_sold_individually_context":"","bundle_item_grouping":"","bundle_min_size":"","bundle_max_size":"","bundle_price":[],"bundled_items":[],"bundle_sell_ids":[],"acf":[],"_links":{"self":[{"href":"https:\/\/goelette.ca\/en\/wp-json\/wp\/v2\/product\/11785","targetHints":{"allow":["GET"]}}],"collection":[{"href":"https:\/\/goelette.ca\/en\/wp-json\/wp\/v2\/product"}],"about":[{"href":"https:\/\/goelette.ca\/en\/wp-json\/wp\/v2\/types\/product"}],"wp:featuredmedia":[{"embeddable":true,"href":"https:\/\/goelette.ca\/en\/wp-json\/wp\/v2\/media\/11783"}],"wp:attachment":[{"href":"https:\/\/goelette.ca\/en\/wp-json\/wp\/v2\/media?parent=11785"}],"wp:term":[{"taxonomy":"product_brand","embeddable":true,"href":"https:\/\/goelette.ca\/en\/wp-json\/wp\/v2\/product_brand?post=11785"},{"taxonomy":"product_cat","embeddable":true,"href":"https:\/\/goelette.ca\/en\/wp-json\/wp\/v2\/product_cat?post=11785"},{"taxonomy":"product_tag","embeddable":true,"href":"https:\/\/goelette.ca\/en\/wp-json\/wp\/v2\/product_tag?post=11785"},{"taxonomy":"maison_dedition","embeddable":true,"href":"https:\/\/goelette.ca\/en\/wp-json\/wp\/v2\/maison_dedition?post=11785"}],"curies":[{"name":"wp","href":"https:\/\/api.w.org\/{rel}","templated":true}]}}