{"id":11761,"date":"2020-08-01T01:00:00","date_gmt":"2021-10-04T18:57:49","guid":{"rendered":"https:\/\/www.goelette.ca\/produit\/mes-jeux-a-coller-3-5-ans\/"},"modified":"2021-12-03T18:07:11","modified_gmt":"2021-12-03T17:07:11","slug":"mes-jeux-a-coller-3-5-ans","status":"publish","type":"product","link":"https:\/\/goelette.ca\/en\/tous-les-livres\/mes-jeux-a-coller-3-5-ans\/","title":{"rendered":"Mes jeux \u00e0 coller 3-5 ans"},"content":{"rendered":"<p>Pour r\u00e9aliser ces jeux, tu n&#8217;as pas besoin de crayons ! Il te suffit d&#8217;utiliser les autocollants fournis pour indiquer tes r\u00e9ponses. Amuse-toi \u00e0 observer, compter, trouver les erreurs et r\u00e9soudre les casse-t\u00eates.<\/p>\n<p><span style=\"color: #ff0000;\"> Vive les autocollants !<\/span><\/p>\n","protected":false},"excerpt":{"rendered":"<p>Pour r\u00e9aliser ces jeux, tu n&#8217;as pas besoin de crayons ! Il te suffit d&#8217;utiliser les autocollants fournis pour indiquer tes r\u00e9ponses. Amuse-toi \u00e0 observer, compter, trouver les erreurs et r\u00e9soudre les casse-t\u00eates. Vive les autocollants !<\/p>\n","protected":false},"featured_media":11759,"template":"","meta":{"wds_primary_product_brand":0,"wds_primary_product_cat":0,"wds_primary_maison_dedition":0},"product_brand":[],"product_cat":[560,551,552,538],"product_tag":[],"maison_dedition":[541],"class_list":{"0":"post-11761","1":"product","2":"type-product","3":"status-publish","4":"has-post-thumbnail","6":"product_cat-3-5-ans","7":"product_cat-activites","8":"product_cat-autocollants","9":"product_cat-jeunesse","10":"pa_auteur-collectif","11":"maison_dedition-les-editions-coup-doeil","13":"first","14":"instock","15":"taxable","16":"shipping-taxable","17":"product-type-variable"},"bundled_by":[],"bundle_stock_status":"instock","bundle_stock_quantity":null,"bundle_virtual":false,"bundle_layout":"","bundle_add_to_cart_form_location":"","bundle_editable_in_cart":false,"bundle_sold_individually_context":"","bundle_item_grouping":"","bundle_min_size":"","bundle_max_size":"","bundle_price":[],"bundled_items":[],"bundle_sell_ids":[],"acf":[],"_links":{"self":[{"href":"https:\/\/goelette.ca\/en\/wp-json\/wp\/v2\/product\/11761","targetHints":{"allow":["GET"]}}],"collection":[{"href":"https:\/\/goelette.ca\/en\/wp-json\/wp\/v2\/product"}],"about":[{"href":"https:\/\/goelette.ca\/en\/wp-json\/wp\/v2\/types\/product"}],"wp:featuredmedia":[{"embeddable":true,"href":"https:\/\/goelette.ca\/en\/wp-json\/wp\/v2\/media\/11759"}],"wp:attachment":[{"href":"https:\/\/goelette.ca\/en\/wp-json\/wp\/v2\/media?parent=11761"}],"wp:term":[{"taxonomy":"product_brand","embeddable":true,"href":"https:\/\/goelette.ca\/en\/wp-json\/wp\/v2\/product_brand?post=11761"},{"taxonomy":"product_cat","embeddable":true,"href":"https:\/\/goelette.ca\/en\/wp-json\/wp\/v2\/product_cat?post=11761"},{"taxonomy":"product_tag","embeddable":true,"href":"https:\/\/goelette.ca\/en\/wp-json\/wp\/v2\/product_tag?post=11761"},{"taxonomy":"maison_dedition","embeddable":true,"href":"https:\/\/goelette.ca\/en\/wp-json\/wp\/v2\/maison_dedition?post=11761"}],"curies":[{"name":"wp","href":"https:\/\/api.w.org\/{rel}","templated":true}]}}