{"id":11752,"date":"2020-02-17T01:00:00","date_gmt":"2021-10-04T18:57:42","guid":{"rendered":"https:\/\/www.goelette.ca\/produit\/le-psychiatre\/"},"modified":"2024-06-05T15:37:36","modified_gmt":"2024-06-05T19:37:36","slug":"le-psychiatre","status":"publish","type":"product","link":"https:\/\/goelette.ca\/en\/tous-les-livres\/le-psychiatre\/","title":{"rendered":"Le psychiatre"},"content":{"rendered":"<p style=\"text-align: justify;\">Les r\u00eaves de Catherine Shield, une jeune et superbe actrice dont la carri\u00e8re bat de l\u2019aile, s\u2019effondrent lorsque son riche fianc\u00e9 rompt avec elle. Totalement d\u00e9sempar\u00e9e, elle essaie de mettre fin \u00e0 ses jours, sans succ\u00e8s. Elle commence donc une th\u00e9rapie avec Thomas Gibson, un psychiatre au charme incontestable, qui tente de la gu\u00e9rir du mal de vivre qui la ronge.<\/p>\n<p>Mais, un jour, Catherine est retrouv\u00e9e inconsciente dans la voiture du docteur Gibson. Le corps violent\u00e9 et les v\u00eatements d\u00e9chir\u00e9s, la jeune femme semble avoir \u00e9t\u00e9 victime d\u2019une sauvage agression. Le psychiatre est aussit\u00f4t soup\u00e7onn\u00e9 d\u2019en \u00eatre l\u2019auteur, sans pouvoir se d\u00e9fendre. Ni lui ni elle ne gardent de souvenirs de la journ\u00e9e fatidique. Un proc\u00e8s d\u2019envergure d\u00e9bute alors afin que la lumi\u00e8re soit faite sur cette sombre et myst\u00e9rieuse attaque.<\/p>\n<p>Dans <em>Le psychiatre<\/em>, Marc Fisher conjugue d\u2019une main de ma\u00eetre les ingr\u00e9dients qui ont fait sa renomm\u00e9e : drame bouleversant, psychologie humaine et suspense haletant. Romancier prolifique, conf\u00e9rencier et sc\u00e9nariste, Marc Fisher se passionne pour l\u2019\u00e9criture sous toutes ses formes depuis son plus jeune \u00e2ge. C\u2019est \u00e0 trente-quatre ans qu\u2019il r\u00e9alise son r\u00eave de vivre de sa plume, lorsqu\u2019il publie le premier titre de sa s\u00e9rie <em>Le Millionnaire<\/em>. V\u00e9ritable succ\u00e8s, cette s\u00e9rie gagne le coeur des lecteurs et s\u2019\u00e9coule \u00e0 plus de deux millions d\u2019exemplaires \u00e0 travers le monde, ouvrant ainsi la voie \u00e0 une longue carri\u00e8re d\u2019\u00e9crivain.<\/p>\n","protected":false},"excerpt":{"rendered":"<p>Les r\u00eaves de Catherine Shield, une jeune et superbe actrice dont la carri\u00e8re bat de l\u2019aile, s\u2019effondrent lorsque son riche fianc\u00e9 rompt avec elle. Totalement d\u00e9sempar\u00e9e, elle essaie de mettre fin \u00e0 ses jours, sans succ\u00e8s. Elle commence donc une th\u00e9rapie avec Thomas Gibson, un psychiatre au charme incontestable, qui tente de la gu\u00e9rir du [&hellip;]<\/p>\n","protected":false},"featured_media":11750,"template":"","meta":{"wds_primary_product_brand":0,"wds_primary_product_cat":0,"wds_primary_maison_dedition":0},"product_brand":[],"product_cat":[546,542],"product_tag":[],"maison_dedition":[541],"class_list":{"0":"post-11752","1":"product","2":"type-product","3":"status-publish","4":"has-post-thumbnail","6":"product_cat-policier-thriller","7":"product_cat-roman","8":"pa_auteur-marc-fisher","9":"maison_dedition-les-editions-coup-doeil","11":"first","12":"instock","13":"taxable","14":"shipping-taxable","15":"purchasable","16":"product-type-variable"},"bundled_by":[],"bundle_stock_status":"instock","bundle_stock_quantity":null,"bundle_virtual":false,"bundle_layout":"","bundle_add_to_cart_form_location":"","bundle_editable_in_cart":false,"bundle_sold_individually_context":"","bundle_item_grouping":"","bundle_min_size":"","bundle_max_size":"","bundle_price":[],"bundled_items":[],"bundle_sell_ids":[],"acf":[],"_links":{"self":[{"href":"https:\/\/goelette.ca\/en\/wp-json\/wp\/v2\/product\/11752","targetHints":{"allow":["GET"]}}],"collection":[{"href":"https:\/\/goelette.ca\/en\/wp-json\/wp\/v2\/product"}],"about":[{"href":"https:\/\/goelette.ca\/en\/wp-json\/wp\/v2\/types\/product"}],"wp:featuredmedia":[{"embeddable":true,"href":"https:\/\/goelette.ca\/en\/wp-json\/wp\/v2\/media\/11750"}],"wp:attachment":[{"href":"https:\/\/goelette.ca\/en\/wp-json\/wp\/v2\/media?parent=11752"}],"wp:term":[{"taxonomy":"product_brand","embeddable":true,"href":"https:\/\/goelette.ca\/en\/wp-json\/wp\/v2\/product_brand?post=11752"},{"taxonomy":"product_cat","embeddable":true,"href":"https:\/\/goelette.ca\/en\/wp-json\/wp\/v2\/product_cat?post=11752"},{"taxonomy":"product_tag","embeddable":true,"href":"https:\/\/goelette.ca\/en\/wp-json\/wp\/v2\/product_tag?post=11752"},{"taxonomy":"maison_dedition","embeddable":true,"href":"https:\/\/goelette.ca\/en\/wp-json\/wp\/v2\/maison_dedition?post=11752"}],"curies":[{"name":"wp","href":"https:\/\/api.w.org\/{rel}","templated":true}]}}