{"id":11746,"date":"2020-01-01T01:00:00","date_gmt":"2021-10-04T18:57:38","guid":{"rendered":"https:\/\/www.goelette.ca\/produit\/la-femme-rousse\/"},"modified":"2022-02-18T16:15:44","modified_gmt":"2022-02-18T21:15:44","slug":"la-femme-rousse","status":"publish","type":"product","link":"https:\/\/goelette.ca\/en\/tous-les-livres\/la-femme-rousse\/","title":{"rendered":"La femme rousse"},"content":{"rendered":"<p class=\"p1\" style=\"text-align: justify;\">Lors de l\u2019enterrement de sa m\u00e8re, Simon Bormes entrevoit une splendide femme rousse dans la limousine de son p\u00e8re. Suspicieux, il commence \u00e0 douter de l\u2019irr\u00e9prochabilit\u00e9 du patriarche des Bormes, une riche et influente famille de Montr\u00e9al. Que peut bien faire cette femme inconnue dans la voiture d\u2019un vieil homme malade ? Ont-ils quelque chose \u00e0 cacher ?<\/p>\n<p class=\"p1\" style=\"text-align: justify;\">Quelques jours plus tard, Simon croise \u00e0 nouveau cette femme sur le boulevard Saint-Laurent, et sa curiosit\u00e9 l\u2019emporte. Pour d\u00e9couvrir les secrets de la belle, il la suit et la charme. L\u2019existence de cette jeune libraire en est alors boulevers\u00e9e, d\u2019autant plus qu\u2019elle est victime d\u2019un myst\u00e9rieux harceleur qui semble en vouloir \u00e0 sa vie. Que restera-t-il du couple une fois la poussi\u00e8re retomb\u00e9e : l\u2019amour v\u00e9ritable ou la mort ?<\/p>\n<p class=\"p1\" style=\"text-align: justify;\">Dans La femme rousse, Marc Fisher entrecroise savamment le suspense propre au thriller, l\u2019\u00e9moi de la romance et la fine psychologie des romans modernes. Il nous convie dans un univers judicieusement \u00e9labor\u00e9, o\u00f9 \u00e9voluent des personnages particuli\u00e8rement intrigants.<\/p>\n","protected":false},"excerpt":{"rendered":"<p>Lors de l\u2019enterrement de sa m\u00e8re, Simon Bormes entrevoit une splendide femme rousse dans la limousine de son p\u00e8re. Suspicieux, il commence \u00e0 douter de l\u2019irr\u00e9prochabilit\u00e9 du patriarche des Bormes, une riche et influente famille de Montr\u00e9al. Que peut bien faire cette femme inconnue dans la voiture d\u2019un vieil homme malade ? Ont-ils quelque chose [&hellip;]<\/p>\n","protected":false},"featured_media":11744,"template":"","meta":{"wds_primary_product_brand":0,"wds_primary_product_cat":0,"wds_primary_maison_dedition":0},"product_brand":[],"product_cat":[546,542],"product_tag":[],"maison_dedition":[541],"class_list":{"0":"post-11746","1":"product","2":"type-product","3":"status-publish","4":"has-post-thumbnail","6":"product_cat-policier-thriller","7":"product_cat-roman","8":"pa_auteur-marc-fisher","9":"maison_dedition-les-editions-coup-doeil","11":"first","12":"instock","13":"taxable","14":"shipping-taxable","15":"purchasable","16":"product-type-variable"},"bundled_by":[],"bundle_stock_status":"instock","bundle_stock_quantity":null,"bundle_virtual":false,"bundle_layout":"","bundle_add_to_cart_form_location":"","bundle_editable_in_cart":false,"bundle_sold_individually_context":"","bundle_item_grouping":"","bundle_min_size":"","bundle_max_size":"","bundle_price":[],"bundled_items":[],"bundle_sell_ids":[],"acf":[],"_links":{"self":[{"href":"https:\/\/goelette.ca\/en\/wp-json\/wp\/v2\/product\/11746","targetHints":{"allow":["GET"]}}],"collection":[{"href":"https:\/\/goelette.ca\/en\/wp-json\/wp\/v2\/product"}],"about":[{"href":"https:\/\/goelette.ca\/en\/wp-json\/wp\/v2\/types\/product"}],"wp:featuredmedia":[{"embeddable":true,"href":"https:\/\/goelette.ca\/en\/wp-json\/wp\/v2\/media\/11744"}],"wp:attachment":[{"href":"https:\/\/goelette.ca\/en\/wp-json\/wp\/v2\/media?parent=11746"}],"wp:term":[{"taxonomy":"product_brand","embeddable":true,"href":"https:\/\/goelette.ca\/en\/wp-json\/wp\/v2\/product_brand?post=11746"},{"taxonomy":"product_cat","embeddable":true,"href":"https:\/\/goelette.ca\/en\/wp-json\/wp\/v2\/product_cat?post=11746"},{"taxonomy":"product_tag","embeddable":true,"href":"https:\/\/goelette.ca\/en\/wp-json\/wp\/v2\/product_tag?post=11746"},{"taxonomy":"maison_dedition","embeddable":true,"href":"https:\/\/goelette.ca\/en\/wp-json\/wp\/v2\/maison_dedition?post=11746"}],"curies":[{"name":"wp","href":"https:\/\/api.w.org\/{rel}","templated":true}]}}