{"id":11725,"date":"2021-03-01T01:00:00","date_gmt":"2021-10-04T18:57:14","guid":{"rendered":"https:\/\/www.goelette.ca\/produit\/le-coffre-a-desordre\/"},"modified":"2025-05-15T13:19:30","modified_gmt":"2025-05-15T17:19:30","slug":"le-coffre-a-desordre","status":"publish","type":"product","link":"https:\/\/goelette.ca\/en\/tous-les-livres\/le-coffre-a-desordre\/","title":{"rendered":"Le coffre \u00e0 d\u00e9sordre"},"content":{"rendered":"<p>Quel bazar ! Tous les jouets d\u2019\u00c9douard sont \u00e9tal\u00e9s sur le plancher<br \/>\nde sa chambre. Pourtant, le gar\u00e7on est convaincu de n\u2019avoir rien<br \/>\nlaiss\u00e9 tra\u00eener avant son d\u00e9part de la maison. Pour faire plaisir \u00e0 maman,<br \/>\nil range bien ses jouets dans son coffre, mais ils ne cessent de sortir<br \/>\n\u00e0 nouveau. Comment \u00c9douard r\u00e9glera-t-il<br \/>\nce probl\u00e8me emb\u00eatant ?<\/p>\n","protected":false},"excerpt":{"rendered":"<p>Quel bazar ! Tous les jouets d\u2019\u00c9douard sont \u00e9tal\u00e9s sur le plancher de sa chambre. Pourtant, le gar\u00e7on est convaincu de n\u2019avoir rien laiss\u00e9 tra\u00eener avant son d\u00e9part de la maison. Pour faire plaisir \u00e0 maman, il range bien ses jouets dans son coffre, mais ils ne cessent de sortir \u00e0 nouveau. Comment \u00c9douard r\u00e9glera-t-il [&hellip;]<\/p>\n","protected":false},"featured_media":11723,"template":"","meta":{"wds_primary_product_brand":0,"wds_primary_product_cat":0,"wds_primary_maison_dedition":0},"product_brand":[],"product_cat":[560,578,538],"product_tag":[],"maison_dedition":[541,584],"class_list":{"0":"post-11725","1":"product","2":"type-product","3":"status-publish","4":"has-post-thumbnail","6":"product_cat-3-5-ans","7":"product_cat-albums-illustres","8":"product_cat-jeunesse","9":"pa_auteur-marilou-charpentier","10":"pa_illustrateur-marie-pierre-emorine","11":"maison_dedition-les-editions-coup-doeil","12":"maison_dedition-petites-lectures","14":"first","15":"instock","16":"taxable","17":"shipping-taxable","18":"purchasable","19":"product-type-variable","20":"has-default-attributes"},"bundled_by":[],"bundle_stock_status":"instock","bundle_stock_quantity":null,"bundle_virtual":false,"bundle_layout":"","bundle_add_to_cart_form_location":"","bundle_editable_in_cart":false,"bundle_sold_individually_context":"","bundle_item_grouping":"","bundle_min_size":"","bundle_max_size":"","bundle_price":[],"bundled_items":[],"bundle_sell_ids":[],"acf":[],"_links":{"self":[{"href":"https:\/\/goelette.ca\/en\/wp-json\/wp\/v2\/product\/11725","targetHints":{"allow":["GET"]}}],"collection":[{"href":"https:\/\/goelette.ca\/en\/wp-json\/wp\/v2\/product"}],"about":[{"href":"https:\/\/goelette.ca\/en\/wp-json\/wp\/v2\/types\/product"}],"wp:featuredmedia":[{"embeddable":true,"href":"https:\/\/goelette.ca\/en\/wp-json\/wp\/v2\/media\/11723"}],"wp:attachment":[{"href":"https:\/\/goelette.ca\/en\/wp-json\/wp\/v2\/media?parent=11725"}],"wp:term":[{"taxonomy":"product_brand","embeddable":true,"href":"https:\/\/goelette.ca\/en\/wp-json\/wp\/v2\/product_brand?post=11725"},{"taxonomy":"product_cat","embeddable":true,"href":"https:\/\/goelette.ca\/en\/wp-json\/wp\/v2\/product_cat?post=11725"},{"taxonomy":"product_tag","embeddable":true,"href":"https:\/\/goelette.ca\/en\/wp-json\/wp\/v2\/product_tag?post=11725"},{"taxonomy":"maison_dedition","embeddable":true,"href":"https:\/\/goelette.ca\/en\/wp-json\/wp\/v2\/maison_dedition?post=11725"}],"curies":[{"name":"wp","href":"https:\/\/api.w.org\/{rel}","templated":true}]}}