{"id":11665,"date":"2019-12-01T01:00:00","date_gmt":"2021-10-04T18:56:11","guid":{"rendered":"https:\/\/www.goelette.ca\/produit\/les-anges-protecteurs\/"},"modified":"2023-12-06T12:04:12","modified_gmt":"2023-12-06T17:04:12","slug":"les-anges-protecteurs","status":"publish","type":"product","link":"https:\/\/goelette.ca\/en\/tous-les-livres\/les-anges-protecteurs\/","title":{"rendered":"Les anges protecteurs"},"content":{"rendered":"<p>Acc\u00e9dez \u00e0 la s\u00e9r\u00e9nit\u00e9 avec l&#8217;aide des anges. Laissez-les vous guider par leurs messages et leurs pri\u00e8res et ressentez leur \u00e9nergie positive vous traverser. Suivez les deux cartes d&#8217;instructions afin de communiquer sereinement avec les anges.<\/p>\n","protected":false},"excerpt":{"rendered":"<p>Acc\u00e9dez \u00e0 la s\u00e9r\u00e9nit\u00e9 avec l&#8217;aide des anges. Laissez-les vous guider par leurs messages et leurs pri\u00e8res et ressentez leur \u00e9nergie positive vous traverser. Suivez les deux cartes d&#8217;instructions afin de communiquer sereinement avec les anges.<\/p>\n","protected":false},"featured_media":11663,"template":"","meta":{"wds_primary_product_brand":0,"wds_primary_product_cat":0,"wds_primary_maison_dedition":0},"product_brand":[],"product_cat":[581],"product_tag":[],"maison_dedition":[541],"class_list":{"0":"post-11665","1":"product","2":"type-product","3":"status-publish","4":"has-post-thumbnail","6":"product_cat-esoterisme","7":"pa_auteur-collectif","8":"maison_dedition-les-editions-coup-doeil","10":"first","11":"instock","12":"taxable","13":"shipping-taxable","14":"purchasable","15":"product-type-variable"},"bundled_by":[],"bundle_stock_status":"instock","bundle_stock_quantity":null,"bundle_virtual":false,"bundle_layout":"","bundle_add_to_cart_form_location":"","bundle_editable_in_cart":false,"bundle_sold_individually_context":"","bundle_item_grouping":"","bundle_min_size":"","bundle_max_size":"","bundle_price":[],"bundled_items":[],"bundle_sell_ids":[],"acf":[],"_links":{"self":[{"href":"https:\/\/goelette.ca\/en\/wp-json\/wp\/v2\/product\/11665","targetHints":{"allow":["GET"]}}],"collection":[{"href":"https:\/\/goelette.ca\/en\/wp-json\/wp\/v2\/product"}],"about":[{"href":"https:\/\/goelette.ca\/en\/wp-json\/wp\/v2\/types\/product"}],"wp:featuredmedia":[{"embeddable":true,"href":"https:\/\/goelette.ca\/en\/wp-json\/wp\/v2\/media\/11663"}],"wp:attachment":[{"href":"https:\/\/goelette.ca\/en\/wp-json\/wp\/v2\/media?parent=11665"}],"wp:term":[{"taxonomy":"product_brand","embeddable":true,"href":"https:\/\/goelette.ca\/en\/wp-json\/wp\/v2\/product_brand?post=11665"},{"taxonomy":"product_cat","embeddable":true,"href":"https:\/\/goelette.ca\/en\/wp-json\/wp\/v2\/product_cat?post=11665"},{"taxonomy":"product_tag","embeddable":true,"href":"https:\/\/goelette.ca\/en\/wp-json\/wp\/v2\/product_tag?post=11665"},{"taxonomy":"maison_dedition","embeddable":true,"href":"https:\/\/goelette.ca\/en\/wp-json\/wp\/v2\/maison_dedition?post=11665"}],"curies":[{"name":"wp","href":"https:\/\/api.w.org\/{rel}","templated":true}]}}