{"id":11656,"date":"2019-12-01T01:00:00","date_gmt":"2019-12-01T06:00:00","guid":{"rendered":"https:\/\/www.goelette.ca\/produit\/biscuits-chinois\/"},"modified":"2024-01-04T11:42:50","modified_gmt":"2024-01-04T16:42:50","slug":"biscuits-chinois","status":"publish","type":"product","link":"https:\/\/goelette.ca\/en\/tous-les-livres\/biscuits-chinois\/","title":{"rendered":"Biscuits chinois"},"content":{"rendered":"<p>Comme au restaurant chinois, d\u00e9couvrez le message cach\u00e9 dans un biscuit en choisissant une carte au hasard. Laissez-vous inspirer par la pr\u00e9diction et d\u00e9couvrez vos num\u00e9ros chanceux. N&#8217;h\u00e9sitez pas \u00e0 faire piger une carte \u00e0 vos convives aussi!<\/p>\n","protected":false},"excerpt":{"rendered":"<p>Comme au restaurant chinois, d\u00e9couvrez le message cach\u00e9 dans un biscuit en choisissant une carte au hasard. Laissez-vous inspirer par la pr\u00e9diction et d\u00e9couvrez vos num\u00e9ros chanceux. N&#8217;h\u00e9sitez pas \u00e0 faire piger une carte \u00e0 vos convives aussi!<\/p>\n","protected":false},"featured_media":11654,"template":"","meta":{"wds_primary_product_brand":0,"wds_primary_product_cat":0,"wds_primary_maison_dedition":0},"product_brand":[],"product_cat":[594,592,557],"product_tag":[],"maison_dedition":[595],"class_list":{"0":"post-11656","1":"product","2":"type-product","3":"status-publish","4":"has-post-thumbnail","6":"product_cat-cartes-eclair","7":"product_cat-croissance-personnelle-pratique","8":"product_cat-pratique","9":"pa_auteur-collectif","10":"maison_dedition-cartes-eclair","12":"first","13":"instock","14":"taxable","15":"shipping-taxable","16":"purchasable","17":"product-type-variable"},"bundled_by":[],"bundle_stock_status":"instock","bundle_stock_quantity":null,"bundle_virtual":false,"bundle_layout":"","bundle_add_to_cart_form_location":"","bundle_editable_in_cart":false,"bundle_sold_individually_context":"","bundle_item_grouping":"","bundle_min_size":"","bundle_max_size":"","bundle_price":[],"bundled_items":[],"bundle_sell_ids":[],"acf":[],"_links":{"self":[{"href":"https:\/\/goelette.ca\/en\/wp-json\/wp\/v2\/product\/11656","targetHints":{"allow":["GET"]}}],"collection":[{"href":"https:\/\/goelette.ca\/en\/wp-json\/wp\/v2\/product"}],"about":[{"href":"https:\/\/goelette.ca\/en\/wp-json\/wp\/v2\/types\/product"}],"wp:featuredmedia":[{"embeddable":true,"href":"https:\/\/goelette.ca\/en\/wp-json\/wp\/v2\/media\/11654"}],"wp:attachment":[{"href":"https:\/\/goelette.ca\/en\/wp-json\/wp\/v2\/media?parent=11656"}],"wp:term":[{"taxonomy":"product_brand","embeddable":true,"href":"https:\/\/goelette.ca\/en\/wp-json\/wp\/v2\/product_brand?post=11656"},{"taxonomy":"product_cat","embeddable":true,"href":"https:\/\/goelette.ca\/en\/wp-json\/wp\/v2\/product_cat?post=11656"},{"taxonomy":"product_tag","embeddable":true,"href":"https:\/\/goelette.ca\/en\/wp-json\/wp\/v2\/product_tag?post=11656"},{"taxonomy":"maison_dedition","embeddable":true,"href":"https:\/\/goelette.ca\/en\/wp-json\/wp\/v2\/maison_dedition?post=11656"}],"curies":[{"name":"wp","href":"https:\/\/api.w.org\/{rel}","templated":true}]}}