{"id":116494,"date":"2024-05-31T14:48:52","date_gmt":"2024-05-31T18:48:52","guid":{"rendered":"https:\/\/goelette.ca\/?post_type=product&#038;p=116494"},"modified":"2025-05-15T14:34:42","modified_gmt":"2025-05-15T18:34:42","slug":"un-ami-pour-beatriz","status":"publish","type":"product","link":"https:\/\/goelette.ca\/en\/tous-les-livres\/un-ami-pour-beatriz\/","title":{"rendered":"Un ami pour B\u00e9atriz"},"content":{"rendered":"<p>Le devoir d&#8217;une mouche et d&#8217;\u00e9nerver les animaux ! Pourtant, B\u00e9atriz aimerait bien se faire un copain parmi ceux qui habitent sur la m\u00eame ferme qu&#8217;elle. Sa vie serait tellement moins ennuyeuse ! Mais qui est pr\u00eat \u00e0 se lier d&#8217;amiti\u00e9 avec une petite mouche ?<\/p>\n","protected":false},"excerpt":{"rendered":"<p>Le devoir d&#8217;une mouche et d&#8217;\u00e9nerver les animaux ! Pourtant, B\u00e9atriz aimerait bien se faire un copain parmi ceux qui habitent sur la m\u00eame ferme qu&#8217;elle. Sa vie serait tellement moins ennuyeuse ! Mais qui est pr\u00eat \u00e0 se lier d&#8217;amiti\u00e9 avec une petite mouche ?<\/p>\n","protected":false},"featured_media":116496,"template":"","meta":{"wds_primary_product_brand":0,"wds_primary_product_cat":0,"wds_primary_maison_dedition":0},"product_brand":[],"product_cat":[560,578,538],"product_tag":[],"maison_dedition":[541,584],"class_list":{"0":"post-116494","1":"product","2":"type-product","3":"status-publish","4":"has-post-thumbnail","6":"product_cat-3-5-ans","7":"product_cat-albums-illustres","8":"product_cat-jeunesse","9":"pa_auteur-annie-lanthier","10":"pa_illustrateur-sabrina-gendron","11":"maison_dedition-les-editions-coup-doeil","12":"maison_dedition-petites-lectures","14":"first","15":"instock","16":"taxable","17":"shipping-taxable","18":"purchasable","19":"product-type-variable","20":"has-default-attributes"},"bundled_by":[],"bundle_stock_status":"instock","bundle_stock_quantity":null,"bundle_virtual":false,"bundle_layout":"","bundle_add_to_cart_form_location":"","bundle_editable_in_cart":false,"bundle_sold_individually_context":"","bundle_item_grouping":"","bundle_min_size":"","bundle_max_size":"","bundle_price":[],"bundled_items":[],"bundle_sell_ids":[],"acf":[],"_links":{"self":[{"href":"https:\/\/goelette.ca\/en\/wp-json\/wp\/v2\/product\/116494","targetHints":{"allow":["GET"]}}],"collection":[{"href":"https:\/\/goelette.ca\/en\/wp-json\/wp\/v2\/product"}],"about":[{"href":"https:\/\/goelette.ca\/en\/wp-json\/wp\/v2\/types\/product"}],"wp:featuredmedia":[{"embeddable":true,"href":"https:\/\/goelette.ca\/en\/wp-json\/wp\/v2\/media\/116496"}],"wp:attachment":[{"href":"https:\/\/goelette.ca\/en\/wp-json\/wp\/v2\/media?parent=116494"}],"wp:term":[{"taxonomy":"product_brand","embeddable":true,"href":"https:\/\/goelette.ca\/en\/wp-json\/wp\/v2\/product_brand?post=116494"},{"taxonomy":"product_cat","embeddable":true,"href":"https:\/\/goelette.ca\/en\/wp-json\/wp\/v2\/product_cat?post=116494"},{"taxonomy":"product_tag","embeddable":true,"href":"https:\/\/goelette.ca\/en\/wp-json\/wp\/v2\/product_tag?post=116494"},{"taxonomy":"maison_dedition","embeddable":true,"href":"https:\/\/goelette.ca\/en\/wp-json\/wp\/v2\/maison_dedition?post=116494"}],"curies":[{"name":"wp","href":"https:\/\/api.w.org\/{rel}","templated":true}]}}