{"id":116490,"date":"2024-05-31T14:30:01","date_gmt":"2024-05-31T18:30:01","guid":{"rendered":"https:\/\/goelette.ca\/?post_type=product&#038;p=116490"},"modified":"2024-05-31T14:40:40","modified_gmt":"2024-05-31T18:40:40","slug":"le-dragon-qui-avait-perdu-une-dent","status":"publish","type":"product","link":"https:\/\/goelette.ca\/en\/tous-les-livres\/le-dragon-qui-avait-perdu-une-dent\/","title":{"rendered":"Le dragon qui avait perdu une dent"},"content":{"rendered":"<p>Oh non ! L\u00e9on est triste, car il a perdu une dent de lait. Pour le r\u00e9conforter, son ami Noisette l&#8217;\u00e9cureuil lui conseille de la placer sous son oreiller afin qu&#8217;une f\u00e9e vienne l&#8217;\u00e9changer contre un cadeau. Mais le jeune dragon a peur des f\u00e9es. Comment Lily parviendra-t-elle \u00e0 lui montrer qu&#8217;il n&#8217;a rien \u00e0 craindre ?<\/p>\n","protected":false},"excerpt":{"rendered":"<p>Oh non ! L\u00e9on est triste, car il a perdu une dent de lait. Pour le r\u00e9conforter, son ami Noisette l&#8217;\u00e9cureuil lui conseille de la placer sous son oreiller afin qu&#8217;une f\u00e9e vienne l&#8217;\u00e9changer contre un cadeau. Mais le jeune dragon a peur des f\u00e9es. Comment Lily parviendra-t-elle \u00e0 lui montrer qu&#8217;il n&#8217;a rien \u00e0 [&hellip;]<\/p>\n","protected":false},"featured_media":116492,"template":"","meta":{"wds_primary_product_brand":0,"wds_primary_product_cat":0,"wds_primary_maison_dedition":0},"product_brand":[],"product_cat":[578,538],"product_tag":[],"maison_dedition":[541],"class_list":{"0":"post-116490","1":"product","2":"type-product","3":"status-publish","4":"has-post-thumbnail","6":"product_cat-albums-illustres","7":"product_cat-jeunesse","8":"pa_auteur-catherine-girard-audet","9":"pa_illustrateur-sabrina-gendron","10":"maison_dedition-les-editions-coup-doeil","12":"first","13":"instock","14":"taxable","15":"shipping-taxable","16":"purchasable","17":"product-type-variable"},"bundled_by":[],"bundle_stock_status":"instock","bundle_stock_quantity":null,"bundle_virtual":false,"bundle_layout":"","bundle_add_to_cart_form_location":"","bundle_editable_in_cart":false,"bundle_sold_individually_context":"","bundle_item_grouping":"","bundle_min_size":"","bundle_max_size":"","bundle_price":[],"bundled_items":[],"bundle_sell_ids":[],"acf":[],"_links":{"self":[{"href":"https:\/\/goelette.ca\/en\/wp-json\/wp\/v2\/product\/116490","targetHints":{"allow":["GET"]}}],"collection":[{"href":"https:\/\/goelette.ca\/en\/wp-json\/wp\/v2\/product"}],"about":[{"href":"https:\/\/goelette.ca\/en\/wp-json\/wp\/v2\/types\/product"}],"wp:featuredmedia":[{"embeddable":true,"href":"https:\/\/goelette.ca\/en\/wp-json\/wp\/v2\/media\/116492"}],"wp:attachment":[{"href":"https:\/\/goelette.ca\/en\/wp-json\/wp\/v2\/media?parent=116490"}],"wp:term":[{"taxonomy":"product_brand","embeddable":true,"href":"https:\/\/goelette.ca\/en\/wp-json\/wp\/v2\/product_brand?post=116490"},{"taxonomy":"product_cat","embeddable":true,"href":"https:\/\/goelette.ca\/en\/wp-json\/wp\/v2\/product_cat?post=116490"},{"taxonomy":"product_tag","embeddable":true,"href":"https:\/\/goelette.ca\/en\/wp-json\/wp\/v2\/product_tag?post=116490"},{"taxonomy":"maison_dedition","embeddable":true,"href":"https:\/\/goelette.ca\/en\/wp-json\/wp\/v2\/maison_dedition?post=116490"}],"curies":[{"name":"wp","href":"https:\/\/api.w.org\/{rel}","templated":true}]}}